{"id":988,"date":"2023-09-05T16:42:24","date_gmt":"2023-09-05T14:42:24","guid":{"rendered":"http:\/\/www.lembach.fr\/mairie\/?page_id=988"},"modified":"2023-09-06T12:11:39","modified_gmt":"2023-09-06T10:11:39","slug":"carte-grise","status":"publish","type":"page","link":"https:\/\/www.lembach.fr\/mairie\/demarches-administratives\/carte-grise\/","title":{"rendered":"Certificat d\u2019immatriculation ANTS"},"content":{"rendered":"<div>\n<h2>La proc\u00e9dure de la carte grise, historiquement g\u00e9r\u00e9e par les pr\u00e9fectures, s\u2019effectue aujourd\u2019hui \u00e0 100% sur internet. D\u00e9sormais d\u00e9nomm\u00e9 certificat d\u2019immatriculation, ce document administratif peut \u00eatre obtenu sur le site officiel <a href=\"https:\/\/immatriculation.ants.gouv.fr\" target=\"_blank\" rel=\"noopener\">https:\/\/immatriculation.ants.gouv.fr<\/a><\/h2>\n<p>Certains lieux sont \u00e9galement d\u00e9di\u00e9s \u00e0 l\u2019accompagnement dans ces d\u00e9marches des personnes rencontrant des difficult\u00e9s \u00e0 les effectuer en ligne. Il s\u2019agit des maisons France Services, cr\u00e9\u00e9es par l\u2019Etat et permettant de recevoir l\u2019aide d\u2019un conseiller sp\u00e9cialis\u00e9. Cet accompagnement est totalement gratuit, que ce soit pour r\u00e9aliser une d\u00e9marche pour la carte grise ou une autre proc\u00e9dure administrative (permis de conduire, CNI, passeport, etc.).<\/p>\n<p>En 2023, suite \u00e0 la baisse du seuil du malus \u00e9cologique, le prix de votre carte grise pourra \u00eatre impact\u00e9 et augmenter. C\u2019est en effet le cas si le v\u00e9hicule dont vous faites l\u2019acquisition \u00e9met une quantit\u00e9 trop importante de gaz \u00e0 effet de serre : il sera donc consid\u00e9r\u00e9 comme trop polluant. De plus, il faudra prendre en compte l\u2019augmentation ou pas de la taxe r\u00e9gionale sur les v\u00e9hicules qui pourra \u00e9galement faire augmenter le prix de votre certificat d\u2019immatriculation en fonction de la r\u00e9gion dans laquelle vous choisissez d\u2019immatriculer votre v\u00e9hicule.<\/p>\n<p>Afin de consulter des informations suppl\u00e9mentaires sur ces nouveaut\u00e9s et des guides complets sur la proc\u00e9dure en ligne li\u00e9e \u00e0 la carte grise, vous pouvez vous rendre sur portail-cartegrise.fr. Ce site publie de nombreuses actualit\u00e9s et alerte sur l\u2019\u00e9volution de la d\u00e9marche. Enfin l\u2019ANTS propose des vid\u00e9os explicatives et des fiches informationnelles sur son site.<\/p>\n<p><a href=\"https:\/\/immatriculation.ants.gouv.fr\" target=\"_blank\" rel=\"noopener\"><img loading=\"lazy\" decoding=\"async\" class=\"aligncenter size-full wp-image-7686\" src=\"https:\/\/www.lembach.fr\/mairie\/wp-content\/uploads\/2023\/09\/demarches_CG.jpg\" alt=\"\" width=\"420\" height=\"600\" srcset=\"https:\/\/www.lembach.fr\/mairie\/wp-content\/uploads\/2023\/09\/demarches_CG.jpg 420w, https:\/\/www.lembach.fr\/mairie\/wp-content\/uploads\/2023\/09\/demarches_CG-210x300.jpg 210w\" sizes=\"auto, (max-width: 420px) 100vw, 420px\" \/><\/a><\/p>\n<div>\n<p>&nbsp;<\/p>\n<\/div>\n<\/div>\n","protected":false},"excerpt":{"rendered":"<p>La proc\u00e9dure de la carte grise, historiquement g\u00e9r\u00e9e par les pr\u00e9fectures, s\u2019effectue aujourd\u2019hui \u00e0 100% sur internet. D\u00e9sormais d\u00e9nomm\u00e9 certificat d\u2019immatriculation, ce document administratif peut \u00eatre obtenu sur le site officiel https:\/\/immatriculation.ants.gouv.fr Certains lieux sont \u00e9galement d\u00e9di\u00e9s \u00e0 l\u2019accompagnement dans ces d\u00e9marches des personnes rencontrant des difficult\u00e9s \u00e0 les effectuer en ligne. Il s\u2019agit des &hellip; <\/p>\n<p><a class=\"more-link btn\" href=\"https:\/\/www.lembach.fr\/mairie\/demarches-administratives\/carte-grise\/\">Lire la suite<\/a><\/p>\n","protected":false},"author":1,"featured_media":0,"parent":56,"menu_order":9,"comment_status":"closed","ping_status":"open","template":"","meta":{"footnotes":""},"class_list":["post-988","page","type-page","status-publish","hentry","nodate","item-wrap"],"_links":{"self":[{"href":"https:\/\/www.lembach.fr\/mairie\/wp-json\/wp\/v2\/pages\/988","targetHints":{"allow":["GET"]}}],"collection":[{"href":"https:\/\/www.lembach.fr\/mairie\/wp-json\/wp\/v2\/pages"}],"about":[{"href":"https:\/\/www.lembach.fr\/mairie\/wp-json\/wp\/v2\/types\/page"}],"author":[{"embeddable":true,"href":"https:\/\/www.lembach.fr\/mairie\/wp-json\/wp\/v2\/users\/1"}],"replies":[{"embeddable":true,"href":"https:\/\/www.lembach.fr\/mairie\/wp-json\/wp\/v2\/comments?post=988"}],"version-history":[{"count":2,"href":"https:\/\/www.lembach.fr\/mairie\/wp-json\/wp\/v2\/pages\/988\/revisions"}],"predecessor-version":[{"id":7687,"href":"https:\/\/www.lembach.fr\/mairie\/wp-json\/wp\/v2\/pages\/988\/revisions\/7687"}],"up":[{"embeddable":true,"href":"https:\/\/www.lembach.fr\/mairie\/wp-json\/wp\/v2\/pages\/56"}],"wp:attachment":[{"href":"https:\/\/www.lembach.fr\/mairie\/wp-json\/wp\/v2\/media?parent=988"}],"curies":[{"name":"wp","href":"https:\/\/api.w.org\/{rel}","templated":true}]}}