{"id":93,"date":"2012-05-05T14:04:17","date_gmt":"2012-05-05T14:04:17","guid":{"rendered":"http:\/\/www.lembach.fr\/mairie\/?page_id=93"},"modified":"2022-01-27T09:50:45","modified_gmt":"2022-01-27T08:50:45","slug":"electricite","status":"publish","type":"page","link":"https:\/\/www.lembach.fr\/mairie\/reseaux\/electricite\/","title":{"rendered":"Electricit\u00e9"},"content":{"rendered":"<h2 style=\"text-align: center;\">Adresse de votre agence<br \/>\nES Energies la plus proche de Lembach<\/h2>\n<p class=\"nom-agence\">ES Energies est le fournisseur historique d&rsquo;\u00e9lectricit\u00e9 de la commune de ES Energies. Cela signifie qu&rsquo;EDF n&rsquo;est pas actif dans cette commune. On appelle ce type de monopole locale une entreprise locale de distribution (ELD).<\/p>\n<p style=\"text-align: center;\">L&rsquo;adresse de l&rsquo;agence ES Energies est:<\/p>\n<p style=\"text-align: center;\"><strong> 24 boulevard du Pr\u00e9sident Wilson<br \/>\n67000 Strasbourg<\/strong><\/p>\n<p style=\"text-align: center;\"><img loading=\"lazy\" decoding=\"async\" class=\"size-full wp-image-374 aligncenter\" style=\"border: 0pt none;\" src=\"http:\/\/www.lembach.fr\/mairie\/wp-content\/uploads\/2012\/05\/light-bulb-icon.png\" alt=\"\" width=\"128\" height=\"128\" \/><\/p>\n<p style=\"text-align: center;\">&#8212;&#8212;&#8212;&#8212;&#8212;&#8212;&#8212;&#8212;&#8212;&#8212;&#8212;&#8211;<\/p>\n<p>Pour disposer d\u2019un branchement provisoire au r\u00e9seau \u00e9lectrique, le demandeur devra suivre la proc\u00e9dure indiqu\u00e9e sur la page ci-dessous :<\/p>\n<p>&nbsp;<\/p>\n<p style=\"text-align: center;\"><strong><span style=\"text-decoration: underline;\"><a href=\"http:\/\/particuliers.es-energies.fr\/electricite\/le-raccordement\/branchement-provisoire\" target=\"_blank\" rel=\"noopener\">Branchement provisoire d\u2019\u00c9lectricit\u00e9 de Strasbourg<\/a><\/span><\/strong><\/p>\n<p>&nbsp;<\/p>\n<p dir=\"ltr\"><strong>Comment faire poser un nouveau compteur ou avoir un compteur provisoire ?<\/strong><\/p>\n<p dir=\"ltr\">D\u00e8s qu\u2019il s\u2019ag\u00eet du compteur, c\u2019est aupr\u00e8s du gestionnaire de r\u00e9seaux qu\u2019il faut effectuer la demande. En effet, un \u00e9lectricien ind\u00e9pendant n\u2019est pas habilit\u00e9 \u00e0 manipuler les compteurs.<\/p>\n<p dir=\"ltr\">Si un particulier souhaite poser un nouveau compteur dans son logement, ou s\u2019il effectue des travaux et souhaite modifier l\u2019installation du compteur (comme par exemple pour le d\u00e9placer), il doit effectuer la demande sur <a href=\"https:\/\/www.es.fr\/\" target=\"_blank\" rel=\"noopener\">le site du gestionnaire de r\u00e9seaux<\/a>. Une fois votre demande compl\u00e9t\u00e9e et envoy\u00e9e, le gestionnaire envoie un devis au client, en indiquant le montant \u00e0 payer et les d\u00e9lais d\u2019intervention.<\/p>\n<p dir=\"ltr\">Si le client est d\u2019accord, il doit alors l\u2019accepter et proc\u00e9der au paiement.\u00a0 Avant que le gestionnaire ne puisse mettre l\u2019\u00e9lectricit\u00e9 en service, le client devra obtenir le certificat de conformit\u00e9 de son installation int\u00e9rieure d\u2019\u00e9lectricit\u00e9 et ouvrir un contrat d\u2019\u00e9lectricit\u00e9 chez \u00c9S ou Ekwateur.<\/p>\n<p dir=\"ltr\">Les techniciens pourront alors intervenir pour mettre le compteur en service.\u00a0 Lors de la mise en service, il faudra indiquer au technicien la puissance souhait\u00e9e pour le compteur ainsi que l\u2019option tarifaire d\u00e9sir\u00e9e <a href=\"https:\/\/www.fournisseurs-electricite.com\/guides\/prix\/heures-creuses\/avis\" target=\"_blank\" rel=\"noopener\">(base ou heures pleines\/heures creuses)<\/a>. Il est important de se poser la question en amont des habitudes de consommation qu\u2019on aura.<\/p>\n<p dir=\"ltr\">En effet, les justes puissances et options tarifaires associ\u00e9es <a href=\"https:\/\/www.kelwatt.fr\/guide\/economies-energie\/reduire-facture-electricite\" target=\"_blank\" rel=\"noopener\">aux gestes \u00e0 conna\u00eetre pour \u00e9conomiser en \u00e9nergie dans chaque pi\u00e8ce de la maison<\/a> permettent d\u2019avoir une facture d\u2019\u00e9lectricit\u00e9 mod\u00e9r\u00e9e.<\/p>\n<p>&nbsp;<\/p>\n<p style=\"text-align: center;\"><img loading=\"lazy\" decoding=\"async\" class=\"aligncenter size-full wp-image-2143\" style=\"border: 0px none;\" src=\"http:\/\/www.lembach.fr\/mairie\/wp-content\/uploads\/2012\/05\/electricite.jpg\" alt=\"Electrical cable on White background\" width=\"300\" height=\"201\" \/><\/p>\n<p>&nbsp;<\/p>\n","protected":false},"excerpt":{"rendered":"<p>Adresse de votre agence ES Energies la plus proche de Lembach ES Energies est le fournisseur historique d&rsquo;\u00e9lectricit\u00e9 de la commune de ES Energies. Cela signifie qu&rsquo;EDF n&rsquo;est pas actif dans cette commune. On appelle ce type de monopole locale une entreprise locale de distribution (ELD). L&rsquo;adresse de l&rsquo;agence ES Energies est: 24 boulevard du &hellip; <\/p>\n<p><a class=\"more-link btn\" href=\"https:\/\/www.lembach.fr\/mairie\/reseaux\/electricite\/\">Lire la suite<\/a><\/p>\n","protected":false},"author":1,"featured_media":0,"parent":86,"menu_order":1,"comment_status":"closed","ping_status":"open","template":"","meta":{"footnotes":""},"class_list":["post-93","page","type-page","status-publish","hentry","nodate","item-wrap"],"_links":{"self":[{"href":"https:\/\/www.lembach.fr\/mairie\/wp-json\/wp\/v2\/pages\/93","targetHints":{"allow":["GET"]}}],"collection":[{"href":"https:\/\/www.lembach.fr\/mairie\/wp-json\/wp\/v2\/pages"}],"about":[{"href":"https:\/\/www.lembach.fr\/mairie\/wp-json\/wp\/v2\/types\/page"}],"author":[{"embeddable":true,"href":"https:\/\/www.lembach.fr\/mairie\/wp-json\/wp\/v2\/users\/1"}],"replies":[{"embeddable":true,"href":"https:\/\/www.lembach.fr\/mairie\/wp-json\/wp\/v2\/comments?post=93"}],"version-history":[{"count":0,"href":"https:\/\/www.lembach.fr\/mairie\/wp-json\/wp\/v2\/pages\/93\/revisions"}],"up":[{"embeddable":true,"href":"https:\/\/www.lembach.fr\/mairie\/wp-json\/wp\/v2\/pages\/86"}],"wp:attachment":[{"href":"https:\/\/www.lembach.fr\/mairie\/wp-json\/wp\/v2\/media?parent=93"}],"curies":[{"name":"wp","href":"https:\/\/api.w.org\/{rel}","templated":true}]}}