{"id":91,"date":"2012-05-05T14:03:44","date_gmt":"2012-05-05T14:03:44","guid":{"rendered":"http:\/\/www.lembach.fr\/mairie\/?page_id=91"},"modified":"2017-10-22T12:48:52","modified_gmt":"2017-10-22T11:48:52","slug":"assainissement","status":"publish","type":"page","link":"https:\/\/www.lembach.fr\/mairie\/reseaux\/assainissement\/","title":{"rendered":"Assainissement"},"content":{"rendered":"<p><a href=\"http:\/\/www.lembach.fr\/mairie\/wp-content\/uploads\/2012\/05\/2015-Rapport-annuel-assainissement-Sauer-Pechelbronn.pdf\"><span style=\"color: black; font-family: 'Arial',sans-serif;\">Rapport annuel <\/span><\/a><span style=\"font-family: 'Arial',sans-serif;\">2015 sur la qualit\u00e9 et le prix du service public d\u2019assainissement secteur Sauer-Pechelbronn : <a href=\"http:\/\/www.lembach.fr\/mairie\/wp-content\/uploads\/2012\/05\/2015-Rapport-annuel-assainissement-Sauer-Pechelbronn.pdf\">ici<\/a><\/span><\/p>\n<p><a href=\"http:\/\/www.sdea.fr\/\" target=\"_blank\" rel=\"noopener\"><img loading=\"lazy\" decoding=\"async\" class=\"wp-image-1004 aligncenter\" style=\"border: 0pt none;\" src=\"http:\/\/www.lembach.fr\/mairie\/wp-content\/uploads\/2012\/05\/logo_sdea.jpg\" alt=\"\" width=\"134\" height=\"100\" \/><\/a>Le SDEA g\u00e8re le r\u00e9seau d\u2019assainissement.<\/p>\n<p>Toute demande de branchement au r\u00e9seau public d\u2019assainissement, toute installation d\u2019assainissement non collectif devront \u00eatre adress\u00e9es \u00e0 la mairie qui transmettra au SDEA.<\/p>\n<p>La redevance de pollution domestique et la redevance pour la modernisation des r\u00e9seaux de collecte sont fix\u00e9es par l\u2019Agence de l\u2019Eau Rhin Meuse ; elles s&rsquo;\u00e9l\u00e8vent \u00e0 0,35 \u20ac \/ m3 pour 2017.<\/p>\n<p style=\"text-align: center;\">\n<div class=\"alert alert-success\" role=\"alert\"><p class=\"printonly\"><strong>Important!<\/strong><\/p>\n<p style=\"text-align: center;\" class=\"first-p\"><strong>SDEA HAGUENAU<br \/>\n<\/strong>3 rue des Sapeurs<br \/>\n67500 HAGUENAU<\/p>\n<p style=\"text-align: center;\">Ouverture au public :<\/p>\n<p style=\"text-align: center;\">du lundi au vendredi de 7h30 \u00e0 12h15 et de 13h15 \u00e0 17h30<\/p>\n<p style=\"text-align: center;\">Accueil abonn\u00e9s :03.88.05.32.32<br \/>\nAccueil branchements :03.88.05.32.80<br \/>\nURGENCES 24h\/24h : 03.88.19.97.09<\/p>\n<p style=\"text-align: center;\"><a href=\"http:\/\/www.sdea.fr\/\" target=\"_blank\" rel=\"noopener\">http:\/\/www.sdea.fr<\/a><\/p>\n<\/div>\n<p style=\"text-align: center;\">\n<p style=\"text-align: center;\">\n","protected":false},"excerpt":{"rendered":"<p>Rapport annuel 2015 sur la qualit\u00e9 et le prix du service public d\u2019assainissement secteur Sauer-Pechelbronn : ici Le SDEA g\u00e8re le r\u00e9seau d\u2019assainissement. Toute demande de branchement au r\u00e9seau public d\u2019assainissement, toute installation d\u2019assainissement non collectif devront \u00eatre adress\u00e9es \u00e0 la mairie qui transmettra au SDEA. La redevance de pollution domestique et la redevance pour &hellip; <\/p>\n<p><a class=\"more-link btn\" href=\"https:\/\/www.lembach.fr\/mairie\/reseaux\/assainissement\/\">Lire la suite<\/a><\/p>\n","protected":false},"author":1,"featured_media":0,"parent":86,"menu_order":6,"comment_status":"closed","ping_status":"open","template":"","meta":{"footnotes":""},"class_list":["post-91","page","type-page","status-publish","hentry","nodate","item-wrap"],"_links":{"self":[{"href":"https:\/\/www.lembach.fr\/mairie\/wp-json\/wp\/v2\/pages\/91","targetHints":{"allow":["GET"]}}],"collection":[{"href":"https:\/\/www.lembach.fr\/mairie\/wp-json\/wp\/v2\/pages"}],"about":[{"href":"https:\/\/www.lembach.fr\/mairie\/wp-json\/wp\/v2\/types\/page"}],"author":[{"embeddable":true,"href":"https:\/\/www.lembach.fr\/mairie\/wp-json\/wp\/v2\/users\/1"}],"replies":[{"embeddable":true,"href":"https:\/\/www.lembach.fr\/mairie\/wp-json\/wp\/v2\/comments?post=91"}],"version-history":[{"count":0,"href":"https:\/\/www.lembach.fr\/mairie\/wp-json\/wp\/v2\/pages\/91\/revisions"}],"up":[{"embeddable":true,"href":"https:\/\/www.lembach.fr\/mairie\/wp-json\/wp\/v2\/pages\/86"}],"wp:attachment":[{"href":"https:\/\/www.lembach.fr\/mairie\/wp-json\/wp\/v2\/media?parent=91"}],"curies":[{"name":"wp","href":"https:\/\/api.w.org\/{rel}","templated":true}]}}