{"id":82,"date":"2012-05-05T14:00:47","date_gmt":"2012-05-05T14:00:47","guid":{"rendered":"http:\/\/www.lembach.fr\/mairie\/?page_id=82"},"modified":"2016-11-22T17:23:43","modified_gmt":"2016-11-22T16:23:43","slug":"autorisation-de-sortie-de-territoire","status":"publish","type":"page","link":"https:\/\/www.lembach.fr\/mairie\/demarches-administratives\/autorisation-de-sortie-de-territoire\/","title":{"rendered":"Sortie de territoire"},"content":{"rendered":"<p>Depuis le 1er janvier 2013, un mineur\u00a0non accompagn\u00e9 par\u00a0ses parents peut sortir du territoire fran\u00e7ais avec une carte nationale d&rsquo;identit\u00e9 ou un passeport.<\/p>\n<p>L&rsquo;autorisation de sortie de territoire\u00a0<span style=\"text-decoration: underline;\">n&rsquo;est plus obligatoire<\/span> et <span style=\"text-decoration: underline;\">n&rsquo;est plus d\u00e9livr\u00e9e<\/span> depuis cette date.<\/p>\n<p>Les parents des enfants qui participent aux sorties \u00e0 l&rsquo;\u00e9tranger \u00e0 l&rsquo;occasion des \u00e9changes franco-allemands organis\u00e9s dans le cadre scolaire doivent donc fournir aux enseignants les cartes d&rsquo;identit\u00e9. Tout \u00e9l\u00e8ve n&rsquo;ayant pas ce document se verra refuser la participation \u00e0 la sortie.<\/p>\n<h1 style=\"text-align: center;\">DERNIERE MINUTE !<\/h1>\n<p>L&rsquo;autorisation de sortie du territoire d&rsquo;un mineur non accompagn\u00e9 par un titulaire de l&rsquo;autorit\u00e9 parentale <b><span style=\"text-decoration: underline;\">sera r\u00e9tablie<\/span> : <\/b><\/p>\n<p><span style=\"text-decoration: underline;\"><b>\u00e0 partir du <\/b><b>15 janvier 2017<\/b><\/span>.\u00a0Pi\u00e8ces\u00a0\u00e0 fournir :<\/p>\n<ul>\n<li>Pi\u00e8ce d\u2019identit\u00e9 du mineur\u00a0: carte d&rsquo;identit\u00e9 ou passeport<\/li>\n<li>Formulaire sign\u00e9 par l&rsquo;un des parents titulaire de l&rsquo;autorit\u00e9 parentale (pas encore disponible au 22\/11\/2016)<\/li>\n<li>Photocopie du titre d&rsquo;identit\u00e9 du parent signataire<\/li>\n<\/ul>\n<p><img loading=\"lazy\" decoding=\"async\" class=\"size-full wp-image-4222 aligncenter\" src=\"http:\/\/www.lembach.fr\/mairie\/wp-content\/uploads\/2012\/05\/autorisation-sortie-territoire.png\" alt=\"autorisation-sortie-territoire\" width=\"171\" height=\"184\" \/><\/p>\n<p style=\"text-align: center;\">\n","protected":false},"excerpt":{"rendered":"<p>Depuis le 1er janvier 2013, un mineur\u00a0non accompagn\u00e9 par\u00a0ses parents peut sortir du territoire fran\u00e7ais avec une carte nationale d&rsquo;identit\u00e9 ou un passeport. L&rsquo;autorisation de sortie de territoire\u00a0n&rsquo;est plus obligatoire et n&rsquo;est plus d\u00e9livr\u00e9e depuis cette date. Les parents des enfants qui participent aux sorties \u00e0 l&rsquo;\u00e9tranger \u00e0 l&rsquo;occasion des \u00e9changes franco-allemands organis\u00e9s dans le &hellip; <\/p>\n<p><a class=\"more-link btn\" href=\"https:\/\/www.lembach.fr\/mairie\/demarches-administratives\/autorisation-de-sortie-de-territoire\/\">Lire la suite<\/a><\/p>\n","protected":false},"author":1,"featured_media":0,"parent":56,"menu_order":1,"comment_status":"closed","ping_status":"open","template":"","meta":{"footnotes":""},"class_list":["post-82","page","type-page","status-publish","hentry","nodate","item-wrap"],"_links":{"self":[{"href":"https:\/\/www.lembach.fr\/mairie\/wp-json\/wp\/v2\/pages\/82","targetHints":{"allow":["GET"]}}],"collection":[{"href":"https:\/\/www.lembach.fr\/mairie\/wp-json\/wp\/v2\/pages"}],"about":[{"href":"https:\/\/www.lembach.fr\/mairie\/wp-json\/wp\/v2\/types\/page"}],"author":[{"embeddable":true,"href":"https:\/\/www.lembach.fr\/mairie\/wp-json\/wp\/v2\/users\/1"}],"replies":[{"embeddable":true,"href":"https:\/\/www.lembach.fr\/mairie\/wp-json\/wp\/v2\/comments?post=82"}],"version-history":[{"count":0,"href":"https:\/\/www.lembach.fr\/mairie\/wp-json\/wp\/v2\/pages\/82\/revisions"}],"up":[{"embeddable":true,"href":"https:\/\/www.lembach.fr\/mairie\/wp-json\/wp\/v2\/pages\/56"}],"wp:attachment":[{"href":"https:\/\/www.lembach.fr\/mairie\/wp-json\/wp\/v2\/media?parent=82"}],"curies":[{"name":"wp","href":"https:\/\/api.w.org\/{rel}","templated":true}]}}