{"id":74,"date":"2012-05-05T13:58:28","date_gmt":"2012-05-05T13:58:28","guid":{"rendered":"http:\/\/www.lembach.fr\/mairie\/?page_id=74"},"modified":"2012-06-10T16:42:54","modified_gmt":"2012-06-10T14:42:54","slug":"mariage","status":"publish","type":"page","link":"https:\/\/www.lembach.fr\/mairie\/demarches-administratives\/mariage\/","title":{"rendered":"Mariage"},"content":{"rendered":"<ul>\n<li>\n<h4>C\u00e9l\u00e9bration de mariage<\/h4>\n<\/li>\n<\/ul>\n<p>Vous envisagez de vous marier ?<\/p>\n<p>Le mariage est d\u00e9termin\u00e9 par le lieu de domicile. Pour se marier \u00e0 LEMBACH, l\u2019un des futurs \u00e9poux doit y avoir son domicile ou sa r\u00e9sidence depuis au moins un mois \u00e0 la date de publication des bans.<\/p>\n<p>Renseignez-vous \u00e0 la Mairie pour la constitution du dossier et convenir des date et heure de c\u00e9l\u00e9bration.<\/p>\n<ul>\n<li>\n<h4>Demande acte de mariage<\/h4>\n<\/li>\n<\/ul>\n<p>La copie int\u00e9grale et l\u2019extrait avec filiation comportent des informations sur les \u00e9poux (nom, pr\u00e9noms, date et lieu de naissance), des informations sur leurs parents et les mentions marginales lorsqu\u2019elles existent.<\/p>\n<p>L\u2019extrait sans filiation comporte uniquement les informations sur les \u00e9poux, et les mentions marginales lorsqu\u2019elles existent.<\/p>\n<p><strong>Qui peut faire la demande ?<\/strong><\/p>\n<p>Pour une copie int\u00e9grale ou un extrait AVEC filiation :<\/p>\n<ul>\n<li>chacun des \u00e9poux,<\/li>\n<li>\u00a0leurs ascendants (parents, grands-parents) ou descendants mineurs (enfants, petits-enfants),<\/li>\n<li>certains professionnels lorsqu\u2019un texte les y autorise (avocats, pour le compte de leur client par exemple)<\/li>\n<\/ul>\n<p>Pour l\u2019extrait SANS filiation :<\/p>\n<ul>\n<li>toute personne, sans avoir \u00e0 justifier sa demande ou sa qualit\u00e9.<\/li>\n<\/ul>\n<p>&nbsp;<\/p>\n<p style=\"text-align: center;\"><a href=\"http:\/\/www.lembach.fr\/mairie\/wp-content\/uploads\/2012\/05\/icon_marriage-matters.jpg\"><img loading=\"lazy\" decoding=\"async\" class=\"size-full wp-image-638 aligncenter\" style=\"border: 0pt none;\" src=\"http:\/\/www.lembach.fr\/mairie\/wp-content\/uploads\/2012\/05\/icon_marriage-matters.jpg\" alt=\"\" width=\"128\" height=\"88\" \/><\/a><\/p>\n","protected":false},"excerpt":{"rendered":"<p>C\u00e9l\u00e9bration de mariage Vous envisagez de vous marier ? Le mariage est d\u00e9termin\u00e9 par le lieu de domicile. Pour se marier \u00e0 LEMBACH, l\u2019un des futurs \u00e9poux doit y avoir son domicile ou sa r\u00e9sidence depuis au moins un mois \u00e0 la date de publication des bans. Renseignez-vous \u00e0 la Mairie pour la constitution du &hellip; <\/p>\n<p><a class=\"more-link btn\" href=\"https:\/\/www.lembach.fr\/mairie\/demarches-administratives\/mariage\/\">Lire la suite<\/a><\/p>\n","protected":false},"author":1,"featured_media":0,"parent":56,"menu_order":2,"comment_status":"closed","ping_status":"open","template":"","meta":{"footnotes":""},"class_list":["post-74","page","type-page","status-publish","hentry","nodate","item-wrap"],"_links":{"self":[{"href":"https:\/\/www.lembach.fr\/mairie\/wp-json\/wp\/v2\/pages\/74","targetHints":{"allow":["GET"]}}],"collection":[{"href":"https:\/\/www.lembach.fr\/mairie\/wp-json\/wp\/v2\/pages"}],"about":[{"href":"https:\/\/www.lembach.fr\/mairie\/wp-json\/wp\/v2\/types\/page"}],"author":[{"embeddable":true,"href":"https:\/\/www.lembach.fr\/mairie\/wp-json\/wp\/v2\/users\/1"}],"replies":[{"embeddable":true,"href":"https:\/\/www.lembach.fr\/mairie\/wp-json\/wp\/v2\/comments?post=74"}],"version-history":[{"count":0,"href":"https:\/\/www.lembach.fr\/mairie\/wp-json\/wp\/v2\/pages\/74\/revisions"}],"up":[{"embeddable":true,"href":"https:\/\/www.lembach.fr\/mairie\/wp-json\/wp\/v2\/pages\/56"}],"wp:attachment":[{"href":"https:\/\/www.lembach.fr\/mairie\/wp-json\/wp\/v2\/media?parent=74"}],"curies":[{"name":"wp","href":"https:\/\/api.w.org\/{rel}","templated":true}]}}