{"id":5606,"date":"2019-03-20T19:17:51","date_gmt":"2019-03-20T18:17:51","guid":{"rendered":"https:\/\/www.lembach.fr\/mairie\/?page_id=5606"},"modified":"2019-03-20T19:59:39","modified_gmt":"2019-03-20T18:59:39","slug":"video-appolo-9-un-alsacien-dans-lespace","status":"publish","type":"page","link":"https:\/\/www.lembach.fr\/mairie\/galerie-photo\/videos\/video-appolo-9-un-alsacien-dans-lespace\/","title":{"rendered":"Vid\u00e9o : \u00ab\u00a0Appolo 9 &#8211; un Alsacien dans l&rsquo;espace\u00a0\u00bb"},"content":{"rendered":"<h3>Il y a cinquante ans, d\u00e9collait de Cap Canaveral, en Floride, la fus\u00e9e Apollo 9 avec \u00e0 son bord un astronaute d&rsquo;origine alsacienne, Russell Schweickart. Apr\u00e8s son retour sur terre, Russell est revenu plusieurs fois sur les traces de ses anc\u00eatres \u00e0 Lembach.<\/h3>\n<p>Le 3 mars 1969 d\u00e9collait de Cap Canaveral en Floride, la fus\u00e9e Apollo 9, avec \u00e0 son bord, trois astronautes, <strong>James Mc Divitt, David Scott et Russell Schweickart,<\/strong> petit-fils d&rsquo;immigrants alsaciens. Durant dix jours, l\u2019\u00e9quipage a test\u00e9, en orbite terrestre, le train spatial \u00e0 destination de la Lune.<\/p>\n<p>Apr\u00e8s cinq ann\u00e9es d\u2019entra\u00eenement et plusieurs milliers d\u2019heures pass\u00e9es en simulateur, les trois astronautes aguerris ont d\u00e9but\u00e9 la mission par une premi\u00e8re man\u0153uvre d\u00e9licate. Celle-ci consistait \u00e0 s\u00e9parer le vaisseau principal du 3e \u00e9tage de la fus\u00e9e, pour l\u2019arrimer au module lunaire <strong>L.E.M<\/strong>. (Lunar Excursion Module).<\/p>\n<h4>M\u00eame scaphandre que Neil Armstrong<\/h4>\n<p>Le 6 mars, Russell Schweickart, r\u00e9alise une sortie dans l\u2019espace, une sortie extrav\u00e9hiculaire longue de 46 minutes. Lors de cette op\u00e9ration, il teste le scaphandre qui sera utilis\u00e9 quelques mois plus tard, en 1969 par <strong>Neil Armstrong<\/strong>, lors de ses premiers pas sur la Lune. Apr\u00e8s 151 r\u00e9volutions, les trois astronautes d\u2019Apollo 9 retrouvent le sol terrestre, sains et saufs. L&rsquo;op\u00e9ration est un succ\u00e8s.<\/p>\n<p><img loading=\"lazy\" decoding=\"async\" class=\"aligncenter size-full wp-image-5607\" src=\"https:\/\/www.lembach.fr\/mairie\/wp-content\/uploads\/2019\/03\/equipage_appolo_9.jpg\" alt=\"\" width=\"500\" height=\"370\" srcset=\"https:\/\/www.lembach.fr\/mairie\/wp-content\/uploads\/2019\/03\/equipage_appolo_9.jpg 500w, https:\/\/www.lembach.fr\/mairie\/wp-content\/uploads\/2019\/03\/equipage_appolo_9-300x222.jpg 300w\" sizes=\"auto, (max-width: 500px) 100vw, 500px\" \/><\/p>\n<p>A Lembach, tous les regards sont alors tourn\u00e9s vers la Lune. Russell Schweickart, ne se doute pas alors, que cette mission spatiale a \u00e9t\u00e9 suivie avec ferveur, \u00e0 des milliers de kilom\u00e8tres de l\u00e0, par les habitants de Lembach.<br \/>\nC&rsquo;est de ce village du nord de l&rsquo;Alsace qu&rsquo;est originaire son grand-p\u00e8re <strong>Jacques Schweickart<\/strong>, serrurier et marchand de fers. Ce dernier avait migr\u00e9 en Am\u00e9rique en 1892. Son \u00e9pouse <strong>Louise<\/strong>, \u00e9galement originaire de Lembach, l\u2019avait rejoint douze ans plus tard.<\/p>\n<p style=\"text-align: center;\"><img loading=\"lazy\" decoding=\"async\" class=\"aligncenter size-full wp-image-5608\" src=\"https:\/\/www.lembach.fr\/mairie\/wp-content\/uploads\/2019\/03\/famille_schweickart.jpeg\" alt=\"\" width=\"500\" height=\"336\" srcset=\"https:\/\/www.lembach.fr\/mairie\/wp-content\/uploads\/2019\/03\/famille_schweickart.jpeg 500w, https:\/\/www.lembach.fr\/mairie\/wp-content\/uploads\/2019\/03\/famille_schweickart-300x202.jpeg 300w\" sizes=\"auto, (max-width: 500px) 100vw, 500px\" \/><em><span style=\"text-decoration: underline;\">La famille en allant \u00e0 l&rsquo;\u00e9glise le dimanche<\/span> :<\/em><br \/>\n<em>\u00e0 l&rsquo;arri\u00e8re de gauche \u00e0 droite : Tante Katherine, Oncle Gus, Grand-m\u00e8re\u00a0 Louise, Papa George, Maman Muriel Au premier plan de gauche \u00e0 droite :\u00a0 la s\u0153ur Janet, Russel<\/em><br \/>\n<em>\u00e0 gauche : le chien Trixie<\/em><\/p>\n<p style=\"text-align: left;\">Le couple \u00e9tait loin de s\u2019imaginer que 78 ans plus tard, leur petit-fils Russell allait participer \u00e0 la plus grande aventure humaine de tous les temps. Ce dernier est d&rsquo;ailleurs venu visiter le village de ses a\u00efeux moins de deux mois avant le premier pas de Neil Armstrong sur le sol lunaire&#8230;<\/p>\n<p>&nbsp;<\/p>\n<p style=\"text-align: center;\"><iframe loading=\"lazy\" src=\"\/\/www.youtube.com\/embed\/Qv6mfxFRmjc\" width=\"560\" height=\"314\" allowfullscreen=\"allowfullscreen\"><\/iframe><\/p>\n<p style=\"text-align: right;\"><em>Cr\u00e9dits texte et vid\u00e9o :<\/em><br \/>\n<em>FRANCE 3 Alsace \u00ab\u00a0Rund Um\u00a0\u00bb<\/em><br \/>\n<em><span class=\"text-chapo--author\">Par R\u00e9gine Willhelm<\/span><\/em><br \/>\n<em><time class=\"text-chapo--date\">Publi\u00e9 le 13\/02\/2019 \u00e0 11:39<\/time><\/em><time class=\"text-chapo--update\"><\/time><\/p>\n","protected":false},"excerpt":{"rendered":"<p>Il y a cinquante ans, d\u00e9collait de Cap Canaveral, en Floride, la fus\u00e9e Apollo 9 avec \u00e0 son bord un astronaute d&rsquo;origine alsacienne, Russell Schweickart. Apr\u00e8s son retour sur terre, Russell est revenu plusieurs fois sur les traces de ses anc\u00eatres \u00e0 Lembach. Le 3 mars 1969 d\u00e9collait de Cap Canaveral en Floride, la fus\u00e9e &hellip; <\/p>\n<p><a class=\"more-link btn\" href=\"https:\/\/www.lembach.fr\/mairie\/galerie-photo\/videos\/video-appolo-9-un-alsacien-dans-lespace\/\">Lire la suite<\/a><\/p>\n","protected":false},"author":1,"featured_media":0,"parent":4655,"menu_order":5,"comment_status":"closed","ping_status":"closed","template":"","meta":{"footnotes":""},"class_list":["post-5606","page","type-page","status-publish","hentry","nodate","item-wrap"],"_links":{"self":[{"href":"https:\/\/www.lembach.fr\/mairie\/wp-json\/wp\/v2\/pages\/5606","targetHints":{"allow":["GET"]}}],"collection":[{"href":"https:\/\/www.lembach.fr\/mairie\/wp-json\/wp\/v2\/pages"}],"about":[{"href":"https:\/\/www.lembach.fr\/mairie\/wp-json\/wp\/v2\/types\/page"}],"author":[{"embeddable":true,"href":"https:\/\/www.lembach.fr\/mairie\/wp-json\/wp\/v2\/users\/1"}],"replies":[{"embeddable":true,"href":"https:\/\/www.lembach.fr\/mairie\/wp-json\/wp\/v2\/comments?post=5606"}],"version-history":[{"count":0,"href":"https:\/\/www.lembach.fr\/mairie\/wp-json\/wp\/v2\/pages\/5606\/revisions"}],"up":[{"embeddable":true,"href":"https:\/\/www.lembach.fr\/mairie\/wp-json\/wp\/v2\/pages\/4655"}],"wp:attachment":[{"href":"https:\/\/www.lembach.fr\/mairie\/wp-json\/wp\/v2\/media?parent=5606"}],"curies":[{"name":"wp","href":"https:\/\/api.w.org\/{rel}","templated":true}]}}