{"id":4451,"date":"2017-03-31T09:39:36","date_gmt":"2017-03-31T08:39:36","guid":{"rendered":"http:\/\/www.lembach.fr\/mairie\/?page_id=4451"},"modified":"2017-07-01T20:23:44","modified_gmt":"2017-07-01T19:23:44","slug":"taxe-damenagement-et-redevance-darcheologie-preventive","status":"publish","type":"page","link":"https:\/\/www.lembach.fr\/mairie\/demarches-administratives\/taxe-damenagement-et-redevance-darcheologie-preventive\/","title":{"rendered":"Taxe d&rsquo;am\u00e9nagement et redevance d&rsquo;arch\u00e9ologie pr\u00e9ventive"},"content":{"rendered":"<p><a href=\"http:\/\/www.lembach.fr\/mairie\/wp-content\/uploads\/2017\/03\/Petit_guide_de_la_taxe_d_amenagement_et_de_la_redevance_d_archeologie_preventive_DDT67_fevrier_2017.pdf\">Petit_guide_de_la_taxe_d_amenagement_et_de_la_redevance_d_archeologie_preventive_DDT67_fevrier_2017<\/a> Toutes les informations utiles concernant la taxe d&rsquo;am\u00e9nagement (TA) et la redevance d&rsquo;arch\u00e9ologie pr\u00e9ventive<br \/>\n(RAP) : \u00ab\u00a0<a href=\"http:\/\/www.lembach.fr\/mairie\/wp-content\/uploads\/2017\/03\/Petit_guide_de_la_taxe_d_amenagement_et_de_la_redevance_d_archeologie_preventive_DDT67_fevrier_2017.pdf\">Petit guide de la fiscalit\u00e9<\/a>\u00a0\u00bb \u00e9labor\u00e9 par la Direction d\u00e9partementale des territoires (DTT)<br \/>\nCe document est \u00e9galement disponible en version dynamique sur le site internet de la Pr\u00e9fecture, \u00e0 la rubrique Fiscalit\u00e9, \u00e0 c\u00f4t\u00e9 de nombreux autres documents, outils et liens relatifs \u00e0 la taxe d&rsquo;am\u00e9nagement et la redevance d&rsquo;arch\u00e9ologie pr\u00e9ventive :<\/p>\n<p>&#8211; outil de calcul de la TA et de la RAP pour des projets simples,<\/p>\n<p>&#8211; tableaux des taux de taxe d&rsquo;am\u00e9nagement et exon\u00e9rations applicables par commune en 2015, 2016 et 2017, etc.<\/p>\n<p>Vous pouvez y acc\u00e9der en cliquant sur le lien suivant : <a class=\"moz-txt-link-freetext\" href=\"http:\/\/www.bas-rhin.gouv.fr\/Politiques-publiques\/Amenagement-du-territoire-construction-logement\/Fiscalite\/Taxe-d-amenagement\"><u><span style=\"color: #000080;\">http:\/\/www.bas-rhin.gouv.fr\/Politiques-publiques\/Amenagement-du-territoire-construction-logement\/Fiscalite\/Taxe-d-amenagement<\/span><\/u><\/a><\/p>\n<p>&nbsp;<\/p>\n<p><img loading=\"lazy\" decoding=\"async\" class=\"wp-image-4453 aligncenter\" src=\"http:\/\/www.lembach.fr\/mairie\/wp-content\/uploads\/2017\/03\/Taxe-dam\u00e9nagement.png\" alt=\"\" width=\"565\" height=\"234\" srcset=\"https:\/\/www.lembach.fr\/mairie\/wp-content\/uploads\/2017\/03\/Taxe-dam\u00e9nagement.png 700w, https:\/\/www.lembach.fr\/mairie\/wp-content\/uploads\/2017\/03\/Taxe-dam\u00e9nagement-300x124.png 300w\" sizes=\"auto, (max-width: 565px) 100vw, 565px\" \/><\/p>\n","protected":false},"excerpt":{"rendered":"<p>Petit_guide_de_la_taxe_d_amenagement_et_de_la_redevance_d_archeologie_preventive_DDT67_fevrier_2017 Toutes les informations utiles concernant la taxe d&rsquo;am\u00e9nagement (TA) et la redevance d&rsquo;arch\u00e9ologie pr\u00e9ventive (RAP) : \u00ab\u00a0Petit guide de la fiscalit\u00e9\u00a0\u00bb \u00e9labor\u00e9 par la Direction d\u00e9partementale des territoires (DTT) Ce document est \u00e9galement disponible en version dynamique sur le site internet de la Pr\u00e9fecture, \u00e0 la rubrique Fiscalit\u00e9, \u00e0 c\u00f4t\u00e9 de nombreux autres documents, &hellip; <\/p>\n<p><a class=\"more-link btn\" href=\"https:\/\/www.lembach.fr\/mairie\/demarches-administratives\/taxe-damenagement-et-redevance-darcheologie-preventive\/\">Lire la suite<\/a><\/p>\n","protected":false},"author":1,"featured_media":0,"parent":56,"menu_order":12,"comment_status":"closed","ping_status":"closed","template":"","meta":{"footnotes":""},"class_list":["post-4451","page","type-page","status-publish","hentry","nodate","item-wrap"],"_links":{"self":[{"href":"https:\/\/www.lembach.fr\/mairie\/wp-json\/wp\/v2\/pages\/4451","targetHints":{"allow":["GET"]}}],"collection":[{"href":"https:\/\/www.lembach.fr\/mairie\/wp-json\/wp\/v2\/pages"}],"about":[{"href":"https:\/\/www.lembach.fr\/mairie\/wp-json\/wp\/v2\/types\/page"}],"author":[{"embeddable":true,"href":"https:\/\/www.lembach.fr\/mairie\/wp-json\/wp\/v2\/users\/1"}],"replies":[{"embeddable":true,"href":"https:\/\/www.lembach.fr\/mairie\/wp-json\/wp\/v2\/comments?post=4451"}],"version-history":[{"count":0,"href":"https:\/\/www.lembach.fr\/mairie\/wp-json\/wp\/v2\/pages\/4451\/revisions"}],"up":[{"embeddable":true,"href":"https:\/\/www.lembach.fr\/mairie\/wp-json\/wp\/v2\/pages\/56"}],"wp:attachment":[{"href":"https:\/\/www.lembach.fr\/mairie\/wp-json\/wp\/v2\/media?parent=4451"}],"curies":[{"name":"wp","href":"https:\/\/api.w.org\/{rel}","templated":true}]}}