{"id":391,"date":"2012-05-06T09:23:03","date_gmt":"2012-05-06T09:23:03","guid":{"rendered":"http:\/\/www.lembach.fr\/mairie\/?page_id=391"},"modified":"2020-08-18T17:36:37","modified_gmt":"2020-08-18T15:36:37","slug":"mentions-legales","status":"publish","type":"page","link":"https:\/\/www.lembach.fr\/mairie\/mentions-legales\/","title":{"rendered":"Mentions l\u00e9gales"},"content":{"rendered":"<ul>\n<li>\n<h4>Directeur de publication :<\/h4>\n<\/li>\n<\/ul>\n<p style=\"text-align: center;\"><div class=\"alert alert-success\" role=\"alert\"><p class=\"printonly\"><strong>Important!<\/strong><\/p>\n<p style=\"text-align: center;\" class=\"first-p\">TRAUTMANN Christian<br \/>\nMaire<br \/>\n1, route de Bitche<br \/>\n67510 LEMBACH<br \/>\nT\u00e9l : 03 88 94 42 84<\/p>\n<p style=\"text-align: center;\"><a href=\"mailto:maire@lembach.fr\">maire@lembach.fr<\/a><\/p>\n<p style=\"text-align: center;\"><\/div>\n<ul>\n<li>\n<h4>Raison sociale :<\/h4>\n<\/li>\n<\/ul>\n<p>Site de la Mairie de Lembach<br \/>\nVous y trouverez la pr\u00e9sentation du village, des informations administratives, culturelles et touristiques concernant la vie de notre village.<\/p>\n<ul>\n<li>\n<h4>H\u00e9bergement :<\/h4>\n<\/li>\n<\/ul>\n<p style=\"text-align: center;\">OVH<\/p>\n<p style=\"text-align: center;\">SAS au capital de 10 000 000 \u20ac<br \/>\nRCS Roubaix \u2013 Tourcoing 424 761 419 00045<\/p>\n<p style=\"text-align: center;\">Code APE 6202A &#8211; N\u00b0 TVA : FR 22 424 761 419<\/p>\n<p style=\"text-align: center;\">Si\u00e8ge social :<br \/>\n2 rue Kellermann<br \/>\n59100 Roubaix &#8211; France.<\/p>\n<ul>\n<li>\n<h4>Respect des lois en vigueur :<\/h4>\n<\/li>\n<\/ul>\n<p>Le site respecte la vie priv\u00e9e de l&rsquo;internaute et se conforme strictement aux lois en vigueur sur la protection de la vie priv\u00e9e et des libert\u00e9s individuelles. Aucune information personnelle n&rsquo;est collect\u00e9e \u00e0 votre insu. Aucune information personnelle n&rsquo;est c\u00e9d\u00e9e \u00e0 des tiers.<\/p>\n<ul>\n<li>\n<h4>Droit des internautes, droit d&rsquo;acc\u00e8s et de rectification :<\/h4>\n<\/li>\n<\/ul>\n<p>Conform\u00e9ment aux dispositions de la loi n\u00b078-17 du 6 janvier 1978 relative \u00e0 l&rsquo;informatique, aux fichiers et aux libert\u00e9s, les internautes disposent d&rsquo;un droit d&rsquo;acc\u00e8s, de modification, de rectification et de suppression des donn\u00e9es qui les concernent. Ce droit s&rsquo;exerce par voie postale ou par courriel, en justifiant de son identit\u00e9, \u00e0 l&rsquo;adresse de la Mairie indiqu\u00e9e ci-dessus.<\/p>\n<ul>\n<li>\n<h4>Cr\u00e9ation de liens vers le site :<\/h4>\n<\/li>\n<\/ul>\n<p>Le site autorise, sans autorisation pr\u00e9alable, la mise en place de liens hypertextes pointant vers ses pages, sous r\u00e9serve de :<br \/>\n&#8211; ne pas utiliser la technique du lien profond, c&rsquo;est-\u00e0-dire que les pages du site ne doivent pas \u00eatre imbriqu\u00e9es \u00e0 l&rsquo;int\u00e9rieur des pages d&rsquo;un autre site, mais visibles par l&rsquo;ouverture d&rsquo;une fen\u00eatre ind\u00e9pendante.<br \/>\n&#8211; mentionner la source qui pointera gr\u00e2ce \u00e0 un lien hypertexte directement sur le contenu vis\u00e9.<\/p>\n<p>Les sites qui font le choix de pointer vers ce site engagent leur responsabilit\u00e9 d\u00e8s lors qu&rsquo;ils porteraient atteinte \u00e0 l&rsquo;image du site public.<\/p>\n","protected":false},"excerpt":{"rendered":"<p>Directeur de publication : Raison sociale : Site de la Mairie de Lembach Vous y trouverez la pr\u00e9sentation du village, des informations administratives, culturelles et touristiques concernant la vie de notre village. H\u00e9bergement : OVH SAS au capital de 10 000 000 \u20ac RCS Roubaix \u2013 Tourcoing 424 761 419 00045 Code APE 6202A &#8211; &hellip; <\/p>\n<p><a class=\"more-link btn\" href=\"https:\/\/www.lembach.fr\/mairie\/mentions-legales\/\">Lire la suite<\/a><\/p>\n","protected":false},"author":1,"featured_media":0,"parent":0,"menu_order":10,"comment_status":"closed","ping_status":"open","template":"","meta":{"footnotes":""},"class_list":["post-391","page","type-page","status-publish","hentry","nodate","item-wrap"],"_links":{"self":[{"href":"https:\/\/www.lembach.fr\/mairie\/wp-json\/wp\/v2\/pages\/391","targetHints":{"allow":["GET"]}}],"collection":[{"href":"https:\/\/www.lembach.fr\/mairie\/wp-json\/wp\/v2\/pages"}],"about":[{"href":"https:\/\/www.lembach.fr\/mairie\/wp-json\/wp\/v2\/types\/page"}],"author":[{"embeddable":true,"href":"https:\/\/www.lembach.fr\/mairie\/wp-json\/wp\/v2\/users\/1"}],"replies":[{"embeddable":true,"href":"https:\/\/www.lembach.fr\/mairie\/wp-json\/wp\/v2\/comments?post=391"}],"version-history":[{"count":0,"href":"https:\/\/www.lembach.fr\/mairie\/wp-json\/wp\/v2\/pages\/391\/revisions"}],"wp:attachment":[{"href":"https:\/\/www.lembach.fr\/mairie\/wp-json\/wp\/v2\/media?parent=391"}],"curies":[{"name":"wp","href":"https:\/\/api.w.org\/{rel}","templated":true}]}}