{"id":3771,"date":"2016-05-03T09:13:43","date_gmt":"2016-05-03T08:13:43","guid":{"rendered":"http:\/\/www.lembach.fr\/mairie\/?page_id=3771"},"modified":"2016-05-03T11:17:35","modified_gmt":"2016-05-03T10:17:35","slug":"mediation-familiale","status":"publish","type":"page","link":"https:\/\/www.lembach.fr\/mairie\/vivre-a-lembach\/mediation-familiale\/","title":{"rendered":"M\u00e9diation familiale"},"content":{"rendered":"<p>La maison des associations (b\u00e2timent Communaut\u00e9 de communes Sauer-Pechelbronn, 1 rue Obermatt \u00e0 Durrenbach) accueille une permanence autour de la m\u00e9diation.\u00a0Pour conna\u00eetre l&rsquo;offre propos\u00e9e : <a href=\"http:\/\/www.lembach.fr\/mairie\/wp-content\/uploads\/2016\/05\/Brochure-M\u00e9diation-Familiale.pdf\">cliquer sur la Plaquette de l\u2019association.<\/a><\/p>\n<p>La permanence a lieu une fois tous les 15 jours, les vendredis en semaine impaire.<br \/>\nCette permanence n\u00e9cessite la prise de rendez-vous au pr\u00e9alable aupr\u00e8s de\u00a0:<\/p>\n<div class=\"alert alert-success\" role=\"alert\"><p class=\"printonly\"><strong>Important!<\/strong><\/p>\n<p style=\"text-align: center;\" class=\"first-p\"><strong>Sylvie Kuhn, M\u00e9diatrice Familiale DE<\/strong><br \/>\n<strong> Association RESCIF<\/strong><\/p>\n<p style=\"text-align: center;\"><strong>160, route du Polygone<\/strong><br \/>\n<strong> 67100 Strasbourg<\/strong><\/p>\n<p style=\"text-align: center;\"><strong>T\u00e9l :\u00a003.88.25.50.64\u00a0ou\u00a007.52.63.06.83<\/strong><\/p>\n<\/div>\n<p><img loading=\"lazy\" decoding=\"async\" class=\"aligncenter size-full wp-image-3776\" src=\"http:\/\/www.lembach.fr\/mairie\/wp-content\/uploads\/2016\/05\/mediation_familiale.jpg\" alt=\"mediation_familiale\" width=\"400\" height=\"221\" srcset=\"https:\/\/www.lembach.fr\/mairie\/wp-content\/uploads\/2016\/05\/mediation_familiale.jpg 400w, https:\/\/www.lembach.fr\/mairie\/wp-content\/uploads\/2016\/05\/mediation_familiale-300x166.jpg 300w\" sizes=\"auto, (max-width: 400px) 100vw, 400px\" \/><\/p>\n","protected":false},"excerpt":{"rendered":"<p>La maison des associations (b\u00e2timent Communaut\u00e9 de communes Sauer-Pechelbronn, 1 rue Obermatt \u00e0 Durrenbach) accueille une permanence autour de la m\u00e9diation.\u00a0Pour conna\u00eetre l&rsquo;offre propos\u00e9e : cliquer sur la Plaquette de l\u2019association. La permanence a lieu une fois tous les 15 jours, les vendredis en semaine impaire. Cette permanence n\u00e9cessite la prise de rendez-vous au pr\u00e9alable &hellip; <\/p>\n<p><a class=\"more-link btn\" href=\"https:\/\/www.lembach.fr\/mairie\/vivre-a-lembach\/mediation-familiale\/\">Lire la suite<\/a><\/p>\n","protected":false},"author":1,"featured_media":0,"parent":159,"menu_order":11,"comment_status":"closed","ping_status":"closed","template":"","meta":{"footnotes":""},"class_list":["post-3771","page","type-page","status-publish","hentry","nodate","item-wrap"],"_links":{"self":[{"href":"https:\/\/www.lembach.fr\/mairie\/wp-json\/wp\/v2\/pages\/3771","targetHints":{"allow":["GET"]}}],"collection":[{"href":"https:\/\/www.lembach.fr\/mairie\/wp-json\/wp\/v2\/pages"}],"about":[{"href":"https:\/\/www.lembach.fr\/mairie\/wp-json\/wp\/v2\/types\/page"}],"author":[{"embeddable":true,"href":"https:\/\/www.lembach.fr\/mairie\/wp-json\/wp\/v2\/users\/1"}],"replies":[{"embeddable":true,"href":"https:\/\/www.lembach.fr\/mairie\/wp-json\/wp\/v2\/comments?post=3771"}],"version-history":[{"count":0,"href":"https:\/\/www.lembach.fr\/mairie\/wp-json\/wp\/v2\/pages\/3771\/revisions"}],"up":[{"embeddable":true,"href":"https:\/\/www.lembach.fr\/mairie\/wp-json\/wp\/v2\/pages\/159"}],"wp:attachment":[{"href":"https:\/\/www.lembach.fr\/mairie\/wp-json\/wp\/v2\/media?parent=3771"}],"curies":[{"name":"wp","href":"https:\/\/api.w.org\/{rel}","templated":true}]}}