{"id":36,"date":"2012-05-05T12:56:42","date_gmt":"2012-05-05T12:56:42","guid":{"rendered":"http:\/\/www.lembach.fr\/mairie\/?page_id=36"},"modified":"2024-09-11T10:12:02","modified_gmt":"2024-09-11T08:12:02","slug":"permanences","status":"publish","type":"page","link":"https:\/\/www.lembach.fr\/mairie\/demarches-administratives\/permanences\/","title":{"rendered":"Permanences des services"},"content":{"rendered":"<p style=\"text-align: center;\"><img loading=\"lazy\" decoding=\"async\" class=\"aligncenter\" style=\"border: 0pt none;\" src=\"http:\/\/www.lembach.fr\/mairie\/wp-content\/uploads\/2012\/05\/justice-balance-icon.png\" alt=\"\" width=\"128\" height=\"128\" \/><\/p>\n<h3 class=\"collapseomatic \" id=\"id69e952742f86a\"  tabindex=\"0\" title=\"Assistante sociale\"    >Assistante sociale<\/h3><div id=\"target-id69e952742f86a\" class=\"collapseomatic_content \">\n<p style=\"text-align: left;\">Vous pouvez prendre contact avec\u00a0l&rsquo;assistante sociale du secteur<\/p>\n<p style=\"text-align: center;\"><strong>Mme Amandine SERHANE<br \/>\n<\/strong>Unit\u00e9 Territoriale d&rsquo;Action M\u00e9dico-sociale Nord<br \/>\nCollectivit\u00e9 europ\u00e9enne d&rsquo;Alsace<\/p>\n<p style=\"text-align: center;\">amandine.serhane@alsace.eu<\/p>\n<p style=\"text-align: center;\">T\u00e9l : 03 69 33 21 42<\/p>\n<\/div>\n<h3 class=\"collapseomatic \" id=\"id69e952742f933\"  tabindex=\"0\" title=\"Conciliateur de justice\"    >Conciliateur de justice<\/h3><div id=\"target-id69e952742f933\" class=\"collapseomatic_content \">\n<p>Le conciliateur permet souvent de solutionner un diff\u00e9rend en obtenant un accord \u00e0 l\u2019amiable et \u00e9vite un proc\u00e8s \u00e0 de nombreux litiges.<\/p>\n<p>Les permanences\u00a0:<\/p>\n<p style=\"text-align: center;\"><strong>M. Charles HAAS<\/strong><\/p>\n<p style=\"text-align: center;\">les lundis 14h00 \u00e0 17h00<br \/>\nsur rendez-vous au local des Permanences<br \/>\n19, rue de la P\u00e9pini\u00e8re<br \/>\n67160 WISSEMBOURG<\/p>\n<p style=\"text-align: center;\">t\u00e9l : 03 88 54 87 87 (Mairie de Wissembourg)<\/p>\n<p>&nbsp;<\/p>\n<p style=\"text-align: center;\"><strong>M. Paul SCHEER<\/strong><\/p>\n<p style=\"text-align: center;\">les samedis de 09h00 \u00e0 12h00<br \/>\nMairie de Wissembourg<br \/>\nCour de la Commanderie<br \/>\n67160 WISSEMBOURG<\/p>\n<p style=\"text-align: center;\">t\u00e9l : 03 88 54 87 87 (Mairie de Wissembourg)<\/p>\n<p style=\"text-align: left;\"><\/div>\n<p style=\"text-align: left;\"><h3 class=\"collapseomatic \" id=\"id69e952742f964\"  tabindex=\"0\" title=\"URSSAF\"    >URSSAF<\/h3><div id=\"target-id69e952742f964\" class=\"collapseomatic_content \">\n<p style=\"text-align: center;\">Les permanences\u00a0:<\/p>\n<p style=\"text-align: center;\">tous les lundis du mois de 09h00 \u00e0 11h30<br \/>\nlocaux du Pamina<br \/>\n15 rue de la P\u00e9pini\u00e8re<br \/>\n67160 WISSEMBOURG<\/p>\n<p style=\"text-align: left;\"><\/div>\n<p style=\"text-align: left;\"><h3 class=\"collapseomatic \" id=\"id69e952742f991\"  tabindex=\"0\" title=\"CARSAT\"    >CARSAT<\/h3><div id=\"target-id69e952742f991\" class=\"collapseomatic_content \">\n<p style=\"text-align: center;\">La Caisse d&rsquo;Assurance Retraite et de la Sant\u00e9 au Travail Alsace-Moselle<br \/>\nregroupe les anciennes CRAM et CRAV.<\/p>\n<p style=\"text-align: center;\">Les permanences\u00a0: tous les 2\u00e8mes mardis\u00a0du mois<br \/>\nSur\u00a0rendez-vous<br \/>\nT\u00e9l\u00e9phoner au : 39.60<\/p>\n<p style=\"text-align: center;\">Maison des Associations &#8211; Rue du Tribunal<br \/>\n67160 WISSEMBOURG<\/p>\n<p style=\"text-align: left;\"><\/div>\n","protected":false},"excerpt":{"rendered":"","protected":false},"author":1,"featured_media":0,"parent":56,"menu_order":8,"comment_status":"closed","ping_status":"open","template":"","meta":{"footnotes":""},"class_list":["post-36","page","type-page","status-publish","hentry","nodate","item-wrap"],"_links":{"self":[{"href":"https:\/\/www.lembach.fr\/mairie\/wp-json\/wp\/v2\/pages\/36","targetHints":{"allow":["GET"]}}],"collection":[{"href":"https:\/\/www.lembach.fr\/mairie\/wp-json\/wp\/v2\/pages"}],"about":[{"href":"https:\/\/www.lembach.fr\/mairie\/wp-json\/wp\/v2\/types\/page"}],"author":[{"embeddable":true,"href":"https:\/\/www.lembach.fr\/mairie\/wp-json\/wp\/v2\/users\/1"}],"replies":[{"embeddable":true,"href":"https:\/\/www.lembach.fr\/mairie\/wp-json\/wp\/v2\/comments?post=36"}],"version-history":[{"count":2,"href":"https:\/\/www.lembach.fr\/mairie\/wp-json\/wp\/v2\/pages\/36\/revisions"}],"predecessor-version":[{"id":8098,"href":"https:\/\/www.lembach.fr\/mairie\/wp-json\/wp\/v2\/pages\/36\/revisions\/8098"}],"up":[{"embeddable":true,"href":"https:\/\/www.lembach.fr\/mairie\/wp-json\/wp\/v2\/pages\/56"}],"wp:attachment":[{"href":"https:\/\/www.lembach.fr\/mairie\/wp-json\/wp\/v2\/media?parent=36"}],"curies":[{"name":"wp","href":"https:\/\/api.w.org\/{rel}","templated":true}]}}