{"id":339,"date":"2012-06-15T20:49:32","date_gmt":"2012-06-15T19:49:32","guid":{"rendered":"http:\/\/www.lembach.fr\/mairie\/?page_id=339"},"modified":"2016-03-25T13:46:45","modified_gmt":"2016-03-25T12:46:45","slug":"les-charbonniers-du-fleckenstein","status":"publish","type":"page","link":"https:\/\/www.lembach.fr\/mairie\/tourisme\/les-charbonniers-du-fleckenstein\/","title":{"rendered":"Charbonniers"},"content":{"rendered":"<p>Passionn\u00e9s par notre r\u00e9gion, nous \u00e9tions quelques uns \u00e0 partager un r\u00eave : redonner vie \u00e0 la fabrication de charbon de bois \u00e0 partir de b\u00fbches de nos for\u00eats comme au temps jadis. Cette red\u00e9couverte des techniques, du m\u00e9tier et des modes de vie des charbonniers tisse un lien fort entre le pass\u00e9 et le pr\u00e9sent, la culture, la nature et l\u2019\u00e9conomie, mais \u00e9galement entre les g\u00e9n\u00e9rations.<\/p>\n<p style=\"text-align: center;\"><img loading=\"lazy\" decoding=\"async\" class=\"size-full wp-image-340 aligncenter\" src=\"http:\/\/www.lembach.fr\/mairie\/wp-content\/uploads\/2012\/05\/charbonniers1.jpg\" alt=\"\" width=\"229\" height=\"220\" \/><\/p>\n<p>Ce r\u00eave est devenu r\u00e9alit\u00e9 et chaque ann\u00e9e au mois d\u2019ao\u00fbt, la Semaine des Charbonniers, temps fort et vitrine des activit\u00e9s de notre association, accueille un public plus nombreux venu d\u00e9couvrir un savoir-faire oubli\u00e9 et partager de joyeuses festivit\u00e9s .<\/p>\n<p>La semaine d\u00e9bute avec l\u2019\u00e9dification et l\u2019allumage d\u2019une ou deux meules qui seront surveill\u00e9es jours et nuits par les membres de notre association avant d\u2019\u00eatre ouvertes le dimanche, r\u00e9v\u00e9lant le charbon de bois fabriqu\u00e9 \u00e0 l\u2019ancienne.<\/p>\n<blockquote>\n<p style=\"text-align: center;\">Le site l&rsquo;association<\/p>\n<p style=\"text-align: center;\"><a href=\"http:\/\/www.charbonniers.fr\/\" target=\"_blank\">http:\/\/www.charbonniers.fr\/<\/a><\/p>\n<\/blockquote>\n<h2 style=\"text-align: center;\"><span style=\"text-decoration: underline;\"><strong>Quelques vid\u00e9os des activit\u00e9s des charbonniers.<\/strong><\/span><\/h2>\n<p style=\"text-align: center;\"><span style=\"color: #ff0000;\"><strong>Pour la premi\u00e8re vid\u00e9o, il vous faudra un navigateur r\u00e9cent compatible avec la balise &lt;video&gt; HTML5 et le codec OGG Theora<\/strong><\/span><\/p>\n<p>&nbsp;<\/p>\n<p><ul id='GTTabs_ul_339' class='GTTabs' style='display:none'>\n<li id='GTTabs_li_0_339' class='GTTabs_curr'><a  id=\"339_0\" onMouseOver=\"GTTabsShowLinks('Journal 13h de TF1'); return true;\"  onMouseOut=\"GTTabsShowLinks();\"  class='GTTabsLinks'>Journal 13h de TF1<\/a><\/li>\n<li id='GTTabs_li_1_339' ><a  id=\"339_1\" onMouseOver=\"GTTabsShowLinks('Journal Fr3 Alsace'); return true;\"  onMouseOut=\"GTTabsShowLinks();\"  class='GTTabsLinks'>Journal Fr3 Alsace<\/a><\/li>\n<li id='GTTabs_li_2_339' ><a  id=\"339_2\" onMouseOver=\"GTTabsShowLinks('Montage d&rsquo;une meule'); return true;\"  onMouseOut=\"GTTabsShowLinks();\"  class='GTTabsLinks'>Montage d&rsquo;une meule<\/a><\/li>\n<\/ul>\n\n<div class='GTTabs_divs GTTabs_curr_div' id='GTTabs_0_339'>\n<span class='GTTabs_titles'><b>Journal 13h de TF1<\/b><\/span><\/p>\n<h2 style=\"text-align: center;\">Le journal de 13h de TF1 du 9 ao\u00fbt 2013<\/h2>\n<div style=\"width: 640px; margin-left: auto; margin-right: auto;\"><video src=\"http:\/\/www.lembach.fr\/mairie\/wp-content\/uploads\/videos\/Charbonniers_2013_TF1.mp4\" controls=\"controls\" width=\"640\" height=\"360\"><object width=\"640\" height=\"360\" classid=\"clsid:d27cdb6e-ae6d-11cf-96b8-444553540000\" codebase=\"http:\/\/download.macromedia.com\/pub\/shockwave\/cabs\/flash\/swflash.cab#version=6,0,40,0\"><param name=\"src\" value=\"http:\/\/www.lembach.fr\/mairie\/wp-includes\/js\/tinymce\/plugins\/media\/moxieplayer.swf\" \/><param name=\"flashvars\" value=\"url=\/mairie\/wp-content\/uploads\/videos\/Charbonniers_2013_TF1.mp4&amp;poster=\/mairie\/wp-admin\/\" \/><param name=\"allowfullscreen\" value=\"true\" \/><param name=\"allowscriptaccess\" value=\"true\" \/><embed width=\"640\" height=\"360\" type=\"application\/x-shockwave-flash\" src=\"http:\/\/www.lembach.fr\/mairie\/wp-includes\/js\/tinymce\/plugins\/media\/moxieplayer.swf\" flashvars=\"url=\/mairie\/wp-content\/uploads\/videos\/Charbonniers_2013_TF1.mp4&amp;poster=\/mairie\/wp-admin\/\" allowfullscreen=\"allowfullscreen\" allowscriptaccess=\"true\" \/><\/object><\/video><\/div>\n<p><\/div>\n\n<div class='GTTabs_divs' id='GTTabs_1_339'>\n<span class='GTTabs_titles'><b>Journal Fr3 Alsace<\/b><\/span><\/p>\n<h2 style=\"text-align: center;\">Le reportage sur France 3 Alsace<\/h2>\n<p style=\"text-align: center;\"><iframe loading=\"lazy\" src=\"http:\/\/www.youtube.com\/embed\/K_yJ-1UzkDw?feature=player_detailpage\" width=\"640\" height=\"360\" frameborder=\"0\" allowfullscreen=\"allowfullscreen\"><\/iframe><\/p>\n<p><\/div>\n\n<div class='GTTabs_divs' id='GTTabs_2_339'>\n<span class='GTTabs_titles'><b>Montage d&rsquo;une meule<\/b><\/span><\/p>\n<h2 style=\"text-align: center;\">Le montage d&rsquo;une meule en 2012<\/h2>\n<p style=\"text-align: center;\"><iframe loading=\"lazy\" src=\"http:\/\/www.youtube.com\/embed\/i3mq7cxnTO0?feature=player_detailpage\" width=\"640\" height=\"360\" frameborder=\"0\" allowfullscreen=\"allowfullscreen\"><\/iframe><\/p>\n<p><\/div>\n\n<\/p>\n<script type='text\/javascript'>jQuery(document).ready(function() { if(GTTabs_getCookie('GTTabs_339')) GTTabs_show(GTTabs_getCookie('GTTabs_339'),339); });<\/script>","protected":false},"excerpt":{"rendered":"<p>Passionn\u00e9s par notre r\u00e9gion, nous \u00e9tions quelques uns \u00e0 partager un r\u00eave : redonner vie \u00e0 la fabrication de charbon de bois \u00e0 partir de b\u00fbches de nos for\u00eats comme au temps jadis. Cette red\u00e9couverte des techniques, du m\u00e9tier et des modes de vie des charbonniers tisse un lien fort entre le pass\u00e9 et le &hellip; <\/p>\n<p><a class=\"more-link btn\" href=\"https:\/\/www.lembach.fr\/mairie\/tourisme\/les-charbonniers-du-fleckenstein\/\">Lire la suite<\/a><\/p>\n","protected":false},"author":1,"featured_media":0,"parent":286,"menu_order":4,"comment_status":"closed","ping_status":"open","template":"","meta":{"footnotes":""},"class_list":["post-339","page","type-page","status-publish","hentry","nodate","item-wrap"],"_links":{"self":[{"href":"https:\/\/www.lembach.fr\/mairie\/wp-json\/wp\/v2\/pages\/339","targetHints":{"allow":["GET"]}}],"collection":[{"href":"https:\/\/www.lembach.fr\/mairie\/wp-json\/wp\/v2\/pages"}],"about":[{"href":"https:\/\/www.lembach.fr\/mairie\/wp-json\/wp\/v2\/types\/page"}],"author":[{"embeddable":true,"href":"https:\/\/www.lembach.fr\/mairie\/wp-json\/wp\/v2\/users\/1"}],"replies":[{"embeddable":true,"href":"https:\/\/www.lembach.fr\/mairie\/wp-json\/wp\/v2\/comments?post=339"}],"version-history":[{"count":0,"href":"https:\/\/www.lembach.fr\/mairie\/wp-json\/wp\/v2\/pages\/339\/revisions"}],"up":[{"embeddable":true,"href":"https:\/\/www.lembach.fr\/mairie\/wp-json\/wp\/v2\/pages\/286"}],"wp:attachment":[{"href":"https:\/\/www.lembach.fr\/mairie\/wp-json\/wp\/v2\/media?parent=339"}],"curies":[{"name":"wp","href":"https:\/\/api.w.org\/{rel}","templated":true}]}}