{"id":334,"date":"2023-08-07T20:37:33","date_gmt":"2023-08-07T18:37:33","guid":{"rendered":"http:\/\/www.lembach.fr\/mairie\/?page_id=334"},"modified":"2024-02-05T15:52:37","modified_gmt":"2024-02-05T14:52:37","slug":"artisanat-et-services","status":"publish","type":"page","link":"https:\/\/www.lembach.fr\/mairie\/economie\/artisanat-et-services\/","title":{"rendered":"Artisanat et services"},"content":{"rendered":"<ul>\n<li><strong>BERNECKER D\u00e9cors<br \/>\n<\/strong>Travaux de rev\u00eatements de sols et des murs<br \/>\n2, rue des Savetiers \u2013 67510 LEMBACH<br \/>\n03.88.94.41.87 \u2013 fax : 03.88.94.23.74<\/li>\n<\/ul>\n<p>&nbsp;<\/p>\n<ul>\n<li><strong>CG ELECTROTECH<br \/>\n<\/strong>Travaux d\u2019\u00e9lectricit\u00e9<br \/>\n26, route de Woerth \u2013 67510 LEMBACH<br \/>\n03.88.54.45.21<br \/>\nwww.cg-electrotech.com<\/li>\n<\/ul>\n<p>&nbsp;<\/p>\n<ul>\n<li><strong>DOMI CONFORT<br \/>\n<\/strong>Aide et services \u00e0 la personne &#8211; entretien courant des b\u00e2timents<br \/>\n6, rue de Steinacker \u2013 67510 LEMBACH<br \/>\n03.88.94.49.80<\/li>\n<\/ul>\n<p>&nbsp;<\/p>\n<ul>\n<li><strong>ERTLE Raymond<br \/>\n<\/strong>Travaux de peinture et vitrerie &#8211; Show Room sur Rdv<br \/>\n18, route de Bitche \u2013 67510 LEMBACH<br \/>\n03.90.55.96.62<\/li>\n<\/ul>\n<p>&nbsp;<\/p>\n<ul>\n<li><strong>EHRSTEIN Scierie<br \/>\n<\/strong>Sciage et rabotage du bois<br \/>\n2, rue de la Sauer \u2013 67510 LEMBACH<br \/>\n03.88.94.42.97 \u2013 fax : 03.88.94.21.32<\/li>\n<\/ul>\n<p>&nbsp;<\/p>\n<ul>\n<li><strong>HAUSSWURTH Patrice<br \/>\n<\/strong>Travaux de menuiserie m\u00e9talliques et serrurerie<br \/>\nZA Sormatt \u2013 67510 LEMBACH<br \/>\nfax : 03.88.94.27.00<\/li>\n<\/ul>\n<p>&nbsp;<\/p>\n<ul>\n<li><strong>\u00c9b\u00e9nisterie\u00a0 JOST<br \/>\n<\/strong>38, route de Woerth \u2013 67510 LEMBACH<br \/>\n03.88.94.42.66<\/li>\n<\/ul>\n<p>&nbsp;<\/p>\n<ul>\n<li><strong>MABALOC<br \/>\n<\/strong>Construction \u2013 r\u00e9novation de maisons individuelles<br \/>\n<span class=\"LrzXr\">67 A Route\u00a0 de Bitche &#8211; 67510 &#8211; LEMBACH<br \/>\n<\/span>03.88.94.24.60 \u2013 fax\u00a0: 03.88.94.26.89<\/li>\n<\/ul>\n<p>&nbsp;<\/p>\n<ul>\n<li><strong>OTTO Th\u00e9odora<br \/>\n<\/strong>Marchand de biens immobiliers<br \/>\n67, r\u00e9sidence des Ch\u00e2taigniers \u2013 67510 PFAFFENBRONN \u2013 LEMBACH<\/li>\n<\/ul>\n<p>&nbsp;<\/p>\n<ul>\n<li><strong>SCHWEICKART Ren\u00e9<br \/>\n<\/strong>Travaux de peinture et vitrerie<br \/>\n17 rue de la Gare \u2013 67510 MATTSTALL<br \/>\n03.88.94.41.58<\/li>\n<\/ul>\n<p>&nbsp;<\/p>\n<ul>\n<li><strong>STUPPERT Wolfgang<br \/>\n<\/strong><strong>MOIRA et PARTNERS<\/strong> : Activit\u00e9s des agences de recouvrement de factures et des soci\u00e9t\u00e9s d\u2019information financi\u00e8res sur la client\u00e8le<br \/>\n<strong>UTER BAERENTHAL<\/strong> : Usine de traitement d\u2019\u00e9nergie<br \/>\n97, r\u00e9sidence des Ch\u00e2taigniers \u2013 67510 PFAFFENBRONN &#8211; LEMBACH<\/li>\n<\/ul>\n<p>&nbsp;<\/p>\n<ul>\n<li><strong>TRAUTMANN ETA<br \/>\n<\/strong>Sciage et rabotage du bois<br \/>\nProduction d\u2019\u00e9nergie<br \/>\nAnnexe Pfaffenbronn \u2013 67510 PFAFFENBRONN &#8211; LEMBACH<br \/>\n<span class=\"LrzXr zdqRlf kno-fv\"><span aria-label=\"Appeler le 03 88 94 21 25\">03.88.94.21.25<\/span><\/span><\/li>\n<\/ul>\n<p>&nbsp;<\/p>\n<ul>\n<li><strong>UTILECO Bois<br \/>\n<\/strong>Sciage et rabotage du bois<br \/>\n28B, route de Woerth \u2013 67510 LEMBACH<br \/>\n03.88.94.20.19 \u2013 fax : 03.88.09.44.34<\/li>\n<\/ul>\n","protected":false},"excerpt":{"rendered":"<p>BERNECKER D\u00e9cors Travaux de rev\u00eatements de sols et des murs 2, rue des Savetiers \u2013 67510 LEMBACH 03.88.94.41.87 \u2013 fax : 03.88.94.23.74 &nbsp; CG ELECTROTECH Travaux d\u2019\u00e9lectricit\u00e9 26, route de Woerth \u2013 67510 LEMBACH 03.88.54.45.21 www.cg-electrotech.com &nbsp; DOMI CONFORT Aide et services \u00e0 la personne &#8211; entretien courant des b\u00e2timents 6, rue de Steinacker \u2013 &hellip; <\/p>\n<p><a class=\"more-link btn\" href=\"https:\/\/www.lembach.fr\/mairie\/economie\/artisanat-et-services\/\">Lire la suite<\/a><\/p>\n","protected":false},"author":1,"featured_media":0,"parent":328,"menu_order":2,"comment_status":"closed","ping_status":"open","template":"","meta":{"footnotes":""},"class_list":["post-334","page","type-page","status-publish","hentry","nodate","item-wrap"],"_links":{"self":[{"href":"https:\/\/www.lembach.fr\/mairie\/wp-json\/wp\/v2\/pages\/334","targetHints":{"allow":["GET"]}}],"collection":[{"href":"https:\/\/www.lembach.fr\/mairie\/wp-json\/wp\/v2\/pages"}],"about":[{"href":"https:\/\/www.lembach.fr\/mairie\/wp-json\/wp\/v2\/types\/page"}],"author":[{"embeddable":true,"href":"https:\/\/www.lembach.fr\/mairie\/wp-json\/wp\/v2\/users\/1"}],"replies":[{"embeddable":true,"href":"https:\/\/www.lembach.fr\/mairie\/wp-json\/wp\/v2\/comments?post=334"}],"version-history":[{"count":11,"href":"https:\/\/www.lembach.fr\/mairie\/wp-json\/wp\/v2\/pages\/334\/revisions"}],"predecessor-version":[{"id":7838,"href":"https:\/\/www.lembach.fr\/mairie\/wp-json\/wp\/v2\/pages\/334\/revisions\/7838"}],"up":[{"embeddable":true,"href":"https:\/\/www.lembach.fr\/mairie\/wp-json\/wp\/v2\/pages\/328"}],"wp:attachment":[{"href":"https:\/\/www.lembach.fr\/mairie\/wp-json\/wp\/v2\/media?parent=334"}],"curies":[{"name":"wp","href":"https:\/\/api.w.org\/{rel}","templated":true}]}}