{"id":330,"date":"2012-05-05T20:32:40","date_gmt":"2012-05-05T20:32:40","guid":{"rendered":"http:\/\/www.lembach.fr\/mairie\/?page_id=330"},"modified":"2026-02-25T11:49:29","modified_gmt":"2026-02-25T10:49:29","slug":"commerces-alimentaires","status":"publish","type":"page","link":"https:\/\/www.lembach.fr\/mairie\/economie\/commerces-alimentaires\/","title":{"rendered":"Commerces alimentaires"},"content":{"rendered":"<h2 class=\"collapseomatic \" id=\"id69e196f34e620\"  tabindex=\"0\" title=\"Boulangeries - P\u00e2tisseries\"    >Boulangeries - P\u00e2tisseries<\/h2><div id=\"target-id69e196f34e620\" class=\"collapseomatic_content \">\n<ul>\n<li><strong>Boulangerie EHRSTEIN Georges<br \/>\n<\/strong>2, route de Woerth \u2013 67510 LEMBACH<br \/>\n03.88.94.40.70<br \/>\nHoraires d\u2019ouverture :<br \/>\ndu lundi au samedi sauf le jeudi apr\u00e8s-midi<br \/>\nferm\u00e9 le lundi tous les 15 jours<\/li>\n<\/ul>\n<p>&nbsp;<\/p>\n<ul>\n<li><strong>Boulangerie FOURNIL DE LA ZIEGELHUTTE<br \/>\n<\/strong>Ferme Ziegelhutte \u2013 67510 LEMBACH<br \/>\n03.90.55.05.80<br \/>\nHoraires d\u2019ouverture :<br \/>\nvendredi et samedi de 7h30 \u00e0 13h<\/li>\n<\/ul>\n<p>&nbsp;<\/p>\n<\/div>\n<h2 class=\"collapseomatic \" id=\"id69e196f34e696\"  tabindex=\"0\" title=\"Boucheries-Charcuteries-Traiteurs\"    >Boucheries-Charcuteries-Traiteurs<\/h2><div id=\"target-id69e196f34e696\" class=\"collapseomatic_content \">\n<ul>\n<li>\u00a0<strong>Boucherie Charcuterie EBERT Jean-Jacques<br \/>\n<\/strong>45, route de Bitche \u2013 67510 LEMBACH (Carrefour Express)<br \/>\n03.88.94.40.14<\/li>\n<\/ul>\n<\/div>\n<h2 class=\"collapseomatic \" id=\"id69e196f34e6b2\"  tabindex=\"0\" title=\"Alimentation g\u00e9n\u00e9rale - Boissons\"    >Alimentation g\u00e9n\u00e9rale - Boissons<\/h2><div id=\"target-id69e196f34e6b2\" class=\"collapseomatic_content \">\n<ul>\n<li><strong>CARREFOUR EXPRESS<br \/>\n<\/strong>45, route de Bitche \u2013 67510 LEMBACH<br \/>\n03.88.05.61.79<br \/>\ncarrefourexpresslembach@gmail.com<\/li>\n<\/ul>\n<ul>\n<li><strong>Boissons HETZEL<br \/>\n<\/strong>4 Rue Andr\u00e9 Maginot, 67510 Lembach<br \/>\n03 88 94 43 85<br \/>\ninfo@boissons-hetzel.fr<br \/>\nwww.boissons-hetzel.fr<\/li>\n<\/ul>\n<ul>\n<li><strong>Helbringer Vincent<\/strong> :<br \/>\nlivraison de paniers fruits ou l\u00e9gumes<br \/>\n<a href=\"mailto:helbringervincent67@hotmail.fr\">helbringervincent67@hotmail.fr<\/a><br \/>\nou par SMS au 06 74 48 40 09 jusqu\u2019\u00e0 mercredi soir<br \/>\n(le paiement se fait \u00e0 la r\u00e9ception de la commande par ch\u00e8que ou esp\u00e8ces)<\/li>\n<\/ul>\n<p>&nbsp;<\/p>\n<\/div>\n","protected":false},"excerpt":{"rendered":"","protected":false},"author":1,"featured_media":0,"parent":328,"menu_order":0,"comment_status":"closed","ping_status":"open","template":"","meta":{"footnotes":""},"class_list":["post-330","page","type-page","status-publish","hentry","nodate","item-wrap"],"_links":{"self":[{"href":"https:\/\/www.lembach.fr\/mairie\/wp-json\/wp\/v2\/pages\/330","targetHints":{"allow":["GET"]}}],"collection":[{"href":"https:\/\/www.lembach.fr\/mairie\/wp-json\/wp\/v2\/pages"}],"about":[{"href":"https:\/\/www.lembach.fr\/mairie\/wp-json\/wp\/v2\/types\/page"}],"author":[{"embeddable":true,"href":"https:\/\/www.lembach.fr\/mairie\/wp-json\/wp\/v2\/users\/1"}],"replies":[{"embeddable":true,"href":"https:\/\/www.lembach.fr\/mairie\/wp-json\/wp\/v2\/comments?post=330"}],"version-history":[{"count":7,"href":"https:\/\/www.lembach.fr\/mairie\/wp-json\/wp\/v2\/pages\/330\/revisions"}],"predecessor-version":[{"id":8794,"href":"https:\/\/www.lembach.fr\/mairie\/wp-json\/wp\/v2\/pages\/330\/revisions\/8794"}],"up":[{"embeddable":true,"href":"https:\/\/www.lembach.fr\/mairie\/wp-json\/wp\/v2\/pages\/328"}],"wp:attachment":[{"href":"https:\/\/www.lembach.fr\/mairie\/wp-json\/wp\/v2\/media?parent=330"}],"curies":[{"name":"wp","href":"https:\/\/api.w.org\/{rel}","templated":true}]}}