{"id":319,"date":"2012-05-05T20:25:40","date_gmt":"2012-05-05T20:25:40","guid":{"rendered":"http:\/\/www.lembach.fr\/mairie\/?page_id=319"},"modified":"2018-08-28T14:53:03","modified_gmt":"2018-08-28T13:53:03","slug":"decouvertes","status":"publish","type":"page","link":"https:\/\/www.lembach.fr\/mairie\/decouvrir\/decouvertes\/","title":{"rendered":"Se promener"},"content":{"rendered":"<p>&nbsp;<\/p>\n<p>Vous avez de nombreuses possibilit\u00e9s pour visiter la r\u00e9gion et faire de nombreuses balades.<\/p>\n<p><ul id='GTTabs_ul_319' class='GTTabs' style='display:none'>\n<li id='GTTabs_li_0_319' class='GTTabs_curr'><a  id=\"319_0\" onMouseOver=\"GTTabsShowLinks('\u00e0 pied'); return true;\"  onMouseOut=\"GTTabsShowLinks();\"  class='GTTabsLinks'>\u00e0 pied<\/a><\/li>\n<li id='GTTabs_li_1_319' ><a  id=\"319_1\" onMouseOver=\"GTTabsShowLinks('\u00e0 v\u00e9lo'); return true;\"  onMouseOut=\"GTTabsShowLinks();\"  class='GTTabsLinks'>\u00e0 v\u00e9lo<\/a><\/li>\n<li id='GTTabs_li_2_319' ><a  id=\"319_2\" onMouseOver=\"GTTabsShowLinks('\u00e0 cheval'); return true;\"  onMouseOut=\"GTTabsShowLinks();\"  class='GTTabsLinks'>\u00e0 cheval<\/a><\/li>\n<li id='GTTabs_li_3_319' ><a  id=\"319_3\" onMouseOver=\"GTTabsShowLinks('en bus'); return true;\"  onMouseOut=\"GTTabsShowLinks();\"  class='GTTabsLinks'>en bus<\/a><\/li>\n<\/ul>\n\n<div class='GTTabs_divs GTTabs_curr_div' id='GTTabs_0_319'>\n<span class='GTTabs_titles'><b>\u00e0 pied<\/b><\/span><\/p>\n<p style=\"text-align: right;\"><strong>Pour conna\u00eetre des dates des battues, <a href=\"https:\/\/www.lembach.fr\/mairie\/wp-content\/uploads\/2018\/08\/Dates_des_battues_2018-2019.pdf\" target=\"_blank\" rel=\"noopener\">cliquer ici<\/a><\/strong><\/p>\n<p>Les collines qui enveloppent le village dans un doux manteau de verdure conf\u00e8rent au site de Lembach un cachet particulier. La mise en place des circuits panoramiques a pour objet de faire d\u00e9couvrir aux promeneurs quelques points de vue remarquables.<\/p>\n<p>Un circuit historique au c\u0153ur du village permettra au promeneur de d\u00e9couvrir les b\u00e2timents remarquables de Lembach et retracera leur histoire.<\/p>\n<p>Un livret guide est en vente \u00e0 la Mairie ou au Syndicat d\u2019Initiative au prix de 2,00 \u20ac.<\/p>\n<p>&nbsp;<\/p>\n<p>En outre, plus de 300 kilom\u00e8tres de sentiers balis\u00e9s sont \u00e0 d\u00e9couvrir dans les Vosges du Nord autour de Lembach, Wingen, Niedersteinbach et Obersteinbach. Ils vous m\u00e8neront sur des sites remarquables, des points de vue \u00e0 couper le souffle et des ruines de ch\u00e2teaux-forts anciens.<\/p>\n<p style=\"text-align: center;\"><a href=\"http:\/\/cv.haguenau.pagesperso-orange.fr\/menudyn.html\" target=\"_blank\" rel=\"noopener\">http:\/\/cv.haguenau.pagesperso-orange.fr\/menudyn.html<\/a><\/p>\n<p style=\"text-align: center;\"><img loading=\"lazy\" decoding=\"async\" class=\"aligncenter size-full wp-image-2267\" src=\"http:\/\/www.lembach.fr\/mairie\/wp-content\/uploads\/2012\/05\/chalet_cv.jpg\" alt=\"chalet_cv\" width=\"471\" height=\"256\" srcset=\"https:\/\/www.lembach.fr\/mairie\/wp-content\/uploads\/2012\/05\/chalet_cv.jpg 471w, https:\/\/www.lembach.fr\/mairie\/wp-content\/uploads\/2012\/05\/chalet_cv-300x163.jpg 300w\" sizes=\"auto, (max-width: 471px) 100vw, 471px\" \/><\/p>\n<p><\/div>\n\n<div class='GTTabs_divs' id='GTTabs_1_319'>\n<span class='GTTabs_titles'><b>\u00e0 v\u00e9lo<\/b><\/span><\/p>\n<p>Venez d\u00e9couvrir de nombreux itin\u00e9raires cyclables aux alentours de Lembach.<\/p>\n<ul>\n<li>\u00a0Les pistes cyclables du Bas-Rhin<\/li>\n<\/ul>\n<p style=\"text-align: center;\"><a href=\"http:\/\/www.bas-rhin.fr\/se-deplacer\/velo\/itineraires-et-pistes-cyclables\" target=\"_blank\" rel=\"noopener\">http:\/\/www.bas-rhin.fr\/se-deplacer\/velo\/itineraires-et-pistes-cyclables<\/a><\/p>\n<ul>\n<li>Les circuits propos\u00e9s par l\u2019ADT (Agence de D\u00e9veloppement Touristique)\u00a0:<br \/>\n&#8211; Circuit\u00a0: Au fil de la ligne Maginot<br \/>\n&#8211; Circuit\u00a0: Vall\u00e9e de la Sauer et stations thermales<\/li>\n<\/ul>\n<p style=\"text-align: center;\"><a href=\"http:\/\/www.tourisme67.com\/cyclotourisme-alsace.htm\" target=\"_blank\" rel=\"noopener\">http:\/\/www.tourisme67.com\/cyclotourisme-alsace.htm<\/a><\/p>\n<ul>\n<li>\u00a0Les circuits permanents propos\u00e9s par l\u2019Association Lembach Cyclotourisme (FFCT)<\/li>\n<\/ul>\n<p style=\"text-align: center;\"><a href=\"http:\/\/www.lembach-cyclotourisme.fr\/MonuNapo.php\" target=\"_blank\" rel=\"noopener\">http:\/\/www.lembach-cyclotourisme.fr\/MonuNapo.php<\/a><\/p>\n<p style=\"text-align: center;\"><img loading=\"lazy\" decoding=\"async\" class=\"size-full wp-image-321 aligncenter\" src=\"http:\/\/www.lembach.fr\/mairie\/wp-content\/uploads\/2012\/05\/randonnee2.jpg\" alt=\"\" width=\"310\" height=\"231\" srcset=\"https:\/\/www.lembach.fr\/mairie\/wp-content\/uploads\/2012\/05\/randonnee2.jpg 310w, https:\/\/www.lembach.fr\/mairie\/wp-content\/uploads\/2012\/05\/randonnee2-300x223.jpg 300w\" sizes=\"auto, (max-width: 310px) 100vw, 310px\" \/><\/p>\n<p>&nbsp;<\/p>\n<p>Un itin\u00e9raire permanent traverse le massif des Vosges de Wissembourg \u00e0 Thann en passant par le Gimbelhof, ferme restaurant \u00e0 proximit\u00e9 de Lembach.<\/p>\n<p style=\"text-align: center;\"><a href=\"http:\/\/www.tmv-alsace-vtt.com\/f\/parcours.htm\" target=\"_blank\" rel=\"noopener\">http:\/\/www.tmv-alsace-vtt.com\/f\/parcours.htm<\/a><\/p>\n<p style=\"text-align: center;\"><a href=\"http:\/\/www.tourisme67.com\/itineraires-vtt-alsace.htm\" target=\"_blank\" rel=\"noopener\">http:\/\/www.tourisme67.com\/itineraires-vtt-alsace.htm<\/a><\/p>\n<p><\/div>\n\n<div class='GTTabs_divs' id='GTTabs_2_319'>\n<span class='GTTabs_titles'><b>\u00e0 cheval<\/b><\/span><\/p>\n<p>Lembach offre un terrain id\u00e9al au c\u0153ur du Parc des Vosges du Nord pour les randonn\u00e9es \u00e9questres \u00e0 travers les chemins forestiers.<\/p>\n<p style=\"text-align: center;\"><img loading=\"lazy\" decoding=\"async\" class=\"size-full wp-image-322 aligncenter\" src=\"http:\/\/www.lembach.fr\/mairie\/wp-content\/uploads\/2012\/05\/randonnee3.jpg\" alt=\"\" width=\"250\" height=\"188\" \/><\/p>\n<p>Un h\u00e9bergement est propos\u00e9 par le g\u00eete<\/p>\n<p style=\"text-align: center;\">Les Ecuries du Flecken<br \/>\nRoute de Mattstall \u2013 67510 LEMBACH<\/p>\n<p align=\"center\">Contact\u00a0: <a href=\"mailto:info@ecuries-du-flecken.com\">info@ecuries-du-flecken.com<br \/>\n<\/a><a href=\"http:\/\/www.ecuries-du-flecken.com\/\" target=\"_blank\" rel=\"noopener\">http:\/\/www.ecuries-du-flecken.com<\/a><\/p>\n<p><\/div>\n\n<div class='GTTabs_divs' id='GTTabs_3_319'>\n<span class='GTTabs_titles'><b>en bus<\/b><\/span><\/p>\n<p>Lembach est desservi par une ligne touristique pendant la p\u00e9riode estivale qui vous emm\u00e8nera sur les lieux \u00e0 visiter.<\/p>\n<p style=\"text-align: center;\">Wissembourg \u2013 Four \u00e0 Chaux \u2013 Fleckenstein<\/p>\n<p style=\"text-align: center;\"><a href=\"http:\/\/www.bas-rhin.fr\/se-deplacer\/reseau-67\/lignes-touristiques\/la-ligne-317-navette-fleckenstein-wissembourg-pfaffenschlick-four-a-chaux-lembach-chateau-fleckenstein\" target=\"_blank\" rel=\"noopener\">Ligne 317<\/a><\/p>\n<p style=\"text-align: center;\"><img loading=\"lazy\" decoding=\"async\" class=\"size-full wp-image-453 aligncenter\" src=\"http:\/\/www.lembach.fr\/mairie\/wp-content\/uploads\/2012\/05\/reseau67.jpg\" alt=\"\" width=\"250\" height=\"156\" \/><\/p>\n<p><\/div>\n\n<\/p>\n<script type='text\/javascript'>jQuery(document).ready(function() { if(GTTabs_getCookie('GTTabs_319')) GTTabs_show(GTTabs_getCookie('GTTabs_319'),319); });<\/script>","protected":false},"excerpt":{"rendered":"<p>&nbsp; Vous avez de nombreuses possibilit\u00e9s pour visiter la r\u00e9gion et faire de nombreuses balades. \u00e0 pied \u00e0 v\u00e9lo \u00e0 cheval en bus \u00e0 pied Pour conna\u00eetre des dates des battues, cliquer ici Les collines qui enveloppent le village dans un doux manteau de verdure conf\u00e8rent au site de Lembach un cachet particulier. La mise &hellip; <\/p>\n<p><a class=\"more-link btn\" href=\"https:\/\/www.lembach.fr\/mairie\/decouvrir\/decouvertes\/\">Lire la suite<\/a><\/p>\n","protected":false},"author":1,"featured_media":0,"parent":237,"menu_order":7,"comment_status":"closed","ping_status":"open","template":"","meta":{"footnotes":""},"class_list":["post-319","page","type-page","status-publish","hentry","nodate","item-wrap"],"_links":{"self":[{"href":"https:\/\/www.lembach.fr\/mairie\/wp-json\/wp\/v2\/pages\/319","targetHints":{"allow":["GET"]}}],"collection":[{"href":"https:\/\/www.lembach.fr\/mairie\/wp-json\/wp\/v2\/pages"}],"about":[{"href":"https:\/\/www.lembach.fr\/mairie\/wp-json\/wp\/v2\/types\/page"}],"author":[{"embeddable":true,"href":"https:\/\/www.lembach.fr\/mairie\/wp-json\/wp\/v2\/users\/1"}],"replies":[{"embeddable":true,"href":"https:\/\/www.lembach.fr\/mairie\/wp-json\/wp\/v2\/comments?post=319"}],"version-history":[{"count":0,"href":"https:\/\/www.lembach.fr\/mairie\/wp-json\/wp\/v2\/pages\/319\/revisions"}],"up":[{"embeddable":true,"href":"https:\/\/www.lembach.fr\/mairie\/wp-json\/wp\/v2\/pages\/237"}],"wp:attachment":[{"href":"https:\/\/www.lembach.fr\/mairie\/wp-json\/wp\/v2\/media?parent=319"}],"curies":[{"name":"wp","href":"https:\/\/api.w.org\/{rel}","templated":true}]}}