{"id":312,"date":"2012-05-05T20:09:54","date_gmt":"2012-05-05T20:09:54","guid":{"rendered":"http:\/\/www.lembach.fr\/mairie\/?page_id=312"},"modified":"2015-02-19T13:54:40","modified_gmt":"2015-02-19T11:54:40","slug":"le-fleckenstein","status":"publish","type":"page","link":"https:\/\/www.lembach.fr\/mairie\/tourisme\/le-fleckenstein\/","title":{"rendered":"Ch\u00e2teau de Fleckenstein"},"content":{"rendered":"<div>\n<div>\n<p style=\"text-align: left;\" align=\"center\">Situ\u00e9 \u00e0 quelques kilom\u00e8tres de LEMBACH, le site du P\u2019tit Fleck vous propose diff\u00e9rentes activit\u00e9s \u00e0 travers la visite de l\u2019espace ludique du P\u2019tit Fleck, le parcours d\u00e9couverte du Ch\u00e2teau des D\u00e9fis ainsi que la visite du Ch\u00e2teau Fort.<\/p>\n<p align=\"center\">\u00a0<img loading=\"lazy\" decoding=\"async\" class=\"alignnone size-full wp-image-273\" src=\"http:\/\/www.lembach.fr\/mairie\/wp-content\/uploads\/2012\/05\/fleckenstein.jpg\" alt=\"\" width=\"280\" height=\"210\" \/><\/p>\n<p align=\"center\"><span style=\"text-decoration: underline;\"><a href=\"http:\/\/www.fleckenstein.fr\" target=\"_blank\">http:\/\/www.fleckenstein.fr<\/a><\/span><\/p>\n<p align=\"center\">\n<\/div>\n<\/div>\n<div>\n<div>\n<p>L\u2019aire de jeux m\u00e9di\u00e9vale et de pique-nique se situe \u00e0 proximit\u00e9 de Fleckenstein, au lieu-dit Gimbelhof.<\/p>\n<p>Les enfants d\u00e9couvriront le parcours de jeux en passant par un pont-levis, dans des tunnels, croiseront de temps en temps un chevalier ou se retrouveront en face d\u2019animaux mythiques taill\u00e9s dans le gr\u00e8s.<\/p>\n<p style=\"text-align: center;\"><img loading=\"lazy\" decoding=\"async\" class=\"alignnone size-full wp-image-313\" src=\"http:\/\/www.lembach.fr\/mairie\/wp-content\/uploads\/2012\/05\/aire_de_jeu.jpg\" alt=\"\" width=\"280\" height=\"177\" \/><\/p>\n<p style=\"text-align: center;\">Voir \u00e9galement la page <span style=\"text-decoration: underline;\"><strong><a href=\"http:\/\/www.lembach.fr\/mairie\/?page_id=2983\">Video concernant le ch\u00e2teau<\/a><\/strong><\/span>.<\/p>\n<\/div>\n<\/div>\n","protected":false},"excerpt":{"rendered":"<p>Situ\u00e9 \u00e0 quelques kilom\u00e8tres de LEMBACH, le site du P\u2019tit Fleck vous propose diff\u00e9rentes activit\u00e9s \u00e0 travers la visite de l\u2019espace ludique du P\u2019tit Fleck, le parcours d\u00e9couverte du Ch\u00e2teau des D\u00e9fis ainsi que la visite du Ch\u00e2teau Fort. \u00a0 http:\/\/www.fleckenstein.fr L\u2019aire de jeux m\u00e9di\u00e9vale et de pique-nique se situe \u00e0 proximit\u00e9 de Fleckenstein, au &hellip; <\/p>\n<p><a class=\"more-link btn\" href=\"https:\/\/www.lembach.fr\/mairie\/tourisme\/le-fleckenstein\/\">Lire la suite<\/a><\/p>\n","protected":false},"author":1,"featured_media":0,"parent":286,"menu_order":2,"comment_status":"closed","ping_status":"open","template":"","meta":{"footnotes":""},"class_list":["post-312","page","type-page","status-publish","hentry","nodate","item-wrap"],"_links":{"self":[{"href":"https:\/\/www.lembach.fr\/mairie\/wp-json\/wp\/v2\/pages\/312","targetHints":{"allow":["GET"]}}],"collection":[{"href":"https:\/\/www.lembach.fr\/mairie\/wp-json\/wp\/v2\/pages"}],"about":[{"href":"https:\/\/www.lembach.fr\/mairie\/wp-json\/wp\/v2\/types\/page"}],"author":[{"embeddable":true,"href":"https:\/\/www.lembach.fr\/mairie\/wp-json\/wp\/v2\/users\/1"}],"replies":[{"embeddable":true,"href":"https:\/\/www.lembach.fr\/mairie\/wp-json\/wp\/v2\/comments?post=312"}],"version-history":[{"count":0,"href":"https:\/\/www.lembach.fr\/mairie\/wp-json\/wp\/v2\/pages\/312\/revisions"}],"up":[{"embeddable":true,"href":"https:\/\/www.lembach.fr\/mairie\/wp-json\/wp\/v2\/pages\/286"}],"wp:attachment":[{"href":"https:\/\/www.lembach.fr\/mairie\/wp-json\/wp\/v2\/media?parent=312"}],"curies":[{"name":"wp","href":"https:\/\/api.w.org\/{rel}","templated":true}]}}