{"id":300,"date":"2020-06-19T12:00:36","date_gmt":"2020-06-19T10:00:36","guid":{"rendered":"http:\/\/www.lembach.fr\/mairie\/?page_id=300"},"modified":"2024-06-11T08:48:29","modified_gmt":"2024-06-11T06:48:29","slug":"camping","status":"publish","type":"page","link":"https:\/\/www.lembach.fr\/mairie\/tourisme\/camping\/","title":{"rendered":"Camping"},"content":{"rendered":"<h4 style=\"text-align: center;\"><\/h4>\n<h4 style=\"text-align: center;\"><span style=\"font-family: arial, helvetica, sans-serif; font-size: 20px;\">Le Camping du Fleckenstein vous accueille du 29 Mars 2024 au 06 Octobre 2024<\/span><\/h4>\n<h4 style=\"text-align: center;\"><span style=\"font-family: arial, helvetica, sans-serif; font-size: 20px;\">de 8h \u00e0 11h et de 15h \u00e0 18h<\/span><\/h4>\n<h4 style=\"text-align: center;\"><\/h4>\n<p>&nbsp;<\/p>\n<h4 style=\"text-align: center;\">Pour tout renseignement :<\/h4>\n<h4 style=\"text-align: center;\">mail \u00e0 <a href=\"mailto:camping@lembach.fr\">camping@lembach.fr<\/a><br \/>\nou<br \/>\nt\u00e9l\u00e9phone : 03.88.94.40.38<\/h4>\n<h4><\/h4>\n<p>&nbsp;<\/p>\n<p>&nbsp;<\/p>\n<h4 style=\"text-align: center;\">Le camping a son propre site Internet :<\/h4>\n<h4 style=\"text-align: center;\"><a href=\"https:\/\/www.lembach.fr\/camping\" target=\"_blank\" rel=\"noopener\">https:\/\/www.lembach.fr\/camping<\/a><\/h4>\n<h2 style=\"text-align: center;\"><img loading=\"lazy\" decoding=\"async\" class=\"aligncenter size-full wp-image-5613\" src=\"https:\/\/www.lembach.fr\/mairie\/wp-content\/uploads\/2019\/03\/camping_2019_1.jpg\" alt=\"\" width=\"500\" height=\"375\" srcset=\"https:\/\/www.lembach.fr\/mairie\/wp-content\/uploads\/2019\/03\/camping_2019_1.jpg 500w, https:\/\/www.lembach.fr\/mairie\/wp-content\/uploads\/2019\/03\/camping_2019_1-300x225.jpg 300w\" sizes=\"auto, (max-width: 500px) 100vw, 500px\" \/><\/h2>\n","protected":false},"excerpt":{"rendered":"<p>Le Camping du Fleckenstein vous accueille du 29 Mars 2024 au 06 Octobre 2024 de 8h \u00e0 11h et de 15h \u00e0 18h &nbsp; Pour tout renseignement : mail \u00e0 camping@lembach.fr ou t\u00e9l\u00e9phone : 03.88.94.40.38 &nbsp; &nbsp; Le camping a son propre site Internet : https:\/\/www.lembach.fr\/camping<\/p>\n","protected":false},"author":1,"featured_media":0,"parent":286,"menu_order":3,"comment_status":"closed","ping_status":"closed","template":"","meta":{"footnotes":""},"class_list":["post-300","page","type-page","status-publish","hentry","nodate","item-wrap"],"_links":{"self":[{"href":"https:\/\/www.lembach.fr\/mairie\/wp-json\/wp\/v2\/pages\/300","targetHints":{"allow":["GET"]}}],"collection":[{"href":"https:\/\/www.lembach.fr\/mairie\/wp-json\/wp\/v2\/pages"}],"about":[{"href":"https:\/\/www.lembach.fr\/mairie\/wp-json\/wp\/v2\/types\/page"}],"author":[{"embeddable":true,"href":"https:\/\/www.lembach.fr\/mairie\/wp-json\/wp\/v2\/users\/1"}],"replies":[{"embeddable":true,"href":"https:\/\/www.lembach.fr\/mairie\/wp-json\/wp\/v2\/comments?post=300"}],"version-history":[{"count":2,"href":"https:\/\/www.lembach.fr\/mairie\/wp-json\/wp\/v2\/pages\/300\/revisions"}],"predecessor-version":[{"id":7902,"href":"https:\/\/www.lembach.fr\/mairie\/wp-json\/wp\/v2\/pages\/300\/revisions\/7902"}],"up":[{"embeddable":true,"href":"https:\/\/www.lembach.fr\/mairie\/wp-json\/wp\/v2\/pages\/286"}],"wp:attachment":[{"href":"https:\/\/www.lembach.fr\/mairie\/wp-json\/wp\/v2\/media?parent=300"}],"curies":[{"name":"wp","href":"https:\/\/api.w.org\/{rel}","templated":true}]}}