{"id":297,"date":"2012-05-05T19:57:56","date_gmt":"2012-05-05T19:57:56","guid":{"rendered":"http:\/\/www.lembach.fr\/mairie\/?page_id=297"},"modified":"2026-02-25T11:40:54","modified_gmt":"2026-02-25T10:40:54","slug":"locations","status":"publish","type":"page","link":"https:\/\/www.lembach.fr\/mairie\/tourisme\/locations\/","title":{"rendered":"Locations"},"content":{"rendered":"<p>&nbsp;<\/p>\n<p>&nbsp;<\/p>\n<ul>\n<li><strong>Maison de Campagne Les Ch\u00e2taigniers<\/strong><\/li>\n<\/ul>\n<p style=\"text-align: center;\"><strong>37-38 rue des Fr\u00eanes &#8211; 67510 PFAFFENBRONN<\/strong><\/p>\n<p style=\"text-align: center;\"><strong>06.07.32.48.10<\/strong><\/p>\n<p style=\"text-align: center;\"><strong><a href=\"mailto:l.laeuffer@laeuffer.fr\">l.laeuffer@laeuffer.fr<\/a><\/strong><\/p>\n<p>&nbsp;<\/p>\n<ul>\n<li><strong>G\u00eete Fabien FISCHER<\/strong><\/li>\n<\/ul>\n<p style=\"text-align: center;\"><strong style=\"text-align: center;\">Rue du Flecken \u2013 67510 LEMBACH<\/strong><\/p>\n<p style=\"text-align: center;\"><strong>03.88.80.73.58<\/strong><\/p>\n<p style=\"text-align: center;\"><strong><a href=\"http:\/\/fischer.fabien.free.fr\/\" target=\"_blank\" rel=\"noopener noreferrer\">http:\/\/fischer.fabien.free.fr\/<\/a><\/strong><\/p>\n<p>&nbsp;<\/p>\n<ul>\n<li>\u00a0<strong>G\u00eete HOEFS<\/strong><\/li>\n<\/ul>\n<p style=\"text-align: center;\"><strong>70 R\u00e9sidence des Ch\u00e2taigniers &#8211;\u00a0 67510 PFAFFENBRONN<\/strong><\/p>\n<p>&nbsp;<\/p>\n<p>&nbsp;<\/p>\n<ul>\n<li><strong>Chambres d\u2019h\u00f4tes LES VOSGES DU NORD (Georges LIENHARD)<\/strong><\/li>\n<\/ul>\n<p style=\"text-align: center;\"><strong>59, route de Bitche \u2013 67510 LEMBACH<\/strong><\/p>\n<p style=\"text-align: center;\"><strong>03.88.94.43.41<\/strong><\/p>\n<p>&nbsp;<\/p>\n<ul>\n<li>\u00a0<strong>G\u00eete Thea &amp; Henne OTTO<br \/>\n<\/strong><\/li>\n<\/ul>\n<p style=\"text-align: center;\"><strong>La r\u00e9sidence des Ch\u00e2taigniers<\/strong><\/p>\n<p style=\"text-align: center;\"><strong>67510 PFAFFENBRONN<\/strong><\/p>\n<p style=\"text-align: center;\"><strong>03 88 94 43 38<\/strong><br \/>\n<strong> 06 21 48 42 37<\/strong><\/p>\n<p style=\"text-align: center;\"><strong><a href=\"http:\/\/www.alsace-maisons.com\" target=\"_blank\" rel=\"noopener noreferrer\">www.alsace-maisons.com<\/a><\/strong><\/p>\n<p>&nbsp;<\/p>\n<ul>\n<li><strong>Maison de la Randonn\u00e9e du Club Vosgien<\/strong><\/li>\n<\/ul>\n<p style=\"text-align: center;\"><strong>route de Bitche \u2013 67510 LEMBACH<\/strong><\/p>\n<p style=\"text-align: center;\"><strong>03.88.94.44.79 \u2013 03.88.93.83.93<\/strong><\/p>\n<p>&nbsp;<\/p>\n<ul>\n<li><strong>G\u00eete SCHELL<\/strong><\/li>\n<\/ul>\n<p style=\"text-align: center;\"><strong>9, rue de la Synagogue \u2013 67510 LEMBACH<\/strong><\/p>\n<p style=\"text-align: center;\"><strong>03.88.94.20.46<\/strong><\/p>\n<p style=\"text-align: center;\"><strong><a href=\"http:\/\/gite.schell.free.fr\/\">http:\/\/gite.schell.free.fr<\/a><\/strong><\/p>\n<p>&nbsp;<\/p>\n<ul>\n<li><strong>G\u00eete OF&rsquo;M BARI (Hubert SCHMITT)<\/strong><\/li>\n<\/ul>\n<p style=\"text-align: center;\"><strong>1, rue Disteldorf \u2013 67510 LEMBACH<\/strong><\/p>\n<p style=\"text-align: center;\"><strong>03.88.94.48.01<\/strong><\/p>\n<p style=\"text-align: center;\"><strong><a href=\"schmitt.hubert@neuf.fr\/\">schmitt.hubert@neuf.fr<\/a><\/strong><\/p>\n<p>&nbsp;<\/p>\n","protected":false},"excerpt":{"rendered":"<p>&nbsp; &nbsp; Maison de Campagne Les Ch\u00e2taigniers 37-38 rue des Fr\u00eanes &#8211; 67510 PFAFFENBRONN 06.07.32.48.10 l.laeuffer@laeuffer.fr &nbsp; G\u00eete Fabien FISCHER Rue du Flecken \u2013 67510 LEMBACH 03.88.80.73.58 http:\/\/fischer.fabien.free.fr\/ &nbsp; \u00a0G\u00eete HOEFS 70 R\u00e9sidence des Ch\u00e2taigniers &#8211;\u00a0 67510 PFAFFENBRONN &nbsp; &nbsp; Chambres d\u2019h\u00f4tes LES VOSGES DU NORD (Georges LIENHARD) 59, route de Bitche \u2013 67510 LEMBACH &hellip; <\/p>\n<p><a class=\"more-link btn\" href=\"https:\/\/www.lembach.fr\/mairie\/tourisme\/locations\/\">Lire la suite<\/a><\/p>\n","protected":false},"author":1,"featured_media":0,"parent":286,"menu_order":9,"comment_status":"closed","ping_status":"open","template":"","meta":{"footnotes":""},"class_list":["post-297","page","type-page","status-publish","hentry","nodate","item-wrap"],"_links":{"self":[{"href":"https:\/\/www.lembach.fr\/mairie\/wp-json\/wp\/v2\/pages\/297","targetHints":{"allow":["GET"]}}],"collection":[{"href":"https:\/\/www.lembach.fr\/mairie\/wp-json\/wp\/v2\/pages"}],"about":[{"href":"https:\/\/www.lembach.fr\/mairie\/wp-json\/wp\/v2\/types\/page"}],"author":[{"embeddable":true,"href":"https:\/\/www.lembach.fr\/mairie\/wp-json\/wp\/v2\/users\/1"}],"replies":[{"embeddable":true,"href":"https:\/\/www.lembach.fr\/mairie\/wp-json\/wp\/v2\/comments?post=297"}],"version-history":[{"count":3,"href":"https:\/\/www.lembach.fr\/mairie\/wp-json\/wp\/v2\/pages\/297\/revisions"}],"predecessor-version":[{"id":8791,"href":"https:\/\/www.lembach.fr\/mairie\/wp-json\/wp\/v2\/pages\/297\/revisions\/8791"}],"up":[{"embeddable":true,"href":"https:\/\/www.lembach.fr\/mairie\/wp-json\/wp\/v2\/pages\/286"}],"wp:attachment":[{"href":"https:\/\/www.lembach.fr\/mairie\/wp-json\/wp\/v2\/media?parent=297"}],"curies":[{"name":"wp","href":"https:\/\/api.w.org\/{rel}","templated":true}]}}