{"id":286,"date":"2012-05-05T19:51:22","date_gmt":"2012-05-05T19:51:22","guid":{"rendered":"http:\/\/www.lembach.fr\/mairie\/?page_id=286"},"modified":"2017-10-22T14:08:22","modified_gmt":"2017-10-22T13:08:22","slug":"tourisme","status":"publish","type":"page","link":"https:\/\/www.lembach.fr\/mairie\/tourisme\/","title":{"rendered":"Tourisme"},"content":{"rendered":"<p>Les amateurs de sorties p\u00e9destres seront combl\u00e9s par la multitude de sentiers balis\u00e9s couvrant l&rsquo;ensemble de la r\u00e9gion. Les amateurs de v\u00e9lo (VTT ou route) sauront profiter soit de la piste cyclable et des routes de la Vall\u00e9e de la Sauer, soit des innombrables itin\u00e9raires routiers ou de chemins \u00e0 travers le massif vosgien.<\/p>\n<p>Les amateurs d&rsquo;Histoire trouveront au c\u0153ur de nos for\u00eats, de nombreuses ruines de ch\u00e2teaux datant des 12\u00e8me et 13\u00e8me si\u00e8cles comme le tr\u00e8s c\u00e9l\u00e8bre \u00ab\u00a0<em><strong>Ch\u00e2teau de Fleckenstein<\/strong><\/em>\u00ab\u00a0.<\/p>\n<p>De m\u00eame, la seconde guerre mondiale a laiss\u00e9 de nombreuses traces dans notre r\u00e9gion: vous pourrez visiter le \u00ab\u00a0<em><strong>Four \u00e0 Chaux<\/strong><\/em>\u00ab\u00a0, un ouvrage important de la ligne Maginot.<\/p>\n<p>La fronti\u00e8re allemande toute proche, vous permettra d&rsquo;aller faire un tour chez nos voisins allemands. Les piscines de plein air ou couvertes offrent de tr\u00e8s belles installations pour petits et grands. En \u00e9t\u00e9, l&rsquo;\u00e9tang du Fleckenstein avec ses installations am\u00e9nag\u00e9es, permettra \u00e9galement de se rafra\u00eechir en toute s\u00e9curit\u00e9.<\/p>\n<p>La proximit\u00e9 de Strasbourg, vous laissera une opportunit\u00e9 de visiter la Capitale europ\u00e9enne avec tous ses atouts touristiques dans la journ\u00e9e, tout en retrouvant le calme et le repos de la campagne au retour.<\/p>\n<p>En \u00e9t\u00e9 et en automne, la for\u00eat devient le paradis des chercheurs de champignons.<\/p>\n<p>En d\u00e9cembre, vous vous laisserez surprendre par les march\u00e9s de No\u00ebl si typiquement alsaciens.<\/p>\n<p style=\"text-align: center;\">&#8212;&#8212;&#8212;&#8212;&#8212;&#8212;&#8212;&#8212;&#8212;&#8211;<\/p>\n<p>Le Syndicat d\u2019Initiative de Lembach et Environs se tient \u00e0 votre disposition pour tous renseignements concernant les activit\u00e9s de loisirs propos\u00e9es dans la r\u00e9gion de LEMBACH, ses h\u00e9bergements, ses restaurants, ses mus\u00e9es et tous autres sites touristiques.<\/p>\n<p><strong><div class=\"alert alert-success\" role=\"alert\"><p class=\"printonly\"><strong>Important!<\/strong><\/p><\/strong><\/p>\n<p style=\"text-align: center;\" class=\"first-p\"><strong>Syndicat d\u2019Initiative de Lembach et Environs<\/strong><br \/>\n2, route de Bitche<br \/>\n67510 Lembach<\/p>\n<p style=\"text-align: center;\">T\u00e9l : +33 (0)3 88 94 43 16 (bureau du SILE)<br \/>\net +33 (0)3 88 94 48 62 (accueil du Four-\u00e0-Chaux)<br \/>\nFax : +33 (0)3 88 94 20 04<\/p>\n<p>&nbsp;<\/p>\n<p style=\"text-align: center;\" align=\"center\">Contact\u00a0: <a href=\"mailto:info@ot-lembach.com\">info@ot-lembach.com<br \/>\n<\/a><a href=\"http:\/\/www.ot-lembach.com\/\" target=\"_blank\" rel=\"noopener\">http:\/\/www.ot-lembach.com<\/a><\/p>\n<\/div>\n<p style=\"text-align: center;\"><img loading=\"lazy\" decoding=\"async\" class=\"aligncenter size-full wp-image-5041\" src=\"https:\/\/www.lembach.fr\/mairie\/wp-content\/uploads\/2012\/05\/banniere_syndicat.jpg\" alt=\"\" width=\"528\" height=\"188\" srcset=\"https:\/\/www.lembach.fr\/mairie\/wp-content\/uploads\/2012\/05\/banniere_syndicat.jpg 528w, https:\/\/www.lembach.fr\/mairie\/wp-content\/uploads\/2012\/05\/banniere_syndicat-300x107.jpg 300w\" sizes=\"auto, (max-width: 528px) 100vw, 528px\" \/><\/p>\n","protected":false},"excerpt":{"rendered":"<p>Les amateurs de sorties p\u00e9destres seront combl\u00e9s par la multitude de sentiers balis\u00e9s couvrant l&rsquo;ensemble de la r\u00e9gion. Les amateurs de v\u00e9lo (VTT ou route) sauront profiter soit de la piste cyclable et des routes de la Vall\u00e9e de la Sauer, soit des innombrables itin\u00e9raires routiers ou de chemins \u00e0 travers le massif vosgien. Les &hellip; <\/p>\n<p><a class=\"more-link btn\" href=\"https:\/\/www.lembach.fr\/mairie\/tourisme\/\">Lire la suite<\/a><\/p>\n","protected":false},"author":1,"featured_media":0,"parent":0,"menu_order":7,"comment_status":"closed","ping_status":"open","template":"","meta":{"footnotes":""},"class_list":["post-286","page","type-page","status-publish","hentry","nodate","item-wrap"],"_links":{"self":[{"href":"https:\/\/www.lembach.fr\/mairie\/wp-json\/wp\/v2\/pages\/286","targetHints":{"allow":["GET"]}}],"collection":[{"href":"https:\/\/www.lembach.fr\/mairie\/wp-json\/wp\/v2\/pages"}],"about":[{"href":"https:\/\/www.lembach.fr\/mairie\/wp-json\/wp\/v2\/types\/page"}],"author":[{"embeddable":true,"href":"https:\/\/www.lembach.fr\/mairie\/wp-json\/wp\/v2\/users\/1"}],"replies":[{"embeddable":true,"href":"https:\/\/www.lembach.fr\/mairie\/wp-json\/wp\/v2\/comments?post=286"}],"version-history":[{"count":0,"href":"https:\/\/www.lembach.fr\/mairie\/wp-json\/wp\/v2\/pages\/286\/revisions"}],"wp:attachment":[{"href":"https:\/\/www.lembach.fr\/mairie\/wp-json\/wp\/v2\/media?parent=286"}],"curies":[{"name":"wp","href":"https:\/\/api.w.org\/{rel}","templated":true}]}}