{"id":269,"date":"2012-05-05T19:31:39","date_gmt":"2012-05-05T19:31:39","guid":{"rendered":"http:\/\/www.lembach.fr\/mairie\/?page_id=269"},"modified":"2026-02-25T10:57:53","modified_gmt":"2026-02-25T09:57:53","slug":"population","status":"publish","type":"page","link":"https:\/\/www.lembach.fr\/mairie\/infos\/population\/","title":{"rendered":"Population"},"content":{"rendered":"<p style=\"text-align: left;\">\u00c9volution de la population \u00e0 LEMBACH-MATTSTALL<\/p>\n<table width=\"293\">\n<tbody>\n<tr>\n<td style=\"width: 131.99px; text-align: center;\">Ann\u00e9e recensement<\/td>\n<td style=\"width: 138.01px; text-align: center;\">Population totale<\/td>\n<\/tr>\n<tr>\n<td style=\"width: 131.99px; text-align: center;\">2025<\/td>\n<td style=\"width: 138.01px; text-align: center;\">1512<\/td>\n<\/tr>\n<tr>\n<td style=\"width: 131.99px; text-align: center;\">2024<\/td>\n<td style=\"width: 138.01px; text-align: center;\">1537<\/td>\n<\/tr>\n<tr>\n<td style=\"width: 131.99px; text-align: center;\">2017<\/td>\n<td style=\"width: 138.01px; text-align: center;\">1622<\/td>\n<\/tr>\n<tr>\n<td style=\"width: 131.99px; text-align: center;\">2013<\/td>\n<td style=\"width: 138.01px; text-align: center;\">1693<\/td>\n<\/tr>\n<tr>\n<td style=\"width: 131.99px; text-align: center;\">2009<\/td>\n<td style=\"width: 138.01px; text-align: center;\">1 773<\/td>\n<\/tr>\n<tr>\n<td style=\"width: 131.99px; text-align: center;\">2007<\/td>\n<td style=\"width: 138.01px; text-align: center;\">1 764<\/td>\n<\/tr>\n<tr>\n<td style=\"width: 131.99px; text-align: center;\">2006<\/td>\n<td style=\"width: 138.01px; text-align: center;\">\u00a0758<\/td>\n<\/tr>\n<tr>\n<td style=\"width: 131.99px; text-align: center;\">1999<\/td>\n<td style=\"width: 138.01px; text-align: center;\">1 717<\/td>\n<\/tr>\n<tr>\n<td style=\"width: 131.99px; text-align: center;\">1990<\/td>\n<td style=\"width: 138.01px; text-align: center;\">1 723<\/td>\n<\/tr>\n<\/tbody>\n<\/table>\n<p style=\"text-align: center;\"><em>Source : INSEE<\/em><\/p>\n<p style=\"text-align: center;\" align=\"center\"><a href=\"https:\/\/www.insee.fr\/fr\/statistiques\/2011101?geo=COM-67263#chiffre-cle-11\" target=\"_blank\" rel=\"noopener\">Dossier complet concernant le recensement pour la commune de Lembach<\/a><\/p>\n<p align=\"center\"><img loading=\"lazy\" decoding=\"async\" class=\"alignnone size-full wp-image-357\" style=\"border: 0pt none;\" src=\"http:\/\/www.lembach.fr\/mairie\/wp-content\/uploads\/2012\/05\/family-icon.png\" alt=\"\" width=\"128\" height=\"128\" \/><\/p>\n","protected":false},"excerpt":{"rendered":"<p>\u00c9volution de la population \u00e0 LEMBACH-MATTSTALL Ann\u00e9e recensement Population totale 2025 1512 2024 1537 2017 1622 2013 1693 2009 1 773 2007 1 764 2006 \u00a0758 1999 1 717 1990 1 723 Source : INSEE Dossier complet concernant le recensement pour la commune de Lembach<\/p>\n","protected":false},"author":1,"featured_media":0,"parent":254,"menu_order":0,"comment_status":"closed","ping_status":"open","template":"","meta":{"footnotes":""},"class_list":["post-269","page","type-page","status-publish","hentry","nodate","item-wrap"],"_links":{"self":[{"href":"https:\/\/www.lembach.fr\/mairie\/wp-json\/wp\/v2\/pages\/269","targetHints":{"allow":["GET"]}}],"collection":[{"href":"https:\/\/www.lembach.fr\/mairie\/wp-json\/wp\/v2\/pages"}],"about":[{"href":"https:\/\/www.lembach.fr\/mairie\/wp-json\/wp\/v2\/types\/page"}],"author":[{"embeddable":true,"href":"https:\/\/www.lembach.fr\/mairie\/wp-json\/wp\/v2\/users\/1"}],"replies":[{"embeddable":true,"href":"https:\/\/www.lembach.fr\/mairie\/wp-json\/wp\/v2\/comments?post=269"}],"version-history":[{"count":4,"href":"https:\/\/www.lembach.fr\/mairie\/wp-json\/wp\/v2\/pages\/269\/revisions"}],"predecessor-version":[{"id":8781,"href":"https:\/\/www.lembach.fr\/mairie\/wp-json\/wp\/v2\/pages\/269\/revisions\/8781"}],"up":[{"embeddable":true,"href":"https:\/\/www.lembach.fr\/mairie\/wp-json\/wp\/v2\/pages\/254"}],"wp:attachment":[{"href":"https:\/\/www.lembach.fr\/mairie\/wp-json\/wp\/v2\/media?parent=269"}],"curies":[{"name":"wp","href":"https:\/\/api.w.org\/{rel}","templated":true}]}}