{"id":266,"date":"2012-05-05T19:30:08","date_gmt":"2012-05-05T19:30:08","guid":{"rendered":"http:\/\/www.lembach.fr\/mairie\/?page_id=266"},"modified":"2012-06-10T16:39:26","modified_gmt":"2012-06-10T14:39:26","slug":"jumelage","status":"publish","type":"page","link":"https:\/\/www.lembach.fr\/mairie\/infos\/jumelage\/","title":{"rendered":"Jumelage"},"content":{"rendered":"<p>Lors de l\u2019\u00e9vacuation des communes alsaciennes et mosellanes situ\u00e9es \u00e0 proximit\u00e9 de la Ligne Maginot en septembre 1939, les habitants de la commune de LEMBACH ont trouv\u00e9 refuge dans la commune de DROUX en Basse-Marche, D\u00e9partement de la Haute-Vienne.<\/p>\n<p>Le 23 mai 2009, les communes de DROUX et de LEMBACH ont sign\u00e9 une charte de jumelage afin de sceller un peu plus leurs liens.<\/p>\n<p style=\"text-align: center;\"><img loading=\"lazy\" decoding=\"async\" class=\"size-full wp-image-267 aligncenter\" src=\"http:\/\/www.lembach.fr\/mairie\/wp-content\/uploads\/2012\/05\/jumelage.jpg\" alt=\"\" width=\"500\" height=\"724\" srcset=\"https:\/\/www.lembach.fr\/mairie\/wp-content\/uploads\/2012\/05\/jumelage.jpg 500w, https:\/\/www.lembach.fr\/mairie\/wp-content\/uploads\/2012\/05\/jumelage-207x300.jpg 207w\" sizes=\"auto, (max-width: 500px) 100vw, 500px\" \/><\/p>\n","protected":false},"excerpt":{"rendered":"<p>Lors de l\u2019\u00e9vacuation des communes alsaciennes et mosellanes situ\u00e9es \u00e0 proximit\u00e9 de la Ligne Maginot en septembre 1939, les habitants de la commune de LEMBACH ont trouv\u00e9 refuge dans la commune de DROUX en Basse-Marche, D\u00e9partement de la Haute-Vienne. Le 23 mai 2009, les communes de DROUX et de LEMBACH ont sign\u00e9 une charte de &hellip; <\/p>\n<p><a class=\"more-link btn\" href=\"https:\/\/www.lembach.fr\/mairie\/infos\/jumelage\/\">Lire la suite<\/a><\/p>\n","protected":false},"author":1,"featured_media":0,"parent":254,"menu_order":0,"comment_status":"closed","ping_status":"open","template":"","meta":{"footnotes":""},"class_list":["post-266","page","type-page","status-publish","hentry","nodate","item-wrap"],"_links":{"self":[{"href":"https:\/\/www.lembach.fr\/mairie\/wp-json\/wp\/v2\/pages\/266","targetHints":{"allow":["GET"]}}],"collection":[{"href":"https:\/\/www.lembach.fr\/mairie\/wp-json\/wp\/v2\/pages"}],"about":[{"href":"https:\/\/www.lembach.fr\/mairie\/wp-json\/wp\/v2\/types\/page"}],"author":[{"embeddable":true,"href":"https:\/\/www.lembach.fr\/mairie\/wp-json\/wp\/v2\/users\/1"}],"replies":[{"embeddable":true,"href":"https:\/\/www.lembach.fr\/mairie\/wp-json\/wp\/v2\/comments?post=266"}],"version-history":[{"count":0,"href":"https:\/\/www.lembach.fr\/mairie\/wp-json\/wp\/v2\/pages\/266\/revisions"}],"up":[{"embeddable":true,"href":"https:\/\/www.lembach.fr\/mairie\/wp-json\/wp\/v2\/pages\/254"}],"wp:attachment":[{"href":"https:\/\/www.lembach.fr\/mairie\/wp-json\/wp\/v2\/media?parent=266"}],"curies":[{"name":"wp","href":"https:\/\/api.w.org\/{rel}","templated":true}]}}