{"id":254,"date":"2012-05-05T19:17:46","date_gmt":"2012-05-05T19:17:46","guid":{"rendered":"http:\/\/www.lembach.fr\/mairie\/?page_id=254"},"modified":"2012-06-25T12:59:36","modified_gmt":"2012-06-25T10:59:36","slug":"infos","status":"publish","type":"page","link":"https:\/\/www.lembach.fr\/mairie\/infos\/","title":{"rendered":"Infos"},"content":{"rendered":"<p>La Commune de LEMBACH fait partie de la Communaut\u00e9 des Communes de Sauer Pechelbronn dont le si\u00e8ge est situ\u00e9 \u00e0 DURRENBACH.<\/p>\n<p>La Communaut\u00e9 des Communes regroupe 24 Communes.<\/p>\n<p>Ses comp\u00e9tences sont principalement l\u2019am\u00e9nagement du territoire et son d\u00e9veloppement \u00e9conomique.<\/p>\n<p align=\"center\"><a href=\"http:\/\/www.sauer-pechelbronn.fr\/\" target=\"_blank\">http:\/\/www.sauer-pechelbronn.fr<\/a><\/p>\n<p style=\"text-align: center;\"><a href=\"http:\/\/www.sauer-pechelbronn.fr\" target=\"_blank\"><img loading=\"lazy\" decoding=\"async\" class=\"size-full wp-image-263 aligncenter\" style=\"border: 0pt none;\" src=\"http:\/\/www.lembach.fr\/mairie\/wp-content\/uploads\/2012\/05\/logo_sauer.jpg\" alt=\"\" width=\"150\" height=\"98\" \/><\/a><\/p>\n<p>Lembach est membre du PNRVN (Parc Naturel R\u00e9gional des Vosges du Nord) dont le si\u00e8ge se trouve \u00e0 LA PETITE PIERRE.<\/p>\n<p>L\u2019objectif principal est le d\u00e9veloppement durable du territoire.<\/p>\n<p style=\"text-align: center;\"><a href=\"http:\/\/www.parc-vosges-nord.fr\/\" target=\"_blank\">http:\/\/www.parc-vosges-nord.fr\/<\/a><\/p>\n<p style=\"text-align: center;\"><a href=\"http:\/\/www.parc-vosges-nord.fr\/\" target=\"_blank\"><img loading=\"lazy\" decoding=\"async\" class=\"size-full wp-image-262 aligncenter\" src=\"http:\/\/www.lembach.fr\/mairie\/wp-content\/uploads\/2012\/05\/logo_parc.jpg\" alt=\"\" width=\"73\" height=\"93\" \/><\/a><\/p>\n<p>&nbsp;<\/p>\n<p>LEMBACH est devenu la 9<sup>\u00e8me<\/sup> station verte du Bas-Rhin en date du 07 octobre 2009.<\/p>\n<p>Une station verte est une destination touristique de loisirs et de vacances, reconnue au niveau national comme une station organis\u00e9e, offrant les services et plaisirs attendus dans l\u2019univers Nature.<\/p>\n<p>La c\u00e9r\u00e9monie de la remise de la charte a eu lieu le 05 juin 2010.<\/p>\n<p style=\"text-align: center;\"><img loading=\"lazy\" decoding=\"async\" class=\"size-full wp-image-264 aligncenter\" src=\"http:\/\/www.lembach.fr\/mairie\/wp-content\/uploads\/2012\/05\/station_verte.jpg\" alt=\"\" width=\"98\" height=\"95\" \/><\/p>\n","protected":false},"excerpt":{"rendered":"<p>La Commune de LEMBACH fait partie de la Communaut\u00e9 des Communes de Sauer Pechelbronn dont le si\u00e8ge est situ\u00e9 \u00e0 DURRENBACH. La Communaut\u00e9 des Communes regroupe 24 Communes. Ses comp\u00e9tences sont principalement l\u2019am\u00e9nagement du territoire et son d\u00e9veloppement \u00e9conomique. http:\/\/www.sauer-pechelbronn.fr Lembach est membre du PNRVN (Parc Naturel R\u00e9gional des Vosges du Nord) dont le si\u00e8ge &hellip; <\/p>\n<p><a class=\"more-link btn\" href=\"https:\/\/www.lembach.fr\/mairie\/infos\/\">Lire la suite<\/a><\/p>\n","protected":false},"author":1,"featured_media":0,"parent":0,"menu_order":2,"comment_status":"closed","ping_status":"open","template":"","meta":{"footnotes":""},"class_list":["post-254","page","type-page","status-publish","hentry","nodate","item-wrap"],"_links":{"self":[{"href":"https:\/\/www.lembach.fr\/mairie\/wp-json\/wp\/v2\/pages\/254","targetHints":{"allow":["GET"]}}],"collection":[{"href":"https:\/\/www.lembach.fr\/mairie\/wp-json\/wp\/v2\/pages"}],"about":[{"href":"https:\/\/www.lembach.fr\/mairie\/wp-json\/wp\/v2\/types\/page"}],"author":[{"embeddable":true,"href":"https:\/\/www.lembach.fr\/mairie\/wp-json\/wp\/v2\/users\/1"}],"replies":[{"embeddable":true,"href":"https:\/\/www.lembach.fr\/mairie\/wp-json\/wp\/v2\/comments?post=254"}],"version-history":[{"count":0,"href":"https:\/\/www.lembach.fr\/mairie\/wp-json\/wp\/v2\/pages\/254\/revisions"}],"wp:attachment":[{"href":"https:\/\/www.lembach.fr\/mairie\/wp-json\/wp\/v2\/media?parent=254"}],"curies":[{"name":"wp","href":"https:\/\/api.w.org\/{rel}","templated":true}]}}