{"id":2427,"date":"2014-03-14T12:48:57","date_gmt":"2014-03-14T11:48:57","guid":{"rendered":"http:\/\/www.lembach.fr\/mairie\/?page_id=2427"},"modified":"2026-01-12T10:06:08","modified_gmt":"2026-01-12T09:06:08","slug":"plan-local-durbanisme","status":"publish","type":"page","link":"https:\/\/www.lembach.fr\/mairie\/demarches-administratives\/plan-local-durbanisme\/","title":{"rendered":"Plan Local d&rsquo;Urbanisme"},"content":{"rendered":"<p style=\"text-align: center;\"><strong>Avis d\u2019Enqu\u00eate Publique<\/strong><\/p>\n<p style=\"text-align: center;\"><strong>Commune de Lembach<\/strong><\/p>\n<p style=\"text-align: center;\"><strong>Modification n\u00b01 du plan local d\u2019urbanisme <\/strong><\/p>\n<div class=\"text-justify\">\n<p>La commune de LEMBACH a men\u00e9 du mercredi 12 novembre 2025 \u00e0 10 heures au vendredi 28 novembre 2025 \u00e0 17 heures une enqu\u00eate publique portant sur le projet de modification n\u00b01 de son Plan Local d\u2019Urbanisme (PLU).<\/p>\n<p>L\u2019objectif de cette proc\u00e9dure de modification porte sur un certain nombre de points dont les objectifs poursuivis sont les suivants :<\/p>\n<\/div>\n<div class=\"text-justify\">\n<ul>\n<li>mettre \u00e0 jour les plans (format CNIG) et le r\u00e8glement (loi ALUR)<\/li>\n<li>mettre \u00e0 jour le nuancier et revoir certaines d\u00e9finitions du lexique<\/li>\n<li>toiletter certains termes obsol\u00e8tes et en harmoniser d\u2019autres<\/li>\n<li>adapter le zonage \u00e0 la r\u00e9alit\u00e9 du terrain et corriger des oublis<\/li>\n<li>revoir les contours des zones Ac<\/li>\n<li>cr\u00e9er des STECAL (Secteurs de Taille Et de Capacit\u00e9 Limit\u00e9e)<\/li>\n<li>modifier les r\u00e8gles de stationnement, de cl\u00f4tures et de toiture<\/li>\n<li>autoriser les r\u00e9novations et les panneaux photovolta\u00efques en zone A et N<\/li>\n<li>supprimer le sous-secteur UBm<\/li>\n<li>modifier les r\u00e8gles de constructibilit\u00e9 en zone UX.<\/li>\n<\/ul>\n<\/div>\n<p>&nbsp;<\/p>\n<p>Rapport du commissaire enqu\u00eateur : <a href=\"https:\/\/www.registre-numerique.fr\/modif-plu-lembach\/rapport\" target=\"_blank\" rel=\"noopener\">https:\/\/www.registre-numerique.fr<\/a><\/p>\n<p>&nbsp;<\/p>\n<p style=\"text-align: center;\">\n<hr \/>\n<p><span style=\"font-size: medium;\">Vous pouvez consulter l&rsquo;ensemble des documents constitutifs du PLU approuv\u00e9 par d\u00e9lib\u00e9ration du Conseil Municipal du 21 d\u00e9cembre 2010, en cliquant sur les liens ci-dessous (bas de page).<\/span><\/p>\n<p>Vous envisagez de r\u00e9aliser des travaux? Lisez ce document : <a href=\"https:\/\/www.lembach.fr\/mairie\/wp-content\/uploads\/2025\/07\/RAPPEL-REGLES-DP-PC.pdf\" target=\"_blank\" rel=\"noopener\">D\u00e9marches \u00e0 effectuer aupr\u00e8s de la mairie<\/a><\/p>\n<ul>\n<li><strong>A noter que depuis le 1er juillet 2023, de nouveaux formulaires n\u00b013404*11 sont d\u00e9sormais \u00e0 utiliser pour vos d\u00e9clarations pr\u00e9alables de travaux. <\/strong><\/li>\n<\/ul>\n<p><strong>Vous trouverez ces nouveaux formulaires ainsi que toutes les informations pour le d\u00e9p\u00f4t de vos d\u00e9clarations sur le site internet <a class=\"moz-txt-link-freetext\" href=\"https:\/\/www.service-public.fr\/particuliers\/vosdroits\/N319\">https:\/\/www.service-public.fr\/particuliers\/vosdroits\/N319<\/a>. <\/strong><\/p>\n<p>&nbsp;<\/p>\n<ul>\n<li>Depuis le 12 d\u00e9cembre 2023, l\u2019<strong>attestation sismique<\/strong> devra \u00eatre fournie dans les dossiers de demandes de permis lorsque le projet est en zone de sismicit\u00e9 3 et qu\u2019il concerne un b\u00e2timent de cat\u00e9gorie d\u2019importance II (d\u00e9finie par les articles R. 563-3 et suivants du code de la construction et de l\u2019habitation), exclus jusqu\u2019alors.<\/li>\n<\/ul>\n<p>Il s\u2019agit des b\u00e2timents d\u2019<strong>habitation individuelle, les ERP de 4\u00e8me et 5\u00e8me cat\u00e9gories, les b\u00e2timents abritant les parcs de stationnement ouverts au public, les b\u00e2timents d&rsquo;habitation collective, les b\u00e2timents \u00e0 usage commercial ou de bureaux, non ERP, les b\u00e2timents destin\u00e9s \u00e0 l&rsquo;exercice d&rsquo;une activit\u00e9 industrielle.<\/strong><\/p>\n<p>Cette attestation doit \u00eatre fournie dans les dossiers concern\u00e9s d\u00e9pos\u00e9s depuis le 1<sup>er<\/sup> janvier 2024. Si la pi\u00e8ce est absente du dossier, l\u2019instructeur en charge du dossier vous proposera un courrier de demande de pi\u00e8ce.<\/p>\n<p>En revanche, elle n\u2019est pas \u00e0 fournir dans les dossiers de d\u00e9clarations pr\u00e9alables.<\/p>\n<p>Pour t\u00e9l\u00e9charger les formulaires :<\/p>\n<ol>\n<li><a href=\"https:\/\/www.lembach.fr\/mairie\/wp-content\/uploads\/2024\/03\/Modele-Attestation-sismique_depot_janvier2024.pdf\" target=\"_blank\" rel=\"noopener\">ANNEXE 1<\/a><\/li>\n<li><a href=\"https:\/\/www.lembach.fr\/mairie\/wp-content\/uploads\/2024\/03\/Modele-Attestation-sismique_DAACT_janvier2024.pdf\" target=\"_blank\" rel=\"noopener\">ANNEXE 2<\/a><\/li>\n<\/ol>\n<p>&nbsp;<\/p>\n<p>&nbsp;<\/p>\n<h4 style=\"text-align: center;\"><strong><span style=\"color: #000000;\">Le service de l&rsquo;urbanisme de la Mairie reste bien \u00e9videmment \u00e0 votre disposition pour toute information que vous pourriez souhaiter<\/span><\/strong><\/h4>\n<p>&nbsp;<\/p>\n<p>&nbsp;<\/p>\n<p><strong><span style=\"color: #ff0000;\">Les liens ci-dessous fonctionnent avec \u00ab\u00a0Firefox\u00a0\u00bb et \u00ab\u00a0Google Chrome\u00a0\u00bb.<br \/>\nIl semble que Internet Explorer bloque lors du t\u00e9l\u00e9chargement de certains des gros fichiers.<br \/>\nDans ce cas, il faut faire <span style=\"color: #0000ff;\"><em>clic droit -&gt; enregistrer la cible<\/em><\/span><\/span><\/strong><\/p>\n<p>1. <a href=\"http:\/\/www.lembach.fr\/mairie\/wp-content\/uploads\/PLU\/01_LEMBACH_rapport%20APPROBATION%2021-12-2010.pdf\" target=\"_blank\" rel=\"noopener\">Rapport de pr\u00e9sentation<\/a><\/p>\n<p>2. <a href=\"http:\/\/www.lembach.fr\/mairie\/wp-content\/uploads\/PLU\/02_LEMBACH_PADD_approbation.pdf\" target=\"_blank\" rel=\"noopener\">Projet d\u2019Am\u00e9nagement et de D\u00e9veloppement Durable<\/a><\/p>\n<p>3. <a href=\"http:\/\/www.lembach.fr\/mairie\/wp-content\/uploads\/PLU\/03_LEMBACH_r\u00e8glement%20%20APPROBATION.pdf\" target=\"_blank\" rel=\"noopener\">R\u00e8glement<\/a><\/p>\n<p>4. Plans de r\u00e8glement :<\/p>\n<ul>\n<li><a href=\"http:\/\/www.lembach.fr\/mairie\/wp-content\/uploads\/PLU\/4a1_zonage%2010000e%20ouest.pdf\" target=\"_blank\" rel=\"noopener\">zonage 10000\u00e8me Ouest<\/a><\/li>\n<li><a href=\"http:\/\/www.lembach.fr\/mairie\/wp-content\/uploads\/PLU\/4a2_zonage%2010000e%20est.pdf\">zonage 10000\u00e8me Est<\/a><\/li>\n<li><a href=\"http:\/\/www.lembach.fr\/mairie\/wp-content\/uploads\/PLU\/4b_zonage%202000e%20lembach.pdf\" target=\"_blank\" rel=\"noopener\">zonage 2000\u00e8me Lembach<\/a><\/li>\n<li><a href=\"http:\/\/www.lembach.fr\/mairie\/wp-content\/uploads\/PLU\/4c_zonage%202000e%20mattstall.pdf\" target=\"_blank\" rel=\"noopener\">zonage 2000\u00e8me Mattstall<\/a><\/li>\n<\/ul>\n<p>5. <a href=\"http:\/\/www.lembach.fr\/mairie\/wp-content\/uploads\/PLU\/05_LEMBACH_ORIENTATIONS%20D'AMENAGEMENT%20approbation.pdf\" target=\"_blank\" rel=\"noopener\">Orientations d\u2019Am\u00e9nagement<\/a><\/p>\n<p>6. Annexes relatives aux servitudes d\u2019utilit\u00e9 publique :<\/p>\n<ul>\n<li><a href=\"http:\/\/www.lembach.fr\/mairie\/wp-content\/uploads\/PLU\/06_LEMBACH_SERVITUDES%20UTILITE%20PUBLIQUE%20%20Approbation.pdf\" target=\"_blank\" rel=\"noopener\">liste<\/a><\/li>\n<li><a href=\"http:\/\/www.lembach.fr\/mairie\/wp-content\/uploads\/PLU\/06a_LEMBACH_PLAN%20SUP%20ouest%20%20Approbation.pdf\" target=\"_blank\" rel=\"noopener\">plan Ouest<\/a><\/li>\n<li><a href=\"http:\/\/www.lembach.fr\/mairie\/wp-content\/uploads\/PLU\/06b_LEMBACH_PLAN%20SUP%20centre%20%20Approbation.pdf\" target=\"_blank\" rel=\"noopener\">plan Centre<\/a><\/li>\n<li><a href=\"http:\/\/www.lembach.fr\/mairie\/wp-content\/uploads\/PLU\/06c_LEMBACH_PLAN%20SUP%20est%20Approbation.pdf\" target=\"_blank\" rel=\"noopener\">plan Est<\/a><\/li>\n<\/ul>\n<p>7. Annexes relatives au r\u00e9seau d\u2019assainissement :<\/p>\n<ul>\n<li><a href=\"http:\/\/www.lembach.fr\/mairie\/wp-content\/uploads\/PLU\/07a_LEMBACH%20ASSAINISSEMENT%20Notice%20Approbation.pdf\" target=\"_blank\" rel=\"noopener\">notice<\/a><\/li>\n<li><a href=\"http:\/\/www.lembach.fr\/mairie\/wp-content\/uploads\/PLU\/07b_LEMBACH%20ASSAINISSEMENT%20PLAN%201%20Approbation.pdf\" target=\"_blank\" rel=\"noopener\">plan 1<\/a><\/li>\n<li><a href=\"http:\/\/www.lembach.fr\/mairie\/wp-content\/uploads\/PLU\/07c_LEMBACH%20ASSAINISSEMENT%20PLAN%202%20Approbation.pdf\" target=\"_blank\" rel=\"noopener\">plan 2<\/a><\/li>\n<li><a href=\"http:\/\/www.lembach.fr\/mairie\/wp-content\/uploads\/PLU\/07d_LEMBACH%20ASSAINISSEMENT%20PLAN%203%20Approbation.pdf\" target=\"_blank\" rel=\"noopener\">plan 3<\/a><\/li>\n<li><a href=\"http:\/\/www.lembach.fr\/mairie\/wp-content\/uploads\/PLU\/07e_LEMBACH%20ASSAINISSEMENT%20PLAN%204%20Approbation.pdf\" target=\"_blank\" rel=\"noopener\">plan 4<\/a><\/li>\n<li><a href=\"http:\/\/www.lembach.fr\/mairie\/wp-content\/uploads\/PLU\/07f_LEMBACH%20ASSAINISSEMENT%20PLAN%205%20Approbation.pdf\" target=\"_blank\" rel=\"noopener\">plan 5<\/a><\/li>\n<\/ul>\n<p>8. Annexes relatives au r\u00e9seau d\u2019eau potable :<\/p>\n<ul>\n<li><a href=\"http:\/\/www.lembach.fr\/mairie\/wp-content\/uploads\/PLU\/08_Annexe%20EAU%20-%20notice.pdf\" target=\"_blank\" rel=\"noopener\">notice<\/a><\/li>\n<li><a href=\"http:\/\/www.lembach.fr\/mairie\/wp-content\/uploads\/PLU\/08a_Annexe%20EAU%20-%20plan%204000e.pdf\" target=\"_blank\" rel=\"noopener\">plan 4000\u00e8me<\/a><\/li>\n<li><a href=\"http:\/\/www.lembach.fr\/mairie\/wp-content\/uploads\/PLU\/08b_Annexe%20EAU%20-%20plan%20LEMBACH.pdf\" target=\"_blank\" rel=\"noopener\">plan Lembach<\/a><\/li>\n<li><a href=\"http:\/\/www.lembach.fr\/mairie\/wp-content\/uploads\/PLU\/08c_Annexe%20EAU%20-%20plan%20MATTSTALL.pdf\" target=\"_blank\" rel=\"noopener\">plan Mattstall<\/a><\/li>\n<li><a href=\"http:\/\/www.lembach.fr\/mairie\/wp-content\/uploads\/PLU\/08d_Annexe%20EAU%20-%20plan%20PFAFFENBRONN.pdf\" target=\"_blank\" rel=\"noopener\">plan Pfaffenbronn<\/a><\/li>\n<\/ul>\n<p>9. <a href=\"http:\/\/www.lembach.fr\/mairie\/wp-content\/uploads\/PLU\/09_LEMBACH_Ordures%20m\u00e9nag\u00e8res%20APPROBATION.pdf\" target=\"_blank\" rel=\"noopener\">Annexe relative \u00e0 l\u2019\u00e9limination et au traitement des d\u00e9chets<\/a><\/p>\n<p>10. <a href=\"http:\/\/www.lembach.fr\/mairie\/wp-content\/uploads\/PLU\/10_LEMBACH_ANNEXE%20PLOMB%20%20Approbation.pdf\" target=\"_blank\" rel=\"noopener\">Annexe relative au risque d\u2019exposition au plomb<\/a><\/p>\n<p>&nbsp;<\/p>\n<p>Bien s\u00fbr, vous pouvez venir en mairie consulter la version papier et obtenir les explications ou renseignements qui vous seraient utiles.<\/p>\n<p><img loading=\"lazy\" decoding=\"async\" class=\"aligncenter size-full wp-image-2428\" src=\"http:\/\/www.lembach.fr\/mairie\/wp-content\/uploads\/2014\/03\/plu.jpg\" alt=\"plu\" width=\"150\" height=\"158\" \/><\/p>\n<p>&nbsp;<\/p>\n","protected":false},"excerpt":{"rendered":"<p>Avis d\u2019Enqu\u00eate Publique Commune de Lembach Modification n\u00b01 du plan local d\u2019urbanisme La commune de LEMBACH a men\u00e9 du mercredi 12 novembre 2025 \u00e0 10 heures au vendredi 28 novembre 2025 \u00e0 17 heures une enqu\u00eate publique portant sur le projet de modification n\u00b01 de son Plan Local d\u2019Urbanisme (PLU). L\u2019objectif de cette proc\u00e9dure de &hellip; <\/p>\n<p><a class=\"more-link btn\" href=\"https:\/\/www.lembach.fr\/mairie\/demarches-administratives\/plan-local-durbanisme\/\">Lire la suite<\/a><\/p>\n","protected":false},"author":1,"featured_media":0,"parent":56,"menu_order":11,"comment_status":"closed","ping_status":"closed","template":"","meta":{"footnotes":""},"class_list":["post-2427","page","type-page","status-publish","hentry","nodate","item-wrap"],"_links":{"self":[{"href":"https:\/\/www.lembach.fr\/mairie\/wp-json\/wp\/v2\/pages\/2427","targetHints":{"allow":["GET"]}}],"collection":[{"href":"https:\/\/www.lembach.fr\/mairie\/wp-json\/wp\/v2\/pages"}],"about":[{"href":"https:\/\/www.lembach.fr\/mairie\/wp-json\/wp\/v2\/types\/page"}],"author":[{"embeddable":true,"href":"https:\/\/www.lembach.fr\/mairie\/wp-json\/wp\/v2\/users\/1"}],"replies":[{"embeddable":true,"href":"https:\/\/www.lembach.fr\/mairie\/wp-json\/wp\/v2\/comments?post=2427"}],"version-history":[{"count":8,"href":"https:\/\/www.lembach.fr\/mairie\/wp-json\/wp\/v2\/pages\/2427\/revisions"}],"predecessor-version":[{"id":8692,"href":"https:\/\/www.lembach.fr\/mairie\/wp-json\/wp\/v2\/pages\/2427\/revisions\/8692"}],"up":[{"embeddable":true,"href":"https:\/\/www.lembach.fr\/mairie\/wp-json\/wp\/v2\/pages\/56"}],"wp:attachment":[{"href":"https:\/\/www.lembach.fr\/mairie\/wp-json\/wp\/v2\/media?parent=2427"}],"curies":[{"name":"wp","href":"https:\/\/api.w.org\/{rel}","templated":true}]}}