{"id":241,"date":"2012-05-05T19:10:20","date_gmt":"2012-05-05T19:10:20","guid":{"rendered":"http:\/\/www.lembach.fr\/mairie\/?page_id=241"},"modified":"2018-11-05T12:21:13","modified_gmt":"2018-11-05T11:21:13","slug":"mattstall","status":"publish","type":"page","link":"https:\/\/www.lembach.fr\/mairie\/decouvrir\/mattstall\/","title":{"rendered":"Mattstall"},"content":{"rendered":"<p style=\"text-align: center;\"><img loading=\"lazy\" decoding=\"async\" class=\"size-full wp-image-620 aligncenter\" style=\"border: 0pt none;\" src=\"http:\/\/www.lembach.fr\/mairie\/wp-content\/uploads\/2012\/05\/blason_mattstall.png\" alt=\"\" width=\"128\" height=\"158\" \/><\/p>\n<p style=\"text-align: left;\">Les communes de Lembach et de Mattstall ont fusionn\u00e9 le 1<sup>er<\/sup> septembre 1972.<\/p>\n<p><img loading=\"lazy\" decoding=\"async\" class=\"aligncenter size-full wp-image-1182\" title=\"mattstall\" src=\"http:\/\/www.lembach.fr\/mairie\/wp-content\/uploads\/2012\/05\/mattstall.jpg\" alt=\"\" width=\"400\" height=\"300\" srcset=\"https:\/\/www.lembach.fr\/mairie\/wp-content\/uploads\/2012\/05\/mattstall.jpg 400w, https:\/\/www.lembach.fr\/mairie\/wp-content\/uploads\/2012\/05\/mattstall-300x225.jpg 300w\" sizes=\"auto, (max-width: 400px) 100vw, 400px\" \/><\/p>\n<p style=\"text-align: left;\">Le village de Mattstall est reli\u00e9 au village de Lembach par une route communale touristique de 3,5 km et compte environ 170 habitants . C\u2019est un village paisible o\u00f9 de tr\u00e8s belles maisons paysannes traditionnelles enrichissent le patrimoine architectural du village. L\u2019histoire du village est \u00e9troitement li\u00e9e \u00e0 l\u2019industrie du verre aux 15 et 16<sup>\u00e8me<\/sup> si\u00e8cles.<\/p>\n<p>Mattstall a obtenu sa 4<sup>\u00e8me<\/sup> fleur au concours des villages fleuris en 2018.<\/p>\n<p style=\"text-align: center;\"><img loading=\"lazy\" decoding=\"async\" class=\"aligncenter size-full wp-image-5462\" src=\"https:\/\/www.lembach.fr\/mairie\/wp-content\/uploads\/2018\/11\/4fleurs.jpg\" alt=\"\" width=\"350\" height=\"129\" srcset=\"https:\/\/www.lembach.fr\/mairie\/wp-content\/uploads\/2018\/11\/4fleurs.jpg 350w, https:\/\/www.lembach.fr\/mairie\/wp-content\/uploads\/2018\/11\/4fleurs-300x111.jpg 300w\" sizes=\"auto, (max-width: 350px) 100vw, 350px\" \/><\/p>\n<p style=\"text-align: right;\">La page de wikip\u00e9dia :<span style=\"text-decoration: underline;\"><strong> <a href=\"http:\/\/fr.wikipedia.org\/wiki\/Mattstall\" target=\"_blank\" rel=\"noopener\">Mattstall <\/a><\/strong><\/span><\/p>\n","protected":false},"excerpt":{"rendered":"<p>Les communes de Lembach et de Mattstall ont fusionn\u00e9 le 1er septembre 1972. Le village de Mattstall est reli\u00e9 au village de Lembach par une route communale touristique de 3,5 km et compte environ 170 habitants . C\u2019est un village paisible o\u00f9 de tr\u00e8s belles maisons paysannes traditionnelles enrichissent le patrimoine architectural du village. L\u2019histoire &hellip; <\/p>\n<p><a class=\"more-link btn\" href=\"https:\/\/www.lembach.fr\/mairie\/decouvrir\/mattstall\/\">Lire la suite<\/a><\/p>\n","protected":false},"author":1,"featured_media":0,"parent":237,"menu_order":1,"comment_status":"closed","ping_status":"open","template":"","meta":{"footnotes":""},"class_list":["post-241","page","type-page","status-publish","hentry","nodate","item-wrap"],"_links":{"self":[{"href":"https:\/\/www.lembach.fr\/mairie\/wp-json\/wp\/v2\/pages\/241","targetHints":{"allow":["GET"]}}],"collection":[{"href":"https:\/\/www.lembach.fr\/mairie\/wp-json\/wp\/v2\/pages"}],"about":[{"href":"https:\/\/www.lembach.fr\/mairie\/wp-json\/wp\/v2\/types\/page"}],"author":[{"embeddable":true,"href":"https:\/\/www.lembach.fr\/mairie\/wp-json\/wp\/v2\/users\/1"}],"replies":[{"embeddable":true,"href":"https:\/\/www.lembach.fr\/mairie\/wp-json\/wp\/v2\/comments?post=241"}],"version-history":[{"count":0,"href":"https:\/\/www.lembach.fr\/mairie\/wp-json\/wp\/v2\/pages\/241\/revisions"}],"up":[{"embeddable":true,"href":"https:\/\/www.lembach.fr\/mairie\/wp-json\/wp\/v2\/pages\/237"}],"wp:attachment":[{"href":"https:\/\/www.lembach.fr\/mairie\/wp-json\/wp\/v2\/media?parent=241"}],"curies":[{"name":"wp","href":"https:\/\/api.w.org\/{rel}","templated":true}]}}