{"id":2406,"date":"2014-03-11T12:32:39","date_gmt":"2014-03-11T11:32:39","guid":{"rendered":"http:\/\/www.lembach.fr\/mairie\/?page_id=2406"},"modified":"2014-03-11T12:42:51","modified_gmt":"2014-03-11T11:42:51","slug":"station-verte","status":"publish","type":"page","link":"https:\/\/www.lembach.fr\/mairie\/tourisme\/station-verte\/","title":{"rendered":"Station verte"},"content":{"rendered":"<p><span style=\"font-size: medium;\"><strong>Lembach est class\u00e9 <span style=\"text-decoration: underline;\"><a href=\"http:\/\/www.stationverte.com\" target=\"_blank\">station verte de vacances<\/a><\/span> depuis 2010.<\/strong><\/span><\/p>\n<p><span style=\"font-size: medium; color: #008000;\">Qu\u2019est ce qu\u2019une station verte ?<\/span><\/p>\n<p>C\u2019est une commune (550 env. en France) de moins de 10000 h.<\/p>\n<ul>\n<li>qui offre un certain nombre de prestations (office de tourisme, commerces, services publics et priv\u00e9s, h\u00e9bergements, baignade) au tourisme de nature<\/li>\n<\/ul>\n<ul>\n<li>qui est accueillante (fleurissement, soin du patrimoine, accueil physique)<\/li>\n<\/ul>\n<ul>\n<li>qui se positionne par rapport au d\u00e9veloppement durable<\/li>\n<\/ul>\n<p>Ce label participe \u00e0 la promotion de notre commune\u00a0 par le biais des actions de la F\u00e9d\u00e9ration nationale et l\u2019int\u00e8gre dans un r\u00e9seau local, r\u00e9gional et national.<\/p>\n<p>Les stations vertes s\u2019engagent dans l\u2019\u00e9cotourisme et gr\u00e2ce \u00e0 un r\u00e9f\u00e9rentiel tr\u00e8s complet donnent aux acteurs touristiques les pistes pour se positionner et progresser vers\u00a0 une d\u00e9marche globale de qualit\u00e9 du tourisme vert.<\/p>\n<p style=\"text-align: left;\"><a href=\"http:\/\/www.stationverte.com\" target=\"_blank\"><img loading=\"lazy\" decoding=\"async\" class=\"aligncenter size-full wp-image-2407\" style=\"border: 0px none;\" alt=\"logo_station_verte\" src=\"http:\/\/www.lembach.fr\/mairie\/wp-content\/uploads\/2014\/03\/logo_station_verte.jpg\" width=\"300\" height=\"291\" \/><\/a><br \/>\n<span style=\"font-size: medium; color: #008000;\">Qu\u2019est ce que l\u2019\u00e9cotourisme ?<\/span><\/p>\n<p>C\u2019est une forme de tourisme durable, principalement ax\u00e9 sur la d\u00e9couverte d\u2019espaces naturels de qualit\u00e9 et s\u2019appuyant sur des h\u00e9bergements, des services et des acteurs respectueux de l\u2019environnement (assainissement, d\u00e9chets, limitation de la pollution sonore et lumineuse, circuits courts, \u00e9nergie renouvelable, circulations douces). Tourn\u00e9 aussi vers la d\u00e9couverte des hommes et de leur patrimoine historique et culturel, l\u2019\u00e9cotourisme prend en compte une approche p\u00e9dagogique.<\/p>\n","protected":false},"excerpt":{"rendered":"<p>Lembach est class\u00e9 station verte de vacances depuis 2010. Qu\u2019est ce qu\u2019une station verte ? C\u2019est une commune (550 env. en France) de moins de 10000 h. qui offre un certain nombre de prestations (office de tourisme, commerces, services publics et priv\u00e9s, h\u00e9bergements, baignade) au tourisme de nature qui est accueillante (fleurissement, soin du patrimoine, &hellip; <\/p>\n<p><a class=\"more-link btn\" href=\"https:\/\/www.lembach.fr\/mairie\/tourisme\/station-verte\/\">Lire la suite<\/a><\/p>\n","protected":false},"author":1,"featured_media":0,"parent":286,"menu_order":0,"comment_status":"closed","ping_status":"closed","template":"","meta":{"footnotes":""},"class_list":["post-2406","page","type-page","status-publish","hentry","nodate","item-wrap"],"_links":{"self":[{"href":"https:\/\/www.lembach.fr\/mairie\/wp-json\/wp\/v2\/pages\/2406","targetHints":{"allow":["GET"]}}],"collection":[{"href":"https:\/\/www.lembach.fr\/mairie\/wp-json\/wp\/v2\/pages"}],"about":[{"href":"https:\/\/www.lembach.fr\/mairie\/wp-json\/wp\/v2\/types\/page"}],"author":[{"embeddable":true,"href":"https:\/\/www.lembach.fr\/mairie\/wp-json\/wp\/v2\/users\/1"}],"replies":[{"embeddable":true,"href":"https:\/\/www.lembach.fr\/mairie\/wp-json\/wp\/v2\/comments?post=2406"}],"version-history":[{"count":0,"href":"https:\/\/www.lembach.fr\/mairie\/wp-json\/wp\/v2\/pages\/2406\/revisions"}],"up":[{"embeddable":true,"href":"https:\/\/www.lembach.fr\/mairie\/wp-json\/wp\/v2\/pages\/286"}],"wp:attachment":[{"href":"https:\/\/www.lembach.fr\/mairie\/wp-json\/wp\/v2\/media?parent=2406"}],"curies":[{"name":"wp","href":"https:\/\/api.w.org\/{rel}","templated":true}]}}