{"id":187,"date":"2012-05-05T16:54:30","date_gmt":"2012-05-05T16:54:30","guid":{"rendered":"http:\/\/www.lembach.fr\/mairie\/?page_id=187"},"modified":"2026-03-23T11:19:48","modified_gmt":"2026-03-23T10:19:48","slug":"cultes","status":"publish","type":"page","link":"https:\/\/www.lembach.fr\/mairie\/vivre-a-lembach\/cultes\/","title":{"rendered":"Cultes"},"content":{"rendered":"<p><ul id='GTTabs_ul_187' class='GTTabs' style='display:none'>\n<li id='GTTabs_li_0_187' class='GTTabs_curr'><a  id=\"187_0\" onMouseOver=\"GTTabsShowLinks('Paroisse Catholique'); return true;\"  onMouseOut=\"GTTabsShowLinks();\"  class='GTTabsLinks'>Paroisse Catholique<\/a><\/li>\n<li id='GTTabs_li_1_187' ><a  id=\"187_1\" onMouseOver=\"GTTabsShowLinks('Paroisse Protestante'); return true;\"  onMouseOut=\"GTTabsShowLinks();\"  class='GTTabsLinks'>Paroisse Protestante<\/a><\/li>\n<li id='GTTabs_li_2_187' ><a  id=\"187_2\" onMouseOver=\"GTTabsShowLinks('Paroisse Evang\u00e9lique Luth\u00e9rienne'); return true;\"  onMouseOut=\"GTTabsShowLinks();\"  class='GTTabsLinks'>Paroisse Evang\u00e9lique Luth\u00e9rienne<\/a><\/li>\n<\/ul>\n\n<div class='GTTabs_divs GTTabs_curr_div' id='GTTabs_0_187'>\n<span class='GTTabs_titles'><b>Paroisse Catholique<\/b><\/span><\/p>\n<blockquote>\n<div style=\"text-align: center;\">Cur\u00e9 : S\u00e9bastien Philipps<\/div>\n<div style=\"text-align: center;\">\u00a0Presbyt\u00e8re catholique<\/div>\n<div style=\"text-align: center;\">15 route de Bitche<\/div>\n<div style=\"text-align: center;\">67510 LEMBACH<\/div>\n<div style=\"text-align: center;\">T\u00e9l 03.88.94.41.01<\/div>\n<\/blockquote>\n<p style=\"text-align: center;\"><img loading=\"lazy\" decoding=\"async\" class=\"size-full wp-image-193 aligncenter\" src=\"http:\/\/www.lembach.fr\/mairie\/wp-content\/uploads\/2012\/05\/eglise_c2.jpg\" alt=\"\" width=\"150\" height=\"200\" \/><\/p>\n<p><\/div>\n\n<div class='GTTabs_divs' id='GTTabs_1_187'>\n<span class='GTTabs_titles'><b>Paroisse Protestante<\/b><\/span><\/p>\n<blockquote>\n<div style=\"text-align: center;\">Presbyt\u00e8re protestant<\/div>\n<div style=\"text-align: center;\">5 rue du Ch\u00e2teau<\/div>\n<div style=\"text-align: center;\">67510 LEMBACH<\/div>\n<\/blockquote>\n<div><\/div>\n<div><\/div>\n<blockquote>\n<div><\/div>\n<div style=\"text-align: center;\">Paroisse protestante de Lembach-Obersteinbach-Niedersteinbach<\/div>\n<div style=\"text-align: center;\">Isabell Welker<\/div>\n<div style=\"text-align: center;\">06 86 64 93 61<\/div>\n<div style=\"text-align: center;\">isabell.welker@orange.fr<\/div>\n<\/blockquote>\n<p style=\"text-align: center;\"><img loading=\"lazy\" decoding=\"async\" class=\"size-full wp-image-191 aligncenter\" src=\"http:\/\/www.lembach.fr\/mairie\/wp-content\/uploads\/2012\/05\/eglise_p.jpg\" alt=\"\" width=\"180\" height=\"135\" \/><\/p>\n<p><\/div>\n\n<div class='GTTabs_divs' id='GTTabs_2_187'>\n<span class='GTTabs_titles'><b>Paroisse Evang\u00e9lique Luth\u00e9rienne<\/b><\/span><\/p>\n<blockquote>\n<div style=\"text-align: center;\">Eglise Saint-Paul \u00e0 LEMBACH<\/div>\n<div style=\"text-align: center;\">6\u00a0rue du Maire Dielmann<\/div>\n<div style=\"text-align: center;\">67510 Lembach<\/div>\n<div style=\"text-align: center;\">t\u00e9l 03.88.09.30.99<\/div>\n<div style=\"text-align: center;\">\u00a0lembach@eglise-lutherienne.org<br \/>\nPr\u00e9sident : M. Albert Fortmann<\/div>\n<\/blockquote>\n<p style=\"text-align: center;\"><img loading=\"lazy\" decoding=\"async\" class=\"wp-image-195 aligncenter\" src=\"http:\/\/www.lembach.fr\/mairie\/wp-content\/uploads\/2012\/05\/eglise_l.jpg\" alt=\"\" width=\"200\" height=\"154\" \/><\/p>\n<p>&nbsp;<\/p>\n<p><\/div>\n\n<\/p>\n<script type='text\/javascript'>jQuery(document).ready(function() { if(GTTabs_getCookie('GTTabs_187')) GTTabs_show(GTTabs_getCookie('GTTabs_187'),187); });<\/script>","protected":false},"excerpt":{"rendered":"<p>Paroisse Catholique Paroisse Protestante Paroisse Evang\u00e9lique Luth\u00e9rienne Paroisse Catholique Cur\u00e9 : S\u00e9bastien Philipps \u00a0Presbyt\u00e8re catholique 15 route de Bitche 67510 LEMBACH T\u00e9l 03.88.94.41.01 Paroisse Protestante Presbyt\u00e8re protestant 5 rue du Ch\u00e2teau 67510 LEMBACH Paroisse protestante de Lembach-Obersteinbach-Niedersteinbach Isabell Welker 06 86 64 93 61 isabell.welker@orange.fr Paroisse Evang\u00e9lique Luth\u00e9rienne Eglise Saint-Paul \u00e0 LEMBACH 6\u00a0rue du Maire &hellip; <\/p>\n<p><a class=\"more-link btn\" href=\"https:\/\/www.lembach.fr\/mairie\/vivre-a-lembach\/cultes\/\">Lire la suite<\/a><\/p>\n","protected":false},"author":1,"featured_media":0,"parent":159,"menu_order":4,"comment_status":"closed","ping_status":"open","template":"","meta":{"footnotes":""},"class_list":["post-187","page","type-page","status-publish","hentry","nodate","item-wrap"],"_links":{"self":[{"href":"https:\/\/www.lembach.fr\/mairie\/wp-json\/wp\/v2\/pages\/187","targetHints":{"allow":["GET"]}}],"collection":[{"href":"https:\/\/www.lembach.fr\/mairie\/wp-json\/wp\/v2\/pages"}],"about":[{"href":"https:\/\/www.lembach.fr\/mairie\/wp-json\/wp\/v2\/types\/page"}],"author":[{"embeddable":true,"href":"https:\/\/www.lembach.fr\/mairie\/wp-json\/wp\/v2\/users\/1"}],"replies":[{"embeddable":true,"href":"https:\/\/www.lembach.fr\/mairie\/wp-json\/wp\/v2\/comments?post=187"}],"version-history":[{"count":5,"href":"https:\/\/www.lembach.fr\/mairie\/wp-json\/wp\/v2\/pages\/187\/revisions"}],"predecessor-version":[{"id":8831,"href":"https:\/\/www.lembach.fr\/mairie\/wp-json\/wp\/v2\/pages\/187\/revisions\/8831"}],"up":[{"embeddable":true,"href":"https:\/\/www.lembach.fr\/mairie\/wp-json\/wp\/v2\/pages\/159"}],"wp:attachment":[{"href":"https:\/\/www.lembach.fr\/mairie\/wp-json\/wp\/v2\/media?parent=187"}],"curies":[{"name":"wp","href":"https:\/\/api.w.org\/{rel}","templated":true}]}}