{"id":165,"date":"2012-05-05T16:32:34","date_gmt":"2012-05-05T16:32:34","guid":{"rendered":"http:\/\/www.lembach.fr\/mairie\/?page_id=165"},"modified":"2023-04-03T16:02:14","modified_gmt":"2023-04-03T14:02:14","slug":"education-jeunesse","status":"publish","type":"page","link":"https:\/\/www.lembach.fr\/mairie\/vivre-a-lembach\/education-jeunesse\/","title":{"rendered":"Education, jeunesse"},"content":{"rendered":"<ul>\n<li>\n<h2>\u00c9cole primaire Henri Mertz de Lembach<\/h2>\n<\/li>\n<\/ul>\n<p><img loading=\"lazy\" decoding=\"async\" class=\" wp-image-4253 aligncenter\" src=\"http:\/\/www.lembach.fr\/mairie\/wp-content\/uploads\/2012\/05\/Ecole.png\" alt=\"ecole\" width=\"334\" height=\"162\" srcset=\"https:\/\/www.lembach.fr\/mairie\/wp-content\/uploads\/2012\/05\/Ecole.png 495w, https:\/\/www.lembach.fr\/mairie\/wp-content\/uploads\/2012\/05\/Ecole-300x145.png 300w\" sizes=\"auto, (max-width: 334px) 100vw, 334px\" \/><\/p>\n<p><strong>\u00a0<\/strong><\/p>\n<blockquote>\n<div style=\"text-align: center;\">03 88 94 21 57<\/div>\n<div style=\"text-align: center;\">03 88 94 21 59 (maternelle)<\/div>\n<div style=\"text-align: center;\"><a href=\"mailto:ecole@lembach.fr\">ecole@lembach.fr<\/a><\/div>\n<div style=\"text-align: center;\">Tous les renseignements utiles sont sur le site de l&rsquo;\u00e9cole :<\/div>\n<div style=\"text-align: center;\"><a href=\"http:\/\/www.lembach.fr\/ecole\" target=\"_blank\" rel=\"noopener\">http:\/\/www.lembach.fr\/ecole<\/a><\/div>\n<\/blockquote>\n<p><a href=\"http:\/\/www.lembach.fr\/ecole\" target=\"_blank\" rel=\"noopener\"><img loading=\"lazy\" decoding=\"async\" class=\"size-medium wp-image-168 aligncenter\" src=\"http:\/\/www.lembach.fr\/mairie\/wp-content\/uploads\/2012\/05\/ecole-300x178.jpg\" alt=\"\" width=\"300\" height=\"178\" srcset=\"https:\/\/www.lembach.fr\/mairie\/wp-content\/uploads\/2012\/05\/ecole-300x178.jpg 300w, https:\/\/www.lembach.fr\/mairie\/wp-content\/uploads\/2012\/05\/ecole.jpg 529w\" sizes=\"auto, (max-width: 300px) 100vw, 300px\" \/><\/a><\/p>\n<ul>\n<li>\n<h2>P\u00e9riscolaire<\/h2>\n<\/li>\n<\/ul>\n<p><img loading=\"lazy\" decoding=\"async\" class=\"aligncenter size-full wp-image-2324\" style=\"border: 0px none;\" src=\"http:\/\/www.lembach.fr\/mairie\/wp-content\/uploads\/2012\/05\/accueil_periscolaire.gif\" alt=\"accueil_periscolaire\" width=\"200\" height=\"144\" \/>L&rsquo;accueil p\u00e9riscolaire de Lembach a d\u00e9marr\u00e9 \u00e0 la rentr\u00e9e de janvier 2009.<\/p>\n<p>L\u2019\u00e9quipe du p\u00e9riscolaire accueille les enfants de 11h30 \u00e0 13h30 et de 15h15 \u00e0 18h30.<\/p>\n<p><strong>Vous pouvez contacter la responsable du p\u00e9riscolaire de Lembach\u00a0:<\/strong><\/p>\n<blockquote>\n<div style=\"text-align: center;\">GIMBER Martine<\/div>\n<div style=\"text-align: center;\">06 42 86 05 12<\/div>\n<div style=\"text-align: center;\"><a href=\"mailto:perisco.lembach@sauer-pechelbronn.fr\" target=\"_blank\" rel=\"noopener\">perisco.lembach@sauer-pechelbronn.fr<\/a><\/div>\n<\/blockquote>\n<p>&nbsp;<\/p>\n<ul>\n<li>\n<h2>Animations enfants-jeunesse<\/h2>\n<p><img loading=\"lazy\" decoding=\"async\" class=\"aligncenter size-full wp-image-2323\" style=\"border: 0px none;\" src=\"http:\/\/www.lembach.fr\/mairie\/wp-content\/uploads\/2012\/05\/periscolaire.jpg\" alt=\"periscolaire\" width=\"640\" height=\"140\" srcset=\"https:\/\/www.lembach.fr\/mairie\/wp-content\/uploads\/2012\/05\/periscolaire.jpg 640w, https:\/\/www.lembach.fr\/mairie\/wp-content\/uploads\/2012\/05\/periscolaire-300x65.jpg 300w\" sizes=\"auto, (max-width: 640px) 100vw, 640px\" \/><\/li>\n<\/ul>\n<p>De nombreuses activit\u00e9s sont propos\u00e9es pour vos enfants durant toute l\u2019ann\u00e9e par l\u2019\u00e9quipe du service animation enfance-jeunesse de la Communaut\u00e9 des Communes.<\/p>\n<p style=\"text-align: center;\"><a href=\"http:\/\/www.sauer-pechelbronn.fr\/fr\/enfance-jeunesse\/animation-enfance-jeunesse.html\" target=\"_blank\" rel=\"noopener\">http:\/\/www.sauer-pechelbronn.fr\/fr\/enfance-jeunesse\/animation-enfance-jeunesse.html<\/a><\/p>\n","protected":false},"excerpt":{"rendered":"<p>\u00c9cole primaire Henri Mertz de Lembach \u00a0 03 88 94 21 57 03 88 94 21 59 (maternelle) ecole@lembach.fr Tous les renseignements utiles sont sur le site de l&rsquo;\u00e9cole : http:\/\/www.lembach.fr\/ecole P\u00e9riscolaire L&rsquo;accueil p\u00e9riscolaire de Lembach a d\u00e9marr\u00e9 \u00e0 la rentr\u00e9e de janvier 2009. L\u2019\u00e9quipe du p\u00e9riscolaire accueille les enfants de 11h30 \u00e0 13h30 et &hellip; <\/p>\n<p><a class=\"more-link btn\" href=\"https:\/\/www.lembach.fr\/mairie\/vivre-a-lembach\/education-jeunesse\/\">Lire la suite<\/a><\/p>\n","protected":false},"author":1,"featured_media":0,"parent":159,"menu_order":6,"comment_status":"closed","ping_status":"open","template":"","meta":{"footnotes":""},"class_list":["post-165","page","type-page","status-publish","hentry","nodate","item-wrap"],"_links":{"self":[{"href":"https:\/\/www.lembach.fr\/mairie\/wp-json\/wp\/v2\/pages\/165","targetHints":{"allow":["GET"]}}],"collection":[{"href":"https:\/\/www.lembach.fr\/mairie\/wp-json\/wp\/v2\/pages"}],"about":[{"href":"https:\/\/www.lembach.fr\/mairie\/wp-json\/wp\/v2\/types\/page"}],"author":[{"embeddable":true,"href":"https:\/\/www.lembach.fr\/mairie\/wp-json\/wp\/v2\/users\/1"}],"replies":[{"embeddable":true,"href":"https:\/\/www.lembach.fr\/mairie\/wp-json\/wp\/v2\/comments?post=165"}],"version-history":[{"count":0,"href":"https:\/\/www.lembach.fr\/mairie\/wp-json\/wp\/v2\/pages\/165\/revisions"}],"up":[{"embeddable":true,"href":"https:\/\/www.lembach.fr\/mairie\/wp-json\/wp\/v2\/pages\/159"}],"wp:attachment":[{"href":"https:\/\/www.lembach.fr\/mairie\/wp-json\/wp\/v2\/media?parent=165"}],"curies":[{"name":"wp","href":"https:\/\/api.w.org\/{rel}","templated":true}]}}