{"id":1438,"date":"2012-11-14T12:14:38","date_gmt":"2012-11-14T11:14:38","guid":{"rendered":"http:\/\/www.lembach.fr\/mairie\/?page_id=1438"},"modified":"2022-12-11T11:51:59","modified_gmt":"2022-12-11T10:51:59","slug":"le-sentier-des-poetes","status":"publish","type":"page","link":"https:\/\/www.lembach.fr\/mairie\/decouvrir\/le-sentier-des-poetes\/","title":{"rendered":"Le sentier des po\u00e8tes"},"content":{"rendered":"<p><strong>Nomm\u00e9 en alsacien le \u00ab\u00a0Dichterwaj\u00a0\u00bb, ce nouveau sentier de randonn\u00e9e a \u00e9t\u00e9 inaugur\u00e9 le 6 octobre 2012. Long de cinq kilom\u00e8tres et jalonn\u00e9 d&rsquo;une trentaine de panneaux, il propose les \u0153uvres po\u00e9tiques d&rsquo;auteurs locaux \u00e9crits en langue r\u00e9gionale.<\/strong><\/p>\n<p style=\"text-align: center;\"><a href=\"http:\/\/www.lembach.fr\/mairie\/wp-content\/uploads\/2012\/11\/dichterwaj2.jpg\"><img loading=\"lazy\" decoding=\"async\" class=\"aligncenter wp-image-1439\" src=\"http:\/\/www.lembach.fr\/mairie\/wp-content\/uploads\/2012\/11\/dichterwaj2-300x216.jpg\" alt=\"\" width=\"300\" height=\"216\" srcset=\"https:\/\/www.lembach.fr\/mairie\/wp-content\/uploads\/2012\/11\/dichterwaj2-300x216.jpg 300w, https:\/\/www.lembach.fr\/mairie\/wp-content\/uploads\/2012\/11\/dichterwaj2-1024x740.jpg 1024w, https:\/\/www.lembach.fr\/mairie\/wp-content\/uploads\/2012\/11\/dichterwaj2.jpg 1280w\" sizes=\"auto, (max-width: 300px) 100vw, 300px\" \/><\/a><\/p>\n<p>De grands po\u00e8tes alsaciens et des auteurs connus exposent ainsi une de leurs po\u00e9sies : <em><strong>Nathan Katz, Claude Vig\u00e9e, Andr\u00e9 Weckmann, Adrien Finck, Raymond Matzen, Conrad Winter, Sylvie Reff, Germain Muller, Henri Mertz, Georges Zinck, Jean Dentinger, G\u00e9rard Leser, Jean-Paul Sorg, Ren\u00e9 Egles, Edgar Zeidler, Louis Roesch, Christian Hahn, Hermann Picard.<\/strong><\/em><\/p>\n<p>D&rsquo;autres auteurs locaux dont les \u0153uvres ont fait l&rsquo;objet d&rsquo;une publication locale et qui vivent ou ont v\u00e9cu une partie de leur vie \u00e0 Lembach, s&rsquo;ajoutent \u00e0 la liste : <strong><em>Elisabeth Muller, Louise Fortmann, Fernand Bernecker, Daniel Steiner, Henri Hirschinger, Charles Attali, Charles Schlosser.<\/em><\/strong><\/p>\n<p>Sans oublier l&rsquo;\u00e9crivain <em><strong>Paul Bertololy<\/strong><\/em>, ancien m\u00e9decin de Lembach dont la notori\u00e9t\u00e9 a d\u00e9pass\u00e9 au milieu du si\u00e8cle dernier tr\u00e8s largement les fronti\u00e8res alsaciennes, et le Minnes\u00e4nger <strong><em>Konrad Puller von Hohenburg<\/em><\/strong>.<\/p>\n<p>Ce sentier des po\u00e8tes alsaciens a pu voir le jour gr\u00e2ce au Syndicat d&rsquo;Initiative de Lembach et Environs et \u00e0 la commune de Lembach. Le fascicule contenant les po\u00e9sies du parcours est disponible au syndicat et en Mairie et peut \u00eatre t\u00e9l\u00e9charg\u00e9 en cliquant sur l&rsquo;image ci-dessous.<\/p>\n<p style=\"text-align: center;\"><a href=\"http:\/\/www.lembach.fr\/mairie\/wp-content\/uploads\/2013\/08\/dichterwaj.pdf\" target=\"_blank\" rel=\"noopener\"><img loading=\"lazy\" decoding=\"async\" class=\"aligncenter size-full wp-image-1445\" title=\"Dichterwaj\" src=\"http:\/\/www.lembach.fr\/mairie\/wp-content\/uploads\/2012\/11\/dichterwaj1.jpg\" alt=\"\" width=\"210\" height=\"300\" \/><\/a><\/p>\n<p>&nbsp;<\/p>\n<p>&nbsp;<\/p>\n","protected":false},"excerpt":{"rendered":"<p>Nomm\u00e9 en alsacien le \u00ab\u00a0Dichterwaj\u00a0\u00bb, ce nouveau sentier de randonn\u00e9e a \u00e9t\u00e9 inaugur\u00e9 le 6 octobre 2012. Long de cinq kilom\u00e8tres et jalonn\u00e9 d&rsquo;une trentaine de panneaux, il propose les \u0153uvres po\u00e9tiques d&rsquo;auteurs locaux \u00e9crits en langue r\u00e9gionale. De grands po\u00e8tes alsaciens et des auteurs connus exposent ainsi une de leurs po\u00e9sies : Nathan Katz, &hellip; <\/p>\n<p><a class=\"more-link btn\" href=\"https:\/\/www.lembach.fr\/mairie\/decouvrir\/le-sentier-des-poetes\/\">Lire la suite<\/a><\/p>\n","protected":false},"author":1,"featured_media":0,"parent":237,"menu_order":8,"comment_status":"closed","ping_status":"open","template":"","meta":{"footnotes":""},"class_list":["post-1438","page","type-page","status-publish","hentry","nodate","item-wrap"],"_links":{"self":[{"href":"https:\/\/www.lembach.fr\/mairie\/wp-json\/wp\/v2\/pages\/1438","targetHints":{"allow":["GET"]}}],"collection":[{"href":"https:\/\/www.lembach.fr\/mairie\/wp-json\/wp\/v2\/pages"}],"about":[{"href":"https:\/\/www.lembach.fr\/mairie\/wp-json\/wp\/v2\/types\/page"}],"author":[{"embeddable":true,"href":"https:\/\/www.lembach.fr\/mairie\/wp-json\/wp\/v2\/users\/1"}],"replies":[{"embeddable":true,"href":"https:\/\/www.lembach.fr\/mairie\/wp-json\/wp\/v2\/comments?post=1438"}],"version-history":[{"count":0,"href":"https:\/\/www.lembach.fr\/mairie\/wp-json\/wp\/v2\/pages\/1438\/revisions"}],"up":[{"embeddable":true,"href":"https:\/\/www.lembach.fr\/mairie\/wp-json\/wp\/v2\/pages\/237"}],"wp:attachment":[{"href":"https:\/\/www.lembach.fr\/mairie\/wp-json\/wp\/v2\/media?parent=1438"}],"curies":[{"name":"wp","href":"https:\/\/api.w.org\/{rel}","templated":true}]}}