{"id":1173,"date":"2012-06-20T13:23:33","date_gmt":"2012-06-20T11:23:33","guid":{"rendered":"http:\/\/www.lembach.fr\/mairie\/?page_id=1173"},"modified":"2012-06-21T17:57:21","modified_gmt":"2012-06-21T15:57:21","slug":"disteldorf","status":"publish","type":"page","link":"https:\/\/www.lembach.fr\/mairie\/decouvrir\/disteldorf\/","title":{"rendered":"Disteldorf"},"content":{"rendered":"<p style=\"text-align: center;\"><img loading=\"lazy\" decoding=\"async\" class=\"aligncenter size-full wp-image-1177\" src=\"http:\/\/www.lembach.fr\/mairie\/wp-content\/uploads\/2012\/06\/disteldorf.jpg\" alt=\"\" width=\"400\" height=\"300\" srcset=\"https:\/\/www.lembach.fr\/mairie\/wp-content\/uploads\/2012\/06\/disteldorf.jpg 400w, https:\/\/www.lembach.fr\/mairie\/wp-content\/uploads\/2012\/06\/disteldorf-300x225.jpg 300w\" sizes=\"auto, (max-width: 400px) 100vw, 400px\" \/><\/p>\n<p style=\"text-align: left;\">L&rsquo;origine du village remonte au 17<sup>e<\/sup> si\u00e8cle o\u00f9 les Fleckenstein font construire une verrerie pr\u00e8s de Mattstall. Le nom Disteldorf est mentionn\u00e9 pour la premi\u00e8re fois en 1651 et devient un village de charbonniers qui d\u00e9pend administrativement de Lembach.<\/p>\n<p>En 1831, il compte 12 maisons abritant plus de 100 personnes. Il s\u2019agissait essentiellement de familles nombreuses et dans la cour commune des Wucher et des Schlick se c\u00f4toyaient les 14 et 17 enfants des deux familles.<\/p>\n<p style=\"text-align: center;\"><img loading=\"lazy\" decoding=\"async\" class=\"aligncenter size-full wp-image-1174\" src=\"http:\/\/www.lembach.fr\/mairie\/wp-content\/uploads\/2012\/06\/disteldorf2.jpg\" alt=\"\" width=\"150\" height=\"150\" \/><\/p>\n<p style=\"text-align: center;\"><em>Mathias et Nicolas Isel dans les ann\u00e9es 30.<\/em><\/p>\n<p>Le Disteldorf avait sa chapelle et son \u00e9cole. Les maisons, \u00e9vacu\u00e9es en 1939, sont endommag\u00e9es en juin 1940 par des tirs d\u2019artillerie. Seule la famille Isel Nicolas retournera y vivre au retour de la Haute-Vienne. Les autres familles resteront \u00e0 Lembach et l\u2019administration nazie fera d\u00e9molir leurs maisons en 1942.<\/p>\n<p style=\"text-align: center;\"><img loading=\"lazy\" decoding=\"async\" class=\"aligncenter size-full wp-image-1176\" src=\"http:\/\/www.lembach.fr\/mairie\/wp-content\/uploads\/2012\/06\/disteldorf31.jpg\" alt=\"\" width=\"400\" height=\"300\" srcset=\"https:\/\/www.lembach.fr\/mairie\/wp-content\/uploads\/2012\/06\/disteldorf31.jpg 400w, https:\/\/www.lembach.fr\/mairie\/wp-content\/uploads\/2012\/06\/disteldorf31-300x225.jpg 300w\" sizes=\"auto, (max-width: 400px) 100vw, 400px\" \/><\/p>\n<p>Plus de renseignements sur le site des <span style=\"text-decoration: underline;\"><strong><a href=\"http:\/\/www.charbonniers.fr\/index.php?option=com_content&amp;view=article&amp;id=68%3Adna-inauguration-disteldorf-24092011&amp;catid=43%3Alatest-presse&amp;Itemid=72&amp;lang=fr\" target=\"_blank\">charbonniers<\/a><\/strong><\/span>&#8230;<\/p>\n","protected":false},"excerpt":{"rendered":"<p>L&rsquo;origine du village remonte au 17e si\u00e8cle o\u00f9 les Fleckenstein font construire une verrerie pr\u00e8s de Mattstall. Le nom Disteldorf est mentionn\u00e9 pour la premi\u00e8re fois en 1651 et devient un village de charbonniers qui d\u00e9pend administrativement de Lembach. En 1831, il compte 12 maisons abritant plus de 100 personnes. Il s\u2019agissait essentiellement de familles &hellip; <\/p>\n<p><a class=\"more-link btn\" href=\"https:\/\/www.lembach.fr\/mairie\/decouvrir\/disteldorf\/\">Lire la suite<\/a><\/p>\n","protected":false},"author":1,"featured_media":0,"parent":237,"menu_order":3,"comment_status":"closed","ping_status":"open","template":"","meta":{"footnotes":""},"class_list":["post-1173","page","type-page","status-publish","hentry","nodate","item-wrap"],"_links":{"self":[{"href":"https:\/\/www.lembach.fr\/mairie\/wp-json\/wp\/v2\/pages\/1173","targetHints":{"allow":["GET"]}}],"collection":[{"href":"https:\/\/www.lembach.fr\/mairie\/wp-json\/wp\/v2\/pages"}],"about":[{"href":"https:\/\/www.lembach.fr\/mairie\/wp-json\/wp\/v2\/types\/page"}],"author":[{"embeddable":true,"href":"https:\/\/www.lembach.fr\/mairie\/wp-json\/wp\/v2\/users\/1"}],"replies":[{"embeddable":true,"href":"https:\/\/www.lembach.fr\/mairie\/wp-json\/wp\/v2\/comments?post=1173"}],"version-history":[{"count":0,"href":"https:\/\/www.lembach.fr\/mairie\/wp-json\/wp\/v2\/pages\/1173\/revisions"}],"up":[{"embeddable":true,"href":"https:\/\/www.lembach.fr\/mairie\/wp-json\/wp\/v2\/pages\/237"}],"wp:attachment":[{"href":"https:\/\/www.lembach.fr\/mairie\/wp-json\/wp\/v2\/media?parent=1173"}],"curies":[{"name":"wp","href":"https:\/\/api.w.org\/{rel}","templated":true}]}}