{"id":85,"date":"2013-02-18T21:13:16","date_gmt":"2013-02-18T20:13:16","guid":{"rendered":"http:\/\/www.lembach.fr\/ecole\/?page_id=85"},"modified":"2013-02-24T09:30:05","modified_gmt":"2013-02-24T08:30:05","slug":"cinq-villages","status":"publish","type":"page","link":"https:\/\/www.lembach.fr\/ecole\/notre-village\/cinq-villages\/","title":{"rendered":"Les villages du RPI"},"content":{"rendered":"<p style=\"text-align: justify;\">L&rsquo;\u00e9cole de Lembach accueille les enfants de 5 villages. Trois ramassages scolaires mis en place par le Conseil G\u00e9n\u00e9ral transportent les enfants de la maternelle au CM2 et ceci quatre fois par jour.<\/p>\n<p style=\"text-align: justify;\"><ul id='GTTabs_ul_85' class='GTTabs' style='display:none'>\n<li id='GTTabs_li_0_85' class='GTTabs_curr'><a  id=\"85_0\" onMouseOver=\"GTTabsShowLinks('Lembach'); return true;\"  onMouseOut=\"GTTabsShowLinks();\"  class='GTTabsLinks'>Lembach<\/a><\/li>\n<li id='GTTabs_li_1_85' ><a  id=\"85_1\" onMouseOver=\"GTTabsShowLinks('Pfaffenbronn'); return true;\"  onMouseOut=\"GTTabsShowLinks();\"  class='GTTabsLinks'>Pfaffenbronn<\/a><\/li>\n<li id='GTTabs_li_2_85' ><a  id=\"85_2\" onMouseOver=\"GTTabsShowLinks('Mattstall'); return true;\"  onMouseOut=\"GTTabsShowLinks();\"  class='GTTabsLinks'>Mattstall<\/a><\/li>\n<li id='GTTabs_li_3_85' ><a  id=\"85_3\" onMouseOver=\"GTTabsShowLinks('Niedersteinbach'); return true;\"  onMouseOut=\"GTTabsShowLinks();\"  class='GTTabsLinks'>Niedersteinbach<\/a><\/li>\n<li id='GTTabs_li_4_85' ><a  id=\"85_4\" onMouseOver=\"GTTabsShowLinks('Obersteinbach'); return true;\"  onMouseOut=\"GTTabsShowLinks();\"  class='GTTabsLinks'>Obersteinbach<\/a><\/li>\n<\/ul>\n\n<div class='GTTabs_divs GTTabs_curr_div' id='GTTabs_0_85'>\n<span class='GTTabs_titles'><b>Lembach<\/b><\/span><\/p>\n<p style=\"text-align: justify;\"><img loading=\"lazy\" decoding=\"async\" class=\"size-full wp-image-76 alignleft\" alt=\"blasonlembach\" src=\"http:\/\/www.lembach.fr\/ecole\/wp-content\/uploads\/2013\/02\/blasonlembach.gif\" width=\"79\" height=\"101\" \/><\/p>\n<p style=\"text-align: justify;\">Lembach se situe dans une cuvette au confluent de la Sauer et du Heimbach. Le village est entour\u00e9 de collines dont l&rsquo;altitude atteint 450 \u00e0 500 m\u00e8tres: Riegelsberg, Kraehberg et Hochwald.<\/p>\n<p style=\"text-align: justify;\">Le village s&rsquo;est d\u00e9velopp\u00e9 long de ses deux cours d&rsquo;eau de la vall\u00e9e. Pendant de longs si\u00e8cles les limites Sud et Nord \u00e9taient mat\u00e9rialis\u00e9es par les deux moulins encore pr\u00e9sents de nos jours.<\/p>\n<p style=\"text-align: justify;\">A partir du 18\u00e8me si\u00e8cle, le village s&rsquo;est \u00e9tendu vers l&rsquo;Est occupant progressivement les premi\u00e8res hauteurs du fond de vall\u00e9e. Au d\u00e9but du 20\u00e8me si\u00e8cle l&rsquo;extension se fit surtout sur l&rsquo;axe Nord-Sud correspondant \u00e0 l&rsquo;axe routier longeant la Sauer. La troisi\u00e8me phase de l&rsquo;expansion touche \u00e0 nouveau les hauteurs \u00e0 l&rsquo;Est.<\/p>\n<p style=\"text-align: justify;\"><img loading=\"lazy\" decoding=\"async\" class=\"size-full wp-image-94 aligncenter\" alt=\"mairie2\" src=\"http:\/\/www.lembach.fr\/ecole\/wp-content\/uploads\/2013\/02\/mairie2.jpg\" width=\"400\" height=\"267\" srcset=\"https:\/\/www.lembach.fr\/ecole\/wp-content\/uploads\/2013\/02\/mairie2.jpg 400w, https:\/\/www.lembach.fr\/ecole\/wp-content\/uploads\/2013\/02\/mairie2-300x200.jpg 300w\" sizes=\"auto, (max-width: 400px) 100vw, 400px\" \/><\/p>\n<p style=\"text-align: justify;\"><a href=\"http:\/\/fr.wikipedia.org\/wiki\/Lembach\" target=\"_blank\">Lembach sur Wikip\u00e9dia<\/a><\/p>\n<p style=\"text-align: justify;\"><\/div>\n\n<div class='GTTabs_divs' id='GTTabs_1_85'>\n<span class='GTTabs_titles'><b>Pfaffenbronn<\/b><\/span><\/p>\n<p style=\"text-align: justify;\">Situ\u00e9 \u00e0 3 km \u00e0 l&rsquo;Est, Pfaffenbronn est une annexe de Lembach. Cette ancienne \u00ab\u00a0grange\u00a0\u00bb du 12\u00e8me si\u00e8cle (sorte d&rsquo;h\u00f4tellerie permettant aux moines de se reposer sur la route de Neubourg \u00e0 Wissembourg) compte environ 60 habitants et depuis 1975 un village de vacances \u00ab\u00a0Les Ch\u00e2taigniers\u00a0\u00bb. Pfaffenbronn est devenu un haut-lieu du Flammkuche.<\/p>\n<p><img loading=\"lazy\" decoding=\"async\" class=\"alignnone size-full wp-image-92\" alt=\"pfaffenbronn\" src=\"http:\/\/www.lembach.fr\/ecole\/wp-content\/uploads\/2013\/02\/pfaffenbronn.jpeg\" width=\"300\" height=\"232\" \/> <img loading=\"lazy\" decoding=\"async\" class=\"size-full wp-image-93 alignright\" alt=\"fontaine_pfaffenbronn\" src=\"http:\/\/www.lembach.fr\/ecole\/wp-content\/uploads\/2013\/02\/fontaine_pfaffenbronn.jpg\" width=\"300\" height=\"225\" \/><\/p>\n<p style=\"text-align: justify;\"><\/div>\n\n<div class='GTTabs_divs' id='GTTabs_2_85'>\n<span class='GTTabs_titles'><b>Mattstall<\/b><\/span><\/p>\n<p style=\"text-align: justify;\"><img loading=\"lazy\" decoding=\"async\" class=\"size-full wp-image-77 alignleft\" alt=\"blasonmattstall\" src=\"http:\/\/www.lembach.fr\/ecole\/wp-content\/uploads\/2013\/02\/blasonmattstall.gif\" width=\"80\" height=\"99\" \/>Commune fusionn\u00e9e avec Lembach depuis 1972. C&rsquo;est un village paisible abritant quelques tr\u00e8s belles maisons paysannes dont l&rsquo;histoire est \u00e9troitement li\u00e9e au d\u00e9veloppement de l&rsquo;industrie du verre aux 15 et 16\u00e8me si\u00e8cles. Le Domaine de la Verrerie est aujourd&rsquo;hui propri\u00e9t\u00e9 de la famille De Pourtal\u00e8s.<\/p>\n<p style=\"text-align: justify;\"><img loading=\"lazy\" decoding=\"async\" class=\"size-full wp-image-95 aligncenter\" alt=\"mattstall2\" src=\"http:\/\/www.lembach.fr\/ecole\/wp-content\/uploads\/2013\/02\/mattstall2.jpg\" width=\"400\" height=\"300\" srcset=\"https:\/\/www.lembach.fr\/ecole\/wp-content\/uploads\/2013\/02\/mattstall2.jpg 400w, https:\/\/www.lembach.fr\/ecole\/wp-content\/uploads\/2013\/02\/mattstall2-300x225.jpg 300w\" sizes=\"auto, (max-width: 400px) 100vw, 400px\" \/><\/p>\n<p style=\"text-align: justify;\"><a href=\"http:\/\/fr.wikipedia.org\/wiki\/Mattstall\" target=\"_blank\">Mattstall sur Wikip\u00e9dia<\/a><\/p>\n<p style=\"text-align: justify;\"><\/div>\n\n<div class='GTTabs_divs' id='GTTabs_3_85'>\n<span class='GTTabs_titles'><b>Niedersteinbach<\/b><\/span><\/p>\n<p style=\"text-align: justify;\"><a href=\"http:\/\/www.lembach.fr\/ecole\/wp-content\/uploads\/2013\/02\/niedersteinbach_blason.gif\"><img loading=\"lazy\" decoding=\"async\" class=\"size-full wp-image-82 alignleft\" alt=\"niedersteinbach_blason\" src=\"http:\/\/www.lembach.fr\/ecole\/wp-content\/uploads\/2013\/02\/niedersteinbach_blason.gif\" width=\"55\" height=\"67\" \/><\/a>Ce village situ\u00e9 \u00e0 7 km au Nord-Ouest de Lembach est paisiblement cal\u00e9 au fond de la vall\u00e9e du Steinbach, affluent de la Sauer.<\/p>\n<p style=\"text-align: justify;\">Cit\u00e9e pour la 1er fois en 1129, situ\u00e9e \u00e0 la fronti\u00e8re de l&rsquo;Allemagne, la localit\u00e9 est class\u00e9e station verte de vacances. Au coeur du Parc naturel r\u00e9gional des Vosges du Nord, r\u00e9serve mondiale de la biosph\u00e8re, Niedersteinbach et son annexe Wengelsbach invitent \u00e0 d\u00e9couvrir la nature ; entour\u00e9 de for\u00eats, ch\u00e2teaux, rochers de gr\u00e8s rose et vestiges celtiques, c&rsquo;est le point de d\u00e9part de nombreux circuits de randonn\u00e9e et de promenade. Le village attire \u00e9galement les fins gourmets.<\/p>\n<p style=\"text-align: justify;\"><img loading=\"lazy\" decoding=\"async\" class=\"size-full wp-image-96 aligncenter\" alt=\"nieder2\" src=\"http:\/\/www.lembach.fr\/ecole\/wp-content\/uploads\/2013\/02\/nieder2.jpg\" width=\"300\" height=\"194\" \/><\/p>\n<p style=\"text-align: justify;\"><a href=\"http:\/\/fr.wikipedia.org\/wiki\/Niedersteinbach\" target=\"_blank\">Niedersteinbach sur Wikip\u00e9dia<\/a><\/p>\n<p style=\"text-align: justify;\"><\/div>\n\n<div class='GTTabs_divs' id='GTTabs_4_85'>\n<span class='GTTabs_titles'><b>Obersteinbach<\/b><\/span><\/p>\n<p style=\"text-align: justify;\"><img loading=\"lazy\" decoding=\"async\" class=\"size-full wp-image-83 alignleft\" alt=\"obersteinbach_blason\" src=\"http:\/\/www.lembach.fr\/ecole\/wp-content\/uploads\/2013\/02\/obersteinbach_blason.gif\" width=\"55\" height=\"67\" \/>Deux kilom\u00e8tres plus loin \u00e0 l&rsquo;Ouest, le village d&rsquo;Obersteinbach est encore plus recul\u00e9 dans la vall\u00e9e.<\/p>\n<p style=\"text-align: justify;\">La commune est adoss\u00e9e \u00e0 la fronti\u00e8re allemande et lorraine, dans un paysage de vastes for\u00eats de h\u00eatres et de pins. Elle est domin\u00e9e par des rochers sculpt\u00e9s par l&rsquo;\u00e9rosion et parfois rehauss\u00e9s de ch\u00e2teaux forts en ruine. Point de d\u00e9part id\u00e9al pour de vastes randonn\u00e9es, elle est aussi un haut lieu de la gastronomie.<\/p>\n<p><img loading=\"lazy\" decoding=\"async\" class=\"size-full wp-image-90 alignleft\" alt=\"ober1\" src=\"http:\/\/www.lembach.fr\/ecole\/wp-content\/uploads\/2013\/02\/ober1.jpg\" width=\"300\" height=\"182\" \/> <img loading=\"lazy\" decoding=\"async\" class=\"size-full wp-image-91 alignright\" alt=\"ober2\" src=\"http:\/\/www.lembach.fr\/ecole\/wp-content\/uploads\/2013\/02\/ober2.jpg\" width=\"233\" height=\"185\" \/><\/p>\n<p style=\"text-align: justify;\"><a href=\"http:\/\/fr.wikipedia.org\/wiki\/Obersteinbach\" target=\"_blank\">Obersteinbach sur Wikip\u00e9dia<\/a><\/p>\n<p style=\"text-align: justify;\"><\/div>\n\n<\/p>\n<script type='text\/javascript'>jQuery(document).ready(function() { if(GTTabs_getCookie('GTTabs_85')) GTTabs_show(GTTabs_getCookie('GTTabs_85'),85); });<\/script>","protected":false},"excerpt":{"rendered":"<p>L&rsquo;\u00e9cole de Lembach accueille les enfants de 5 villages. Trois ramassages scolaires mis en place par le Conseil G\u00e9n\u00e9ral transportent les enfants de la maternelle au CM2 et ceci quatre fois par jour. Lembach Pfaffenbronn Mattstall Niedersteinbach Obersteinbach Lembach Lembach &hellip; <a href=\"https:\/\/www.lembach.fr\/ecole\/notre-village\/cinq-villages\/\">Continuer la lecture <span class=\"meta-nav\">&rarr;<\/span><\/a><\/p>\n","protected":false},"author":1,"featured_media":0,"parent":20,"menu_order":0,"comment_status":"closed","ping_status":"closed","template":"","meta":{"footnotes":""},"class_list":["post-85","page","type-page","status-publish","hentry"],"_links":{"self":[{"href":"https:\/\/www.lembach.fr\/ecole\/wp-json\/wp\/v2\/pages\/85","targetHints":{"allow":["GET"]}}],"collection":[{"href":"https:\/\/www.lembach.fr\/ecole\/wp-json\/wp\/v2\/pages"}],"about":[{"href":"https:\/\/www.lembach.fr\/ecole\/wp-json\/wp\/v2\/types\/page"}],"author":[{"embeddable":true,"href":"https:\/\/www.lembach.fr\/ecole\/wp-json\/wp\/v2\/users\/1"}],"replies":[{"embeddable":true,"href":"https:\/\/www.lembach.fr\/ecole\/wp-json\/wp\/v2\/comments?post=85"}],"version-history":[{"count":0,"href":"https:\/\/www.lembach.fr\/ecole\/wp-json\/wp\/v2\/pages\/85\/revisions"}],"up":[{"embeddable":true,"href":"https:\/\/www.lembach.fr\/ecole\/wp-json\/wp\/v2\/pages\/20"}],"wp:attachment":[{"href":"https:\/\/www.lembach.fr\/ecole\/wp-json\/wp\/v2\/media?parent=85"}],"curies":[{"name":"wp","href":"https:\/\/api.w.org\/{rel}","templated":true}]}}