{"id":69,"date":"2021-08-31T20:59:48","date_gmt":"2021-08-31T18:59:48","guid":{"rendered":"http:\/\/www.lembach.fr\/ecole\/?page_id=69"},"modified":"2023-08-08T12:58:34","modified_gmt":"2023-08-08T10:58:34","slug":"interieur","status":"publish","type":"page","link":"https:\/\/www.lembach.fr\/ecole\/notre-ecole\/interieur\/","title":{"rendered":"L&rsquo;int\u00e9rieur"},"content":{"rendered":"<p style=\"text-align: justify;\">Au rez-de- chauss\u00e9e, il y a une classe \u00e9l\u00e9mentaire.<\/p>\n<p style=\"text-align: justify;\">En face, et depuis la rentr\u00e9e 2013, une cuisine \u00e9quip\u00e9e par les services techniques de la commune permet de faire des activit\u00e9s culinaires ; elle permet \u00e9galement aux enseignants qui restent \u00e0 l&rsquo;\u00e9cole \u00e0 midi de prendre leurs repas sur place.<\/p>\n<p style=\"text-align: justify;\">Le couloir du 1er \u00e9tage m\u00e8ne \u00e0 3 salles de l&rsquo;\u00e9cole \u00e9l\u00e9mentaire, \u00e0 la salle informatique et \u00e0 la BCD\u00a0 (<a href=\"http:\/\/www.lembach.fr\/ecole\/?page_id=557\">informatis\u00e9e depuis 2013<\/a>) qui contient un grand nombre de livres et de documents que nous pouvons emprunter.. Il y a un lavabo et des crochets le long du mur pour chaque classe.<\/p>\n<p style=\"text-align: justify;\">Toutes les salles ont la m\u00eame surface et chacune d&rsquo;entre elles est \u00e9quip\u00e9e d&rsquo;un mobilier r\u00e9cent et fonctionnel.<\/p>\n<p style=\"text-align: justify;\">La salle informatique est \u00e9quip\u00e9e de 13 ordinateurs qui ont la particularit\u00e9 de fonctionner avec un syst\u00e8me d&rsquo;exploitation libre GNU\/Linux.<\/p>\n<p style=\"text-align: justify;\">\u00c0 l&rsquo;une des extr\u00e9mit\u00e9 du couloir se trouve la salle des ma\u00eetres qui sert en m\u00eame temps de bureau pour le directeur et \u00e0 l&rsquo;autre une petite salle de rangement de mat\u00e9riel divers.<\/p>\n<p><span style=\"color: #ff0000;\"><strong>Une r\u00e9fection compl\u00e8te de l&rsquo;\u00e9cole en 2021 a permis la mise en place d&rsquo;une grosse VMC double-flux aux normes et une enti\u00e8re r\u00e9fection de toutes les salles de classes et autres locaux du b\u00e2timent.<\/strong><\/span><\/p>\n<div id='gallery-1' class='gallery galleryid-69 gallery-columns-3 gallery-size-thumbnail'><dl class='gallery-item'>\n\t\t\t<dt class='gallery-icon landscape'>\n\t\t\t\t<a href='https:\/\/www.lembach.fr\/ecole\/notre-ecole\/interieur\/interieur_11\/'><img loading=\"lazy\" decoding=\"async\" width=\"150\" height=\"150\" src=\"https:\/\/www.lembach.fr\/ecole\/wp-content\/uploads\/2013\/02\/interieur_11-150x150.jpg\" class=\"attachment-thumbnail size-thumbnail\" alt=\"\" aria-describedby=\"gallery-1-911\" \/><\/a>\n\t\t\t<\/dt>\n\t\t\t\t<dd class='wp-caption-text gallery-caption' id='gallery-1-911'>\n\t\t\t\tSalle de jeux des petits et du p\u00e9riscolaire\n\t\t\t\t<\/dd><\/dl><dl class='gallery-item'>\n\t\t\t<dt class='gallery-icon landscape'>\n\t\t\t\t<a href='https:\/\/www.lembach.fr\/ecole\/notre-ecole\/interieur\/interieur_12\/'><img loading=\"lazy\" decoding=\"async\" width=\"150\" height=\"150\" src=\"https:\/\/www.lembach.fr\/ecole\/wp-content\/uploads\/2013\/02\/interieur_12-150x150.jpg\" class=\"attachment-thumbnail size-thumbnail\" alt=\"\" aria-describedby=\"gallery-1-912\" \/><\/a>\n\t\t\t<\/dt>\n\t\t\t\t<dd class='wp-caption-text gallery-caption' id='gallery-1-912'>\n\t\t\t\tSalle de jeux des petits et du p\u00e9riscolaire\n\t\t\t\t<\/dd><\/dl><dl class='gallery-item'>\n\t\t\t<dt class='gallery-icon portrait'>\n\t\t\t\t<a href='https:\/\/www.lembach.fr\/ecole\/notre-ecole\/interieur\/interieur_13\/'><img loading=\"lazy\" decoding=\"async\" width=\"150\" height=\"150\" src=\"https:\/\/www.lembach.fr\/ecole\/wp-content\/uploads\/2013\/02\/interieur_13-150x150.jpg\" class=\"attachment-thumbnail size-thumbnail\" alt=\"\" aria-describedby=\"gallery-1-913\" \/><\/a>\n\t\t\t<\/dt>\n\t\t\t\t<dd class='wp-caption-text gallery-caption' id='gallery-1-913'>\n\t\t\t\tLa mascotte de l&rsquo;\u00e9cole\n\t\t\t\t<\/dd><\/dl><br style=\"clear: both\" \/>\n\t\t<\/div>\n\n","protected":false},"excerpt":{"rendered":"<p>Au rez-de- chauss\u00e9e, il y a une classe \u00e9l\u00e9mentaire. En face, et depuis la rentr\u00e9e 2013, une cuisine \u00e9quip\u00e9e par les services techniques de la commune permet de faire des activit\u00e9s culinaires ; elle permet \u00e9galement aux enseignants qui restent &hellip; <a href=\"https:\/\/www.lembach.fr\/ecole\/notre-ecole\/interieur\/\">Continuer la lecture <span class=\"meta-nav\">&rarr;<\/span><\/a><\/p>\n","protected":false},"author":1,"featured_media":0,"parent":23,"menu_order":3,"comment_status":"closed","ping_status":"closed","template":"","meta":{"footnotes":""},"class_list":["post-69","page","type-page","status-publish","hentry"],"_links":{"self":[{"href":"https:\/\/www.lembach.fr\/ecole\/wp-json\/wp\/v2\/pages\/69","targetHints":{"allow":["GET"]}}],"collection":[{"href":"https:\/\/www.lembach.fr\/ecole\/wp-json\/wp\/v2\/pages"}],"about":[{"href":"https:\/\/www.lembach.fr\/ecole\/wp-json\/wp\/v2\/types\/page"}],"author":[{"embeddable":true,"href":"https:\/\/www.lembach.fr\/ecole\/wp-json\/wp\/v2\/users\/1"}],"replies":[{"embeddable":true,"href":"https:\/\/www.lembach.fr\/ecole\/wp-json\/wp\/v2\/comments?post=69"}],"version-history":[{"count":4,"href":"https:\/\/www.lembach.fr\/ecole\/wp-json\/wp\/v2\/pages\/69\/revisions"}],"predecessor-version":[{"id":4839,"href":"https:\/\/www.lembach.fr\/ecole\/wp-json\/wp\/v2\/pages\/69\/revisions\/4839"}],"up":[{"embeddable":true,"href":"https:\/\/www.lembach.fr\/ecole\/wp-json\/wp\/v2\/pages\/23"}],"wp:attachment":[{"href":"https:\/\/www.lembach.fr\/ecole\/wp-json\/wp\/v2\/media?parent=69"}],"curies":[{"name":"wp","href":"https:\/\/api.w.org\/{rel}","templated":true}]}}