{"id":601,"date":"2024-07-02T08:06:39","date_gmt":"2024-07-02T06:06:39","guid":{"rendered":"http:\/\/www.lembach.fr\/ecole\/?page_id=601"},"modified":"2024-07-02T23:07:15","modified_gmt":"2024-07-02T21:07:15","slug":"piscine","status":"publish","type":"page","link":"https:\/\/www.lembach.fr\/ecole\/infos-pratiques\/piscine\/","title":{"rendered":"Planning Piscine 24\/25"},"content":{"rendered":"<p><img loading=\"lazy\" decoding=\"async\" class=\"size-full wp-image-604 alignleft\" src=\"http:\/\/www.lembach.fr\/ecole\/wp-content\/uploads\/2013\/02\/piscine_logo.png\" alt=\"piscine_logo\" width=\"120\" height=\"162\" \/>Toutes les classes de l&rsquo;\u00e9cole \u00e9l\u00e9mentaire participent \u00e0 un cycle de natation \u00e0 la piscine des \u00ab\u00a0<a href=\"http:\/\/www.niederbronn-les-bains.fr\/piscine-les-aqualies.html\" target=\"_blank\" rel=\"noopener noreferrer\">Aqualies<\/a>\u00a0\u00bb de Niederbronn-les-Bains.<\/p>\n<p>Chaque classe a un cycle de 10 s\u00e9ances (5 semaines \u00e0 raisons de 2 s\u00e9ances par semaine). Le prix des d\u00e9placements en bus et les entr\u00e9es \u00e9tant enti\u00e8rement pris en charge par la Municipalit\u00e9, cette activit\u00e9 est une activit\u00e9 obligatoire r\u00e9guli\u00e8rement inscrite dans l&#8217;emploi du temps.<\/p>\n<p><img loading=\"lazy\" decoding=\"async\" class=\"size-full wp-image-610 aligncenter\" src=\"http:\/\/www.lembach.fr\/ecole\/wp-content\/uploads\/2013\/02\/piscine1.jpg\" alt=\"piscine1\" width=\"600\" height=\"268\" srcset=\"https:\/\/www.lembach.fr\/ecole\/wp-content\/uploads\/2013\/02\/piscine1.jpg 600w, https:\/\/www.lembach.fr\/ecole\/wp-content\/uploads\/2013\/02\/piscine1-300x134.jpg 300w\" sizes=\"auto, (max-width: 600px) 100vw, 600px\" \/><\/p>\n<p>Ci-dessous la r\u00e9partition des classes et les dates des s\u00e9ances pour l&rsquo;ann\u00e9e scolaire 2023\/2024 :<\/p>\n<table style=\"border-collapse: collapse; width: 100%;\">\n<tbody>\n<tr>\n<td style=\"width: 33.3333%;\"><\/td>\n<td style=\"width: 33.2813%;\" scope=\"col\">\n<p align=\"center\"><strong>CE1\/CE2<\/strong><br \/>\n<strong>\u00a0&amp; CM1\/CM2<br \/>\nlundi 8h30 et<br \/>\nmardi 8h30<br \/>\n(bassin de<br \/>\n9h15 \u00e0 10h00)<\/strong><\/p>\n<\/td>\n<td style=\"width: 33.2813%;\" scope=\"col\">\n<p align=\"center\"><strong>CP &amp;<\/strong><br \/>\n<strong>CE2\/CM1<br \/>\nmardi 8h30 et<br \/>\nvendredi 8h30<br \/>\n(bassin de<br \/>\n9h15 \u00e0 10h00)<\/strong><\/p>\n<\/td>\n<\/tr>\n<tr>\n<td style=\"width: 33.3333%; text-align: center; vertical-align: middle;\" scope=\"rowgroup\">\n<p align=\"center\"><strong>S\u00e9ance N\u00b01<\/strong><\/p>\n<\/td>\n<td style=\"width: 33.2813%; text-align: center; vertical-align: middle;\" scope=\"rowgroup\"><strong>9 septembre<\/strong><\/td>\n<td style=\"width: 33.2813%; text-align: center; vertical-align: middle;\" scope=\"rowgroup\"><strong>3 d\u00e9cembre<\/strong><\/td>\n<\/tr>\n<tr>\n<td style=\"width: 33.3333%; text-align: center; vertical-align: middle;\" scope=\"rowgroup\">\n<p align=\"center\"><strong>S\u00e9ance N\u00b02<\/strong><\/p>\n<\/td>\n<td style=\"width: 33.2813%; text-align: center; vertical-align: middle;\" scope=\"rowgroup\"><strong>10 septembre<\/strong><\/td>\n<td style=\"width: 33.2813%; text-align: center; vertical-align: middle;\" scope=\"rowgroup\"><strong>6 d\u00e9cembre<\/strong><\/td>\n<\/tr>\n<tr>\n<td style=\"width: 33.3333%; text-align: center; vertical-align: middle;\" scope=\"rowgroup\">\n<p align=\"center\"><strong>S\u00e9ance N\u00b03<\/strong><\/p>\n<\/td>\n<td style=\"width: 33.2813%; text-align: center; vertical-align: middle;\" scope=\"rowgroup\"><strong>16 septembre<\/strong><\/td>\n<td style=\"width: 33.2813%; text-align: center; vertical-align: middle;\" scope=\"rowgroup\"><strong>10 d\u00e9cembre<\/strong><\/td>\n<\/tr>\n<tr>\n<td style=\"width: 33.3333%; text-align: center; vertical-align: middle;\" scope=\"rowgroup\">\n<p align=\"center\"><strong>S\u00e9ance N\u00b04<\/strong><\/p>\n<\/td>\n<td style=\"width: 33.2813%; text-align: center; vertical-align: middle;\" scope=\"rowgroup\"><strong>17 septembre<\/strong><\/td>\n<td style=\"width: 33.2813%; text-align: center; vertical-align: middle;\" scope=\"rowgroup\"><strong>13 d\u00e9cembre<\/strong><\/td>\n<\/tr>\n<tr>\n<td style=\"width: 33.3333%; text-align: center; vertical-align: middle;\" scope=\"rowgroup\">\n<p align=\"center\"><strong>S\u00e9ance N\u00b05<\/strong><\/p>\n<\/td>\n<td style=\"width: 33.2813%; text-align: center; vertical-align: middle;\" scope=\"rowgroup\"><strong>23 septembre<\/strong><\/td>\n<td style=\"width: 33.2813%; text-align: center; vertical-align: middle;\" scope=\"rowgroup\"><strong>7 janvier<\/strong><\/td>\n<\/tr>\n<tr>\n<td style=\"width: 33.3333%; text-align: center; vertical-align: middle;\" scope=\"rowgroup\">\n<p align=\"center\"><strong>S\u00e9ance N\u00b06<\/strong><\/p>\n<\/td>\n<td style=\"width: 33.2813%; text-align: center; vertical-align: middle;\" scope=\"rowgroup\"><strong>24 septembre<\/strong><\/td>\n<td style=\"width: 33.2813%; text-align: center; vertical-align: middle;\" scope=\"rowgroup\"><strong>10 janvier<\/strong><\/td>\n<\/tr>\n<tr>\n<td style=\"width: 33.3333%; text-align: center; vertical-align: middle;\" scope=\"rowgroup\">\n<p align=\"center\"><strong>S\u00e9ance N\u00b07<\/strong><\/p>\n<\/td>\n<td style=\"width: 33.2813%; text-align: center; vertical-align: middle;\" scope=\"rowgroup\"><strong>30 septembre<\/strong><\/td>\n<td style=\"width: 33.2813%; text-align: center; vertical-align: middle;\" scope=\"rowgroup\"><strong>14 janvier<\/strong><\/td>\n<\/tr>\n<tr>\n<td style=\"width: 33.3333%; text-align: center; vertical-align: middle;\" scope=\"rowgroup\">\n<p align=\"center\"><strong>S\u00e9ance N\u00b08<\/strong><\/p>\n<\/td>\n<td style=\"width: 33.2813%; text-align: center; vertical-align: middle;\" scope=\"rowgroup\"><strong>1 octobre<\/strong><\/td>\n<td style=\"width: 33.2813%; text-align: center; vertical-align: middle;\" scope=\"rowgroup\"><strong>17 janvier<\/strong><\/td>\n<\/tr>\n<tr>\n<td style=\"width: 33.3333%; text-align: center; vertical-align: middle;\" scope=\"rowgroup\">\n<p align=\"center\"><strong>S\u00e9ance N\u00b09<\/strong><\/p>\n<\/td>\n<td style=\"width: 33.2813%; text-align: center; vertical-align: middle;\" scope=\"rowgroup\"><strong>7 octobre<\/strong><\/td>\n<td style=\"width: 33.2813%; text-align: center; vertical-align: middle;\" scope=\"rowgroup\"><strong>21 janvier<\/strong><\/td>\n<\/tr>\n<tr>\n<td style=\"width: 33.3333%; text-align: center; vertical-align: middle;\" scope=\"rowgroup\">\n<p align=\"center\"><strong>S\u00e9ance N\u00b010<\/strong><\/p>\n<\/td>\n<td style=\"width: 33.2813%; text-align: center; vertical-align: middle;\" scope=\"rowgroup\"><strong>8 octobre<\/strong><\/td>\n<td style=\"width: 33.2813%; text-align: center; vertical-align: middle;\" scope=\"rowgroup\"><strong>24 janvier<\/strong><\/td>\n<\/tr>\n<\/tbody>\n<\/table>\n<p>Dates des <strong>passages d&rsquo;agr\u00e9ments<\/strong> pour les parents accompagnateurs \u00e0 la piscine (pr\u00e9sence sur place 15 minutes avant) :<\/p>\n<ul style=\"list-style-type: square;\">\n<li><strong>piscine de Drachenbronn le 24\/06 \u00e0 16h<\/strong><\/li>\n<li><strong>piscine de Betschdorf le 27\/06 \u00e0 16h<\/strong><\/li>\n<li><strong>piscine de Niederbronn le 25\/06 \u00e0 17h<\/strong><\/li>\n<li><strong>piscine de Niederbronn le 04\/09 \u00e0 17h00<\/strong><\/li>\n<\/ul>\n<p><img loading=\"lazy\" decoding=\"async\" class=\"size-full wp-image-605 aligncenter\" src=\"http:\/\/www.lembach.fr\/ecole\/wp-content\/uploads\/2013\/02\/piscine.jpg\" alt=\"piscine\" width=\"300\" height=\"199\" \/><\/p>\n","protected":false},"excerpt":{"rendered":"<p>Toutes les classes de l&rsquo;\u00e9cole \u00e9l\u00e9mentaire participent \u00e0 un cycle de natation \u00e0 la piscine des \u00ab\u00a0Aqualies\u00a0\u00bb de Niederbronn-les-Bains. Chaque classe a un cycle de 10 s\u00e9ances (5 semaines \u00e0 raisons de 2 s\u00e9ances par semaine). Le prix des d\u00e9placements &hellip; <a href=\"https:\/\/www.lembach.fr\/ecole\/infos-pratiques\/piscine\/\">Continuer la lecture <span class=\"meta-nav\">&rarr;<\/span><\/a><\/p>\n","protected":false},"author":1,"featured_media":0,"parent":198,"menu_order":7,"comment_status":"closed","ping_status":"closed","template":"","meta":{"footnotes":""},"class_list":["post-601","page","type-page","status-publish","hentry"],"_links":{"self":[{"href":"https:\/\/www.lembach.fr\/ecole\/wp-json\/wp\/v2\/pages\/601","targetHints":{"allow":["GET"]}}],"collection":[{"href":"https:\/\/www.lembach.fr\/ecole\/wp-json\/wp\/v2\/pages"}],"about":[{"href":"https:\/\/www.lembach.fr\/ecole\/wp-json\/wp\/v2\/types\/page"}],"author":[{"embeddable":true,"href":"https:\/\/www.lembach.fr\/ecole\/wp-json\/wp\/v2\/users\/1"}],"replies":[{"embeddable":true,"href":"https:\/\/www.lembach.fr\/ecole\/wp-json\/wp\/v2\/comments?post=601"}],"version-history":[{"count":10,"href":"https:\/\/www.lembach.fr\/ecole\/wp-json\/wp\/v2\/pages\/601\/revisions"}],"predecessor-version":[{"id":4901,"href":"https:\/\/www.lembach.fr\/ecole\/wp-json\/wp\/v2\/pages\/601\/revisions\/4901"}],"up":[{"embeddable":true,"href":"https:\/\/www.lembach.fr\/ecole\/wp-json\/wp\/v2\/pages\/198"}],"wp:attachment":[{"href":"https:\/\/www.lembach.fr\/ecole\/wp-json\/wp\/v2\/media?parent=601"}],"curies":[{"name":"wp","href":"https:\/\/api.w.org\/{rel}","templated":true}]}}