{"id":60,"date":"2023-07-27T20:42:55","date_gmt":"2023-07-27T18:42:55","guid":{"rendered":"http:\/\/www.lembach.fr\/ecole\/?page_id=60"},"modified":"2023-07-28T09:34:28","modified_gmt":"2023-07-28T07:34:28","slug":"la-cour","status":"publish","type":"page","link":"https:\/\/www.lembach.fr\/ecole\/notre-ecole\/la-cour\/","title":{"rendered":"La cour"},"content":{"rendered":"<h2 style=\"text-align: center;\"><span style=\"color: #ff0000;\"><strong>Attention !!!<\/strong><\/span><\/h2>\n<h3><span style=\"color: #ff0000;\">Pour la rentr\u00e9e de septembre 2023 est pr\u00e9vue une grande r\u00e9fection avec v\u00e9g\u00e9talisation et perm\u00e9abilisation de la cour de l&rsquo;\u00e9cole&#8230;<\/span><\/h3>\n<h3><span style=\"color: #ff0000;\">Les travaux sont en cours et la mise \u00e0 jour de cette page se fera une fois les travaux finis !<\/span><\/h3>\n<p style=\"text-align: justify;\">Au milieu de la cour, vous trouvez une ancienne fontaine avec un pilier central fait de pierres taill\u00e9s dans du gr\u00e8s vosgien. Elle n&rsquo;est plus en fonction ; cela devait s\u00fbrement \u00eatre d\u00e9rangeant pour les ma\u00eetres d&rsquo;avoir quatre jets d&rsquo;eau \u00e0 port\u00e9e de mains des petits. C&rsquo;est dommage&#8230;<\/p>\n<p style=\"text-align: justify;\">Nous avons un magnifique terrain de billes :\u00a0 il a une forme de demi-anneau. Il y avait quatre beaux bouleaux qui nous faisaient de l&rsquo;ombre en \u00e9t\u00e9, mais en hiver 2006 une temp\u00eate en a d\u00e9racin\u00e9 deux et depuis les services municipaux ont enlev\u00e9 les deux autres. Au fond, se trouvent six garages pour les locataires des logements de service. Deux bancs dans la cour nous permettent de nous reposer apr\u00e8s des courses et des jeux fatigants.<\/p>\n<p style=\"text-align: justify;\">A chaque r\u00e9cr\u00e9ation (sauf quand il pleut), nous jouons au foot. Le long de la cl\u00f4ture, il y a des bacs de jardinage entretenus par les enfants des classes maternelles.<\/p>\n<p style=\"text-align: justify;\">Du c\u00f4t\u00e9 Ouest, a \u00e9t\u00e9 construite le b\u00e2timent du p\u00e9riscolaire mis en service d\u00e9but 2021 : un pr\u00e9au y a \u00e9t\u00e9 ajout\u00e9.<\/p>\n<div id='gallery-1' class='gallery galleryid-60 gallery-columns-3 gallery-size-thumbnail'><dl class='gallery-item'>\n\t\t\t<dt class='gallery-icon landscape'>\n\t\t\t\t<a href='https:\/\/www.lembach.fr\/ecole\/notre-ecole\/la-cour\/cour02\/'><img loading=\"lazy\" decoding=\"async\" width=\"150\" height=\"150\" src=\"https:\/\/www.lembach.fr\/ecole\/wp-content\/uploads\/2013\/02\/cour02-150x150.jpg\" class=\"attachment-thumbnail size-thumbnail\" alt=\"\" aria-describedby=\"gallery-1-885\" \/><\/a>\n\t\t\t<\/dt>\n\t\t\t\t<dd class='wp-caption-text gallery-caption' id='gallery-1-885'>\n\t\t\t\tLe terrain de foot\n\t\t\t\t<\/dd><\/dl><dl class='gallery-item'>\n\t\t\t<dt class='gallery-icon landscape'>\n\t\t\t\t<a href='https:\/\/www.lembach.fr\/ecole\/notre-ecole\/la-cour\/cour03\/'><img loading=\"lazy\" decoding=\"async\" width=\"150\" height=\"150\" src=\"https:\/\/www.lembach.fr\/ecole\/wp-content\/uploads\/2013\/02\/cour03-150x150.jpg\" class=\"attachment-thumbnail size-thumbnail\" alt=\"\" aria-describedby=\"gallery-1-886\" \/><\/a>\n\t\t\t<\/dt>\n\t\t\t\t<dd class='wp-caption-text gallery-caption' id='gallery-1-886'>\n\t\t\t\tLa partie centrale\n\t\t\t\t<\/dd><\/dl><dl class='gallery-item'>\n\t\t\t<dt class='gallery-icon landscape'>\n\t\t\t\t<a href='https:\/\/www.lembach.fr\/ecole\/notre-ecole\/la-cour\/cour06\/'><img loading=\"lazy\" decoding=\"async\" width=\"150\" height=\"150\" src=\"https:\/\/www.lembach.fr\/ecole\/wp-content\/uploads\/2013\/02\/cour06-150x150.jpg\" class=\"attachment-thumbnail size-thumbnail\" alt=\"\" aria-describedby=\"gallery-1-889\" \/><\/a>\n\t\t\t<\/dt>\n\t\t\t\t<dd class='wp-caption-text gallery-caption' id='gallery-1-889'>\n\t\t\t\tJardin des petits\n\t\t\t\t<\/dd><\/dl><br style=\"clear: both\" \/><dl class='gallery-item'>\n\t\t\t<dt class='gallery-icon landscape'>\n\t\t\t\t<a href='https:\/\/www.lembach.fr\/ecole\/notre-ecole\/la-cour\/cour09\/'><img loading=\"lazy\" decoding=\"async\" width=\"150\" height=\"150\" src=\"https:\/\/www.lembach.fr\/ecole\/wp-content\/uploads\/2013\/02\/cour09-150x150.jpg\" class=\"attachment-thumbnail size-thumbnail\" alt=\"\" aria-describedby=\"gallery-1-892\" \/><\/a>\n\t\t\t<\/dt>\n\t\t\t\t<dd class='wp-caption-text gallery-caption' id='gallery-1-892'>\n\t\t\t\tLe terrain de billes\n\t\t\t\t<\/dd><\/dl><dl class='gallery-item'>\n\t\t\t<dt class='gallery-icon portrait'>\n\t\t\t\t<a href='https:\/\/www.lembach.fr\/ecole\/notre-ecole\/la-cour\/cour10\/'><img loading=\"lazy\" decoding=\"async\" width=\"150\" height=\"150\" src=\"https:\/\/www.lembach.fr\/ecole\/wp-content\/uploads\/2013\/02\/cour10-150x150.jpg\" class=\"attachment-thumbnail size-thumbnail\" alt=\"\" aria-describedby=\"gallery-1-893\" \/><\/a>\n\t\t\t<\/dt>\n\t\t\t\t<dd class='wp-caption-text gallery-caption' id='gallery-1-893'>\n\t\t\t\tL&rsquo;ancienne fontaine\n\t\t\t\t<\/dd><\/dl><dl class='gallery-item'>\n\t\t\t<dt class='gallery-icon landscape'>\n\t\t\t\t<a href='https:\/\/www.lembach.fr\/ecole\/notre-ecole\/la-cour\/cour12\/'><img loading=\"lazy\" decoding=\"async\" width=\"150\" height=\"150\" src=\"https:\/\/www.lembach.fr\/ecole\/wp-content\/uploads\/2013\/02\/cour12-150x150.jpg\" class=\"attachment-thumbnail size-thumbnail\" alt=\"\" aria-describedby=\"gallery-1-895\" \/><\/a>\n\t\t\t<\/dt>\n\t\t\t\t<dd class='wp-caption-text gallery-caption' id='gallery-1-895'>\n\t\t\t\tVue de l&rsquo;\u00e9tage 2\n\t\t\t\t<\/dd><\/dl><br style=\"clear: both\" \/>\n\t\t<\/div>\n\n","protected":false},"excerpt":{"rendered":"<p>Attention !!! Pour la rentr\u00e9e de septembre 2023 est pr\u00e9vue une grande r\u00e9fection avec v\u00e9g\u00e9talisation et perm\u00e9abilisation de la cour de l&rsquo;\u00e9cole&#8230; Les travaux sont en cours et la mise \u00e0 jour de cette page se fera une fois les &hellip; <a href=\"https:\/\/www.lembach.fr\/ecole\/notre-ecole\/la-cour\/\">Continuer la lecture <span class=\"meta-nav\">&rarr;<\/span><\/a><\/p>\n","protected":false},"author":1,"featured_media":0,"parent":23,"menu_order":2,"comment_status":"closed","ping_status":"closed","template":"","meta":{"footnotes":""},"class_list":["post-60","page","type-page","status-publish","hentry"],"_links":{"self":[{"href":"https:\/\/www.lembach.fr\/ecole\/wp-json\/wp\/v2\/pages\/60","targetHints":{"allow":["GET"]}}],"collection":[{"href":"https:\/\/www.lembach.fr\/ecole\/wp-json\/wp\/v2\/pages"}],"about":[{"href":"https:\/\/www.lembach.fr\/ecole\/wp-json\/wp\/v2\/types\/page"}],"author":[{"embeddable":true,"href":"https:\/\/www.lembach.fr\/ecole\/wp-json\/wp\/v2\/users\/1"}],"replies":[{"embeddable":true,"href":"https:\/\/www.lembach.fr\/ecole\/wp-json\/wp\/v2\/comments?post=60"}],"version-history":[{"count":5,"href":"https:\/\/www.lembach.fr\/ecole\/wp-json\/wp\/v2\/pages\/60\/revisions"}],"predecessor-version":[{"id":4836,"href":"https:\/\/www.lembach.fr\/ecole\/wp-json\/wp\/v2\/pages\/60\/revisions\/4836"}],"up":[{"embeddable":true,"href":"https:\/\/www.lembach.fr\/ecole\/wp-json\/wp\/v2\/pages\/23"}],"wp:attachment":[{"href":"https:\/\/www.lembach.fr\/ecole\/wp-json\/wp\/v2\/media?parent=60"}],"curies":[{"name":"wp","href":"https:\/\/api.w.org\/{rel}","templated":true}]}}