{"id":58,"date":"2021-08-31T20:35:39","date_gmt":"2021-08-31T18:35:39","guid":{"rendered":"http:\/\/www.lembach.fr\/ecole\/?page_id=58"},"modified":"2021-09-01T08:30:28","modified_gmt":"2021-09-01T06:30:28","slug":"le-batiment","status":"publish","type":"page","link":"https:\/\/www.lembach.fr\/ecole\/notre-ecole\/le-batiment\/","title":{"rendered":"Le b\u00e2timent"},"content":{"rendered":"<p style=\"text-align: justify;\">Notre \u00e9cole est verte et jaune. Le soubassement est fait de pierres en gr\u00e8s des Vosges. Depuis l&rsquo;\u00e9t\u00e9 2012, le toit et la fa\u00e7ade sont enti\u00e8rement \u00e9quip\u00e9s de panneaux solaires photovolta\u00efques qui produisent de l&rsquo;\u00e9lectricit\u00e9 lorsqu&rsquo;il fait jour.<\/p>\n<p style=\"text-align: justify;\">Chaque salle de classe a quatre grandes fen\u00eatres qui donnent sur la cour.<\/p>\n<p style=\"text-align: justify;\">C\u00f4t\u00e9 Nord, deux portes de service permettent d&rsquo;acc\u00e9der \u00e0 l&rsquo;\u00e9cole par le parking et les deux autres sont les entr\u00e9es des logements.<\/p>\n<p style=\"text-align: justify;\">Deux emplacements parking sont r\u00e9serv\u00e9s aux bus du c\u00f4t\u00e9 de la salle de jeux des petits et juste \u00e0 c\u00f4t\u00e9 se trouvent le b\u00e2timent du p\u00e9riscolaire et un parking. Depuis 2006, il y a un acc\u00e8s pi\u00e9ton par le haut de la rue et qui longe le p\u00e9riscolaire permettant d&rsquo;arriver au portail\u00a0 depuis la rue des pr\u00e9s sans \u00eatre g\u00ean\u00e9 par les v\u00e9hicules.<\/p>\n<p style=\"text-align: justify;\">Dans la partie Ouest de la cour il y a les toilettes des filles, le portail d&rsquo;entr\u00e9e de la cour, le pr\u00e9au des maternelles et les jeux de sol dont l&rsquo;escargot et la marelle.<\/p>\n<p style=\"text-align: justify;\">C\u00f4t\u00e9 Est, le lieu o\u00f9 nous se rendent les \u00e9l\u00e8ves de l&rsquo;\u00e9l\u00e9mentaire le matin \u00e0 8h quand \u00e7a sonne, pour nous ranger. On voit le pr\u00e9au par lequel nous entrons et o\u00f9 on trouve les toilettes des gar\u00e7ons.<\/p>\n<div id='gallery-1' class='gallery galleryid-58 gallery-columns-3 gallery-size-thumbnail'><dl class='gallery-item'>\n\t\t\t<dt class='gallery-icon landscape'>\n\t\t\t\t<a href='https:\/\/www.lembach.fr\/ecole\/notre-ecole\/le-batiment\/batiment_1\/'><img loading=\"lazy\" decoding=\"async\" width=\"150\" height=\"150\" src=\"https:\/\/www.lembach.fr\/ecole\/wp-content\/uploads\/2013\/02\/batiment_1-150x150.jpg\" class=\"attachment-thumbnail size-thumbnail\" alt=\"\" aria-describedby=\"gallery-1-877\" \/><\/a>\n\t\t\t<\/dt>\n\t\t\t\t<dd class='wp-caption-text gallery-caption' id='gallery-1-877'>\n\t\t\t\tEntr\u00e9e maternelle et p\u00e9riscolaire\n\t\t\t\t<\/dd><\/dl><dl class='gallery-item'>\n\t\t\t<dt class='gallery-icon landscape'>\n\t\t\t\t<a href='https:\/\/www.lembach.fr\/ecole\/notre-ecole\/le-batiment\/batiment_2\/'><img loading=\"lazy\" decoding=\"async\" width=\"150\" height=\"150\" src=\"https:\/\/www.lembach.fr\/ecole\/wp-content\/uploads\/2013\/02\/batiment_2-150x150.jpg\" class=\"attachment-thumbnail size-thumbnail\" alt=\"\" aria-describedby=\"gallery-1-878\" \/><\/a>\n\t\t\t<\/dt>\n\t\t\t\t<dd class='wp-caption-text gallery-caption' id='gallery-1-878'>\n\t\t\t\tVue du portail\n\t\t\t\t<\/dd><\/dl><dl class='gallery-item'>\n\t\t\t<dt class='gallery-icon landscape'>\n\t\t\t\t<a href='https:\/\/www.lembach.fr\/ecole\/notre-ecole\/le-batiment\/batiment_3\/'><img loading=\"lazy\" decoding=\"async\" width=\"150\" height=\"150\" src=\"https:\/\/www.lembach.fr\/ecole\/wp-content\/uploads\/2013\/02\/batiment_3-150x150.jpg\" class=\"attachment-thumbnail size-thumbnail\" alt=\"\" aria-describedby=\"gallery-1-879\" \/><\/a>\n\t\t\t<\/dt>\n\t\t\t\t<dd class='wp-caption-text gallery-caption' id='gallery-1-879'>\n\t\t\t\tEntr\u00e9e \u00e9l\u00e9mentaire\n\t\t\t\t<\/dd><\/dl><br style=\"clear: both\" \/><dl class='gallery-item'>\n\t\t\t<dt class='gallery-icon landscape'>\n\t\t\t\t<a href='https:\/\/www.lembach.fr\/ecole\/notre-ecole\/le-batiment\/batiment_4\/'><img loading=\"lazy\" decoding=\"async\" width=\"150\" height=\"150\" src=\"https:\/\/www.lembach.fr\/ecole\/wp-content\/uploads\/2013\/02\/batiment_4-150x150.jpg\" class=\"attachment-thumbnail size-thumbnail\" alt=\"\" aria-describedby=\"gallery-1-880\" \/><\/a>\n\t\t\t<\/dt>\n\t\t\t\t<dd class='wp-caption-text gallery-caption' id='gallery-1-880'>\n\t\t\t\tVue de la cour 1\n\t\t\t\t<\/dd><\/dl><dl class='gallery-item'>\n\t\t\t<dt class='gallery-icon landscape'>\n\t\t\t\t<a href='https:\/\/www.lembach.fr\/ecole\/notre-ecole\/le-batiment\/batiment_5\/'><img loading=\"lazy\" decoding=\"async\" width=\"150\" height=\"150\" src=\"https:\/\/www.lembach.fr\/ecole\/wp-content\/uploads\/2013\/02\/batiment_5-150x150.jpg\" class=\"attachment-thumbnail size-thumbnail\" alt=\"\" aria-describedby=\"gallery-1-881\" \/><\/a>\n\t\t\t<\/dt>\n\t\t\t\t<dd class='wp-caption-text gallery-caption' id='gallery-1-881'>\n\t\t\t\tVue de la cour 2\n\t\t\t\t<\/dd><\/dl>\n\t\t\t<br style='clear: both' \/>\n\t\t<\/div>\n\n","protected":false},"excerpt":{"rendered":"<p>Notre \u00e9cole est verte et jaune. Le soubassement est fait de pierres en gr\u00e8s des Vosges. Depuis l&rsquo;\u00e9t\u00e9 2012, le toit et la fa\u00e7ade sont enti\u00e8rement \u00e9quip\u00e9s de panneaux solaires photovolta\u00efques qui produisent de l&rsquo;\u00e9lectricit\u00e9 lorsqu&rsquo;il fait jour. Chaque salle &hellip; <a href=\"https:\/\/www.lembach.fr\/ecole\/notre-ecole\/le-batiment\/\">Continuer la lecture <span class=\"meta-nav\">&rarr;<\/span><\/a><\/p>\n","protected":false},"author":1,"featured_media":0,"parent":23,"menu_order":1,"comment_status":"closed","ping_status":"closed","template":"","meta":{"footnotes":""},"class_list":["post-58","page","type-page","status-publish","hentry"],"_links":{"self":[{"href":"https:\/\/www.lembach.fr\/ecole\/wp-json\/wp\/v2\/pages\/58","targetHints":{"allow":["GET"]}}],"collection":[{"href":"https:\/\/www.lembach.fr\/ecole\/wp-json\/wp\/v2\/pages"}],"about":[{"href":"https:\/\/www.lembach.fr\/ecole\/wp-json\/wp\/v2\/types\/page"}],"author":[{"embeddable":true,"href":"https:\/\/www.lembach.fr\/ecole\/wp-json\/wp\/v2\/users\/1"}],"replies":[{"embeddable":true,"href":"https:\/\/www.lembach.fr\/ecole\/wp-json\/wp\/v2\/comments?post=58"}],"version-history":[{"count":0,"href":"https:\/\/www.lembach.fr\/ecole\/wp-json\/wp\/v2\/pages\/58\/revisions"}],"up":[{"embeddable":true,"href":"https:\/\/www.lembach.fr\/ecole\/wp-json\/wp\/v2\/pages\/23"}],"wp:attachment":[{"href":"https:\/\/www.lembach.fr\/ecole\/wp-json\/wp\/v2\/media?parent=58"}],"curies":[{"name":"wp","href":"https:\/\/api.w.org\/{rel}","templated":true}]}}