{"id":578,"date":"2013-02-23T20:26:07","date_gmt":"2013-02-23T19:26:07","guid":{"rendered":"http:\/\/www.lembach.fr\/ecole\/?page_id=578"},"modified":"2023-04-03T15:40:31","modified_gmt":"2023-04-03T13:40:31","slug":"578-2","status":"publish","type":"page","link":"https:\/\/www.lembach.fr\/ecole\/infos-administratives\/578-2\/","title":{"rendered":"Coop\u00e9rative scolaire"},"content":{"rendered":"<p><img loading=\"lazy\" decoding=\"async\" class=\"size-full wp-image-580 alignleft\" src=\"http:\/\/www.lembach.fr\/ecole\/wp-content\/uploads\/2013\/02\/occe67.jpg\" alt=\"occe67\" width=\"160\" height=\"127\" \/>L&rsquo;\u00e9cole est affili\u00e9e \u00e0 l&rsquo;<a href=\"http:\/\/www.occe.coop\/~ad67\/\" target=\"_blank\" rel=\"noopener\">OCCE 67<\/a> (<strong>Office Central de la Coop\u00e9ration \u00e0 l&rsquo;\u00c9cole<\/strong>) et a donc une coop\u00e9rative scolaire.<\/p>\n<p>Cr\u00e9\u00e9es dans un esprit mutualiste au d\u00e9but du 20<sup>e<\/sup> si\u00e8cle, les coop\u00e9ratives scolaires permettent de financer certaines activit\u00e9s.<\/p>\n<h2><\/h2>\n<h2>Sorties scolaires, mat\u00e9riel p\u00e9dagogique\u2026<\/h2>\n<p><strong>La cr\u00e9ation d&rsquo;une coop\u00e9rative n&rsquo;est pas obligatoire<\/strong>, mais la quasi-totalit\u00e9 des \u00e9coles fran\u00e7aises en sont dot\u00e9es. Les <strong>\u00e9l\u00e8ves<\/strong> en constituent statutairement les membres.<\/p>\n<p><strong>Les \u00e9coles primaires n&rsquo;ont pas d&rsquo;autonomie financi\u00e8re,<\/strong> ni de budget propre. Le syst\u00e8me de la coop\u00e9rative scolaire permet de pallier cette situation, notamment pour financer des <strong>activit\u00e9s<\/strong>, comme les <strong>sorties<\/strong> au cin\u00e9ma, mus\u00e9e ou au th\u00e9\u00e2tre, le voyages scolaires et d&rsquo;acheter du mat\u00e9riel p\u00e9dagogique (feutres, peinture, jeux, livres\u2026).<\/p>\n<h2>Participation souhait\u00e9e<\/h2>\n<p><strong>L&rsquo;argent qui dote la coop\u00e9rative scolaire de chaque \u00e9cole<\/strong> provient des familles qui sont sollicit\u00e9es une ou plusieurs fois dans l&rsquo;ann\u00e9e sous forme de participation volontaire ou lors de f\u00eates et manifestations organis\u00e9es par les enseignants et les \u00e9l\u00e8ves. <strong><br \/>\n<\/strong><\/p>\n<h2>Fonds sous contr\u00f4le<\/h2>\n<p><strong>Un organisme central, l&rsquo;OCCE<\/strong> auquel les 55\u00a0000\u00a0coop\u00e9ratives scolaires de France sont affili\u00e9es d&rsquo;office, exerce un contr\u00f4le sur cet argent et veille \u00e0 sa bonne utilisation.<\/p>\n<p><img loading=\"lazy\" decoding=\"async\" class=\"size-full wp-image-579 aligncenter\" src=\"http:\/\/www.lembach.fr\/ecole\/wp-content\/uploads\/2013\/02\/logo_occe.gif\" alt=\"logo_occe\" width=\"490\" height=\"219\" \/><\/p>\n","protected":false},"excerpt":{"rendered":"<p>L&rsquo;\u00e9cole est affili\u00e9e \u00e0 l&rsquo;OCCE 67 (Office Central de la Coop\u00e9ration \u00e0 l&rsquo;\u00c9cole) et a donc une coop\u00e9rative scolaire. Cr\u00e9\u00e9es dans un esprit mutualiste au d\u00e9but du 20e si\u00e8cle, les coop\u00e9ratives scolaires permettent de financer certaines activit\u00e9s. Sorties scolaires, mat\u00e9riel &hellip; <a href=\"https:\/\/www.lembach.fr\/ecole\/infos-administratives\/578-2\/\">Continuer la lecture <span class=\"meta-nav\">&rarr;<\/span><\/a><\/p>\n","protected":false},"author":1,"featured_media":0,"parent":25,"menu_order":9,"comment_status":"closed","ping_status":"closed","template":"","meta":{"footnotes":""},"class_list":["post-578","page","type-page","status-publish","hentry"],"_links":{"self":[{"href":"https:\/\/www.lembach.fr\/ecole\/wp-json\/wp\/v2\/pages\/578","targetHints":{"allow":["GET"]}}],"collection":[{"href":"https:\/\/www.lembach.fr\/ecole\/wp-json\/wp\/v2\/pages"}],"about":[{"href":"https:\/\/www.lembach.fr\/ecole\/wp-json\/wp\/v2\/types\/page"}],"author":[{"embeddable":true,"href":"https:\/\/www.lembach.fr\/ecole\/wp-json\/wp\/v2\/users\/1"}],"replies":[{"embeddable":true,"href":"https:\/\/www.lembach.fr\/ecole\/wp-json\/wp\/v2\/comments?post=578"}],"version-history":[{"count":1,"href":"https:\/\/www.lembach.fr\/ecole\/wp-json\/wp\/v2\/pages\/578\/revisions"}],"predecessor-version":[{"id":4757,"href":"https:\/\/www.lembach.fr\/ecole\/wp-json\/wp\/v2\/pages\/578\/revisions\/4757"}],"up":[{"embeddable":true,"href":"https:\/\/www.lembach.fr\/ecole\/wp-json\/wp\/v2\/pages\/25"}],"wp:attachment":[{"href":"https:\/\/www.lembach.fr\/ecole\/wp-json\/wp\/v2\/media?parent=578"}],"curies":[{"name":"wp","href":"https:\/\/api.w.org\/{rel}","templated":true}]}}