{"id":532,"date":"2017-04-27T15:50:40","date_gmt":"2017-04-27T13:50:40","guid":{"rendered":"http:\/\/www.lembach.fr\/ecole\/?page_id=532"},"modified":"2022-05-12T14:35:54","modified_gmt":"2022-05-12T12:35:54","slug":"inscription-deleve","status":"publish","type":"page","link":"https:\/\/www.lembach.fr\/ecole\/infos-administratives\/inscription-deleve\/","title":{"rendered":"Inscription d&rsquo;\u00e9l\u00e8ve"},"content":{"rendered":"<p>Voici la proc\u00e9dure pour inscrire un enfant \u00e0 l&rsquo;\u00e9cole.<\/p>\n<p><img loading=\"lazy\" decoding=\"async\" class=\"size-full wp-image-553 alignleft\" src=\"http:\/\/www.lembach.fr\/ecole\/wp-content\/uploads\/2013\/02\/inscription.gif\" alt=\"inscription\" width=\"190\" height=\"300\" \/><\/p>\n<p>Dans tous les cas, vous devez passer par le secr\u00e9tariat de la Mairie pour inscrire votre enfant. La secr\u00e9taire communale proc\u00e8dera \u00e0 son inscription informatis\u00e9e puis vous remettra un <em><span style=\"text-decoration: underline;\">certificat d&rsquo;inscription<\/span><\/em> et \u00e9ventuellement la <em><span style=\"text-decoration: underline;\">d\u00e9rogation accord\u00e9e par les deux maires<\/span>.<\/em><\/p>\n<p style=\"text-align: center;\"><em><strong><span style=\"color: #ff0000;\">Attention, important !<\/span><\/strong><\/em><\/p>\n<p style=\"text-align: left;\"><span style=\"color: #ff0000;\">Dans le cas o\u00f9 votre domicile est diff\u00e9rent d&rsquo;un des villages composant le RPI (<em>Lembach &#8211; Mattstall &#8211; Pfaffenbronn &#8211; Niedersteinbach &#8211; Obersteinbach<\/em>), vous devez obligatoirement demander un formulaire de d\u00e9rogation \u00e0 faire remplir par les deux Maires : celui de votre domicile et celui de Lembach.<\/span> <span style=\"color: #ff0000;\">Cette d\u00e9rogation d\u00e9pendra des motifs avanc\u00e9s <strong>ET du nombre de places disponibles dans les diff\u00e9rentes classes de l&rsquo;\u00e9cole<\/strong>.<\/span><\/p>\n<p style=\"text-align: center;\">&#8212;&#8212;&#8212;&#8212;&#8212;&#8212;&#8212;&#8212;&#8212;&#8212;&#8212;&#8211;<\/p>\n<p>Il faudra ensuite prendre rendez-vous avec la directrice de l&rsquo;\u00e9cole en vue d&rsquo;une admission et produire les documents \u00e9num\u00e9r\u00e9s ci-dessous :<\/p>\n<ul>\n<li><span style=\"color: #ff0000;\"><strong>le certificat de radiation de l&rsquo;\u00e9cole d&rsquo;origine<\/strong><\/span> si l&rsquo;enfant a d\u00e9j\u00e0 \u00e9t\u00e9 scolaris\u00e9 ; vous pouvez demander ce document au directeur.trice de l&rsquo;\u00e9cole quitt\u00e9e, m\u00eame avant la date de radiation effective (qui sera not\u00e9e sur le certificat).<\/li>\n<\/ul>\n<ul>\n<li>la fiche de renseignement ci-dessous compl\u00e9t\u00e9e ; si vous h\u00e9sitez sur certains points, vous pourrez renseigner ces champs lors de l&rsquo;entrevue avec le directeur :<\/li>\n<\/ul>\n<p style=\"text-align: center;\"><a href=\"http:\/\/www.lembach.fr\/ecole\/wp-content\/uploads\/2017\/04\/fiche_maternelle_2016.pdf\" target=\"_blank\" rel=\"noopener noreferrer\">fiche pour la maternelle<\/a><br \/>\n<a href=\"http:\/\/www.lembach.fr\/ecole\/wp-content\/uploads\/2017\/04\/fiche_elementaire_2016.pdf\" target=\"_blank\" rel=\"noopener noreferrer\">fiche pour l&rsquo;\u00e9l\u00e9mentaire<\/a><\/p>\n<ul>\n<li>une photocopie de la carte d&rsquo;identit\u00e9 de l&rsquo;\u00e9l\u00e8ve, l&rsquo;<a href=\"http:\/\/www.lembach.fr\/ecole\/wp-content\/uploads\/2017\/04\/autorisation_sortie_du_territoire.pdf\" target=\"_blank\" rel=\"noopener noreferrer\">autorisation de sortie de territoire <\/a>remplie par le repr\u00e9sentant l\u00e9gal et une photocopie de la pi\u00e8ce d&rsquo;identit\u00e9 de celui-ci.<br \/>\n<em>Ces documents permettront les \u00e9changes franco\/allemands avec nos correspondants allemands de Fischbach et Ludwigswinkel.<\/em><\/li>\n<\/ul>\n<ul>\n<li><a href=\"http:\/\/www.lembach.fr\/ecole\/wp-content\/uploads\/2013\/02\/charte_internet_eleve.pdf\" target=\"_blank\" rel=\"noopener noreferrer\">la charte Internet<\/a> sign\u00e9e par l&rsquo;\u00e9l\u00e8ve et les parents.<br \/>\n<em>Cela ne concerne que les \u00e9l\u00e8ves des classes de CE2, CM1 et CM2.<\/em><\/li>\n<\/ul>\n<ul>\n<li><strong><span style=\"color: #ff0000;\">le livret de famille<\/span><\/strong><\/li>\n<\/ul>\n<ul>\n<li><strong><span style=\"color: #ff0000;\">le carnet de sant\u00e9<\/span> <\/strong>pour v\u00e9rification des vaccins et rappels obligatoires (<em>DT-Polio<\/em>).<\/li>\n<\/ul>\n<ul>\n<li><strong><span style=\"color: #ff0000;\">tous les documents se rapportant \u00e0 la scolarit\u00e9 et aux difficult\u00e9s \u00e9ventuelles<\/span><\/strong> dont vous \u00eates en possession.<\/li>\n<\/ul>\n<ul>\n<li>la demande de carte de transport pour les \u00e9l\u00e8ves qui devront prendre un transport scolaire est \u00e0 faire en ligne sur le site d\u00e9di\u00e9 aux transports de la r\u00e9gion Grand-Est :<\/li>\n<\/ul>\n<p style=\"text-align: center;\"><a href=\"http:\/\/www.fluo.eu\/67\" target=\"_blank\" rel=\"noopener noreferrer\">http:\/\/www.vialsace.eu\/67<\/a><br \/>\n(voir les consignes <a href=\"https:\/\/www.lembach.fr\/ecole\/?page_id=4643\">&gt;ici&lt;<\/a>)<\/p>\n","protected":false},"excerpt":{"rendered":"<p>Voici la proc\u00e9dure pour inscrire un enfant \u00e0 l&rsquo;\u00e9cole. Dans tous les cas, vous devez passer par le secr\u00e9tariat de la Mairie pour inscrire votre enfant. La secr\u00e9taire communale proc\u00e8dera \u00e0 son inscription informatis\u00e9e puis vous remettra un certificat d&rsquo;inscription &hellip; <a href=\"https:\/\/www.lembach.fr\/ecole\/infos-administratives\/inscription-deleve\/\">Continuer la lecture <span class=\"meta-nav\">&rarr;<\/span><\/a><\/p>\n","protected":false},"author":1,"featured_media":0,"parent":25,"menu_order":0,"comment_status":"closed","ping_status":"closed","template":"","meta":{"footnotes":""},"class_list":["post-532","page","type-page","status-publish","hentry"],"_links":{"self":[{"href":"https:\/\/www.lembach.fr\/ecole\/wp-json\/wp\/v2\/pages\/532","targetHints":{"allow":["GET"]}}],"collection":[{"href":"https:\/\/www.lembach.fr\/ecole\/wp-json\/wp\/v2\/pages"}],"about":[{"href":"https:\/\/www.lembach.fr\/ecole\/wp-json\/wp\/v2\/types\/page"}],"author":[{"embeddable":true,"href":"https:\/\/www.lembach.fr\/ecole\/wp-json\/wp\/v2\/users\/1"}],"replies":[{"embeddable":true,"href":"https:\/\/www.lembach.fr\/ecole\/wp-json\/wp\/v2\/comments?post=532"}],"version-history":[{"count":0,"href":"https:\/\/www.lembach.fr\/ecole\/wp-json\/wp\/v2\/pages\/532\/revisions"}],"up":[{"embeddable":true,"href":"https:\/\/www.lembach.fr\/ecole\/wp-json\/wp\/v2\/pages\/25"}],"wp:attachment":[{"href":"https:\/\/www.lembach.fr\/ecole\/wp-json\/wp\/v2\/media?parent=532"}],"curies":[{"name":"wp","href":"https:\/\/api.w.org\/{rel}","templated":true}]}}