{"id":4643,"date":"2021-09-10T12:27:48","date_gmt":"2021-09-10T10:27:48","guid":{"rendered":"https:\/\/www.lembach.fr\/ecole\/?page_id=4643"},"modified":"2021-09-10T12:27:48","modified_gmt":"2021-09-10T10:27:48","slug":"transport-scolaire","status":"publish","type":"page","link":"https:\/\/www.lembach.fr\/ecole\/infos-pratiques\/transport-scolaire\/","title":{"rendered":"Transport scolaire"},"content":{"rendered":"<p style=\"text-align: center;\"><img loading=\"lazy\" decoding=\"async\" class=\"alignnone size-full wp-image-2674\" src=\"http:\/\/www.lembach.fr\/ecole\/wp-content\/uploads\/2017\/06\/logo_grand_est.jpg\" alt=\"\" width=\"400\" height=\"123\" srcset=\"https:\/\/www.lembach.fr\/ecole\/wp-content\/uploads\/2017\/06\/logo_grand_est.jpg 400w, https:\/\/www.lembach.fr\/ecole\/wp-content\/uploads\/2017\/06\/logo_grand_est-300x92.jpg 300w\" sizes=\"auto, (max-width: 400px) 100vw, 400px\" \/><\/p>\n<h1 class=\"entry-title\">Demande de carte de transport 2021\/2022<\/h1>\n<div class=\"entry-content\">\n<p>Tous les \u00e9l\u00e8ves prenant le transport scolaire et scolaris\u00e9s \u00e0 Lembach doivent d\u00e9sormais s&rsquo;inscrire en ligne (il n\u2019y a plus de formulaire papier) : <a href=\"http:\/\/www.fluo.eu\/67\" target=\"_blank\" rel=\"noopener\" data-saferedirecturl=\"https:\/\/www.google.com\/url?q=http:\/\/www.fluo.eu\/67&amp;source=gmail&amp;ust=1621173148956000&amp;usg=AFQjCNEi29ehC-l2mQ3g7MPmQGfiLwvfeA\">www.fluo.eu\/67<\/a><\/p>\n<p>Si les familles ont des questions, elles peuvent joindre le Grand Est au 03 88 15 38 99 ou par mail : <a href=\"mailto:transports67@grandest.fr\" target=\"_blank\" rel=\"noopener\">transports67@grandest.fr<\/a><\/p>\n<p style=\"text-align: center;\">Vous trouverez ci-dessous les horaires<br \/>\ndes lignes de transport scolaire pour l&rsquo;\u00e9cole de Lembach :<\/p>\n<p><a href=\"https:\/\/www.lembach.fr\/ecole\/wp-content\/uploads\/2021\/09\/LS-101.pdf\" target=\"_blank\" rel=\"noopener\"><img loading=\"lazy\" decoding=\"async\" class=\"size-full wp-image-4637 aligncenter\" src=\"https:\/\/www.lembach.fr\/ecole\/wp-content\/uploads\/2021\/09\/LS101_Pfaffenbronn_Mattstall.jpg\" alt=\"\" width=\"548\" height=\"123\" srcset=\"https:\/\/www.lembach.fr\/ecole\/wp-content\/uploads\/2021\/09\/LS101_Pfaffenbronn_Mattstall.jpg 548w, https:\/\/www.lembach.fr\/ecole\/wp-content\/uploads\/2021\/09\/LS101_Pfaffenbronn_Mattstall-300x67.jpg 300w\" sizes=\"auto, (max-width: 548px) 100vw, 548px\" \/><\/a><\/p>\n<p><a href=\"https:\/\/www.lembach.fr\/ecole\/wp-content\/uploads\/2021\/09\/LS-328.pdf\" target=\"_blank\" rel=\"noopener\"><img loading=\"lazy\" decoding=\"async\" class=\"size-full wp-image-4636 aligncenter\" src=\"https:\/\/www.lembach.fr\/ecole\/wp-content\/uploads\/2021\/09\/LS101_Niedersteinbach_Obersteinbach.jpg\" alt=\"\" width=\"548\" height=\"123\" srcset=\"https:\/\/www.lembach.fr\/ecole\/wp-content\/uploads\/2021\/09\/LS101_Niedersteinbach_Obersteinbach.jpg 548w, https:\/\/www.lembach.fr\/ecole\/wp-content\/uploads\/2021\/09\/LS101_Niedersteinbach_Obersteinbach-300x67.jpg 300w\" sizes=\"auto, (max-width: 548px) 100vw, 548px\" \/><\/a><\/p>\n<\/div>\n<p>&nbsp;<\/p>\n<p><img loading=\"lazy\" decoding=\"async\" class=\"alignnone size-full wp-image-2666 aligncenter\" src=\"http:\/\/www.lembach.fr\/ecole\/wp-content\/uploads\/2017\/06\/bus_scolaire.jpg\" alt=\"\" width=\"400\" height=\"252\" srcset=\"https:\/\/www.lembach.fr\/ecole\/wp-content\/uploads\/2017\/06\/bus_scolaire.jpg 400w, https:\/\/www.lembach.fr\/ecole\/wp-content\/uploads\/2017\/06\/bus_scolaire-300x189.jpg 300w\" sizes=\"auto, (max-width: 400px) 100vw, 400px\" \/><\/p>\n","protected":false},"excerpt":{"rendered":"<p>Demande de carte de transport 2021\/2022 Tous les \u00e9l\u00e8ves prenant le transport scolaire et scolaris\u00e9s \u00e0 Lembach doivent d\u00e9sormais s&rsquo;inscrire en ligne (il n\u2019y a plus de formulaire papier) : www.fluo.eu\/67 Si les familles ont des questions, elles peuvent joindre &hellip; <a href=\"https:\/\/www.lembach.fr\/ecole\/infos-pratiques\/transport-scolaire\/\">Continuer la lecture <span class=\"meta-nav\">&rarr;<\/span><\/a><\/p>\n","protected":false},"author":1,"featured_media":0,"parent":198,"menu_order":1,"comment_status":"closed","ping_status":"closed","template":"","meta":{"footnotes":""},"class_list":["post-4643","page","type-page","status-publish","hentry"],"_links":{"self":[{"href":"https:\/\/www.lembach.fr\/ecole\/wp-json\/wp\/v2\/pages\/4643","targetHints":{"allow":["GET"]}}],"collection":[{"href":"https:\/\/www.lembach.fr\/ecole\/wp-json\/wp\/v2\/pages"}],"about":[{"href":"https:\/\/www.lembach.fr\/ecole\/wp-json\/wp\/v2\/types\/page"}],"author":[{"embeddable":true,"href":"https:\/\/www.lembach.fr\/ecole\/wp-json\/wp\/v2\/users\/1"}],"replies":[{"embeddable":true,"href":"https:\/\/www.lembach.fr\/ecole\/wp-json\/wp\/v2\/comments?post=4643"}],"version-history":[{"count":0,"href":"https:\/\/www.lembach.fr\/ecole\/wp-json\/wp\/v2\/pages\/4643\/revisions"}],"up":[{"embeddable":true,"href":"https:\/\/www.lembach.fr\/ecole\/wp-json\/wp\/v2\/pages\/198"}],"wp:attachment":[{"href":"https:\/\/www.lembach.fr\/ecole\/wp-json\/wp\/v2\/media?parent=4643"}],"curies":[{"name":"wp","href":"https:\/\/api.w.org\/{rel}","templated":true}]}}