{"id":4558,"date":"2021-07-28T11:12:21","date_gmt":"2021-07-28T09:12:21","guid":{"rendered":"https:\/\/www.lembach.fr\/ecole\/?page_id=4558"},"modified":"2021-10-07T15:48:02","modified_gmt":"2021-10-07T13:48:02","slug":"les-billes","status":"publish","type":"page","link":"https:\/\/www.lembach.fr\/ecole\/les-billes\/","title":{"rendered":"Le jeu de billes"},"content":{"rendered":"<p>De nombreux visiteurs du site m&rsquo;ont contact\u00e9 afin d&rsquo;obtenir des renseignements sur le jeu de billes pratiqu\u00e9 r\u00e9guli\u00e8rement dans la cour de l&rsquo;\u00e9cole. Ceci m&rsquo;a incit\u00e9 \u00e0 mettre \u00e0 jour un travail documentaire r\u00e9alis\u00e9 avec mes \u00e9l\u00e8ves, il y a quelques ann\u00e9es.<\/p>\n<p>Vous trouverez donc ci-dessous le document dans lequel j&rsquo;ai regroup\u00e9 et actualis\u00e9 de nombreuses informations sur ce jeu passionnant.<\/p>\n<p style=\"text-align: center;\"><a href=\"https:\/\/www.lembach.fr\/ecole\/wp-content\/uploads\/2021\/10\/Les-billes.pdf\" target=\"_blank\" rel=\"noopener\">Document : les billes<\/a><\/p>\n<p><a href=\"https:\/\/www.lembach.fr\/ecole\/wp-content\/uploads\/2021\/08\/Les-billes.pdf\" target=\"_blank\" rel=\"noopener\"><img loading=\"lazy\" decoding=\"async\" class=\"size-full wp-image-310 aligncenter\" src=\"http:\/\/www.lembach.fr\/ecole\/wp-content\/uploads\/2013\/02\/billes.jpg\" alt=\"billes\" width=\"425\" height=\"286\" srcset=\"https:\/\/www.lembach.fr\/ecole\/wp-content\/uploads\/2013\/02\/billes.jpg 425w, https:\/\/www.lembach.fr\/ecole\/wp-content\/uploads\/2013\/02\/billes-300x201.jpg 300w\" sizes=\"auto, (max-width: 425px) 100vw, 425px\" \/><\/a><\/p>\n<p style=\"text-align: left;\">Je vous souhaite une agr\u00e9able lecture.<\/p>\n<p style=\"text-align: right;\">JC Rochelle<\/p>\n","protected":false},"excerpt":{"rendered":"<p>De nombreux visiteurs du site m&rsquo;ont contact\u00e9 afin d&rsquo;obtenir des renseignements sur le jeu de billes pratiqu\u00e9 r\u00e9guli\u00e8rement dans la cour de l&rsquo;\u00e9cole. Ceci m&rsquo;a incit\u00e9 \u00e0 mettre \u00e0 jour un travail documentaire r\u00e9alis\u00e9 avec mes \u00e9l\u00e8ves, il y a &hellip; <a href=\"https:\/\/www.lembach.fr\/ecole\/les-billes\/\">Continuer la lecture <span class=\"meta-nav\">&rarr;<\/span><\/a><\/p>\n","protected":false},"author":1,"featured_media":0,"parent":0,"menu_order":10,"comment_status":"closed","ping_status":"closed","template":"","meta":{"footnotes":""},"class_list":["post-4558","page","type-page","status-publish","hentry"],"_links":{"self":[{"href":"https:\/\/www.lembach.fr\/ecole\/wp-json\/wp\/v2\/pages\/4558","targetHints":{"allow":["GET"]}}],"collection":[{"href":"https:\/\/www.lembach.fr\/ecole\/wp-json\/wp\/v2\/pages"}],"about":[{"href":"https:\/\/www.lembach.fr\/ecole\/wp-json\/wp\/v2\/types\/page"}],"author":[{"embeddable":true,"href":"https:\/\/www.lembach.fr\/ecole\/wp-json\/wp\/v2\/users\/1"}],"replies":[{"embeddable":true,"href":"https:\/\/www.lembach.fr\/ecole\/wp-json\/wp\/v2\/comments?post=4558"}],"version-history":[{"count":0,"href":"https:\/\/www.lembach.fr\/ecole\/wp-json\/wp\/v2\/pages\/4558\/revisions"}],"wp:attachment":[{"href":"https:\/\/www.lembach.fr\/ecole\/wp-json\/wp\/v2\/media?parent=4558"}],"curies":[{"name":"wp","href":"https:\/\/api.w.org\/{rel}","templated":true}]}}