{"id":37,"date":"2025-07-02T08:57:39","date_gmt":"2025-07-02T06:57:39","guid":{"rendered":"http:\/\/www.lembach.fr\/ecole\/?page_id=37"},"modified":"2025-09-26T08:33:01","modified_gmt":"2025-09-26T06:33:01","slug":"les-classes","status":"publish","type":"page","link":"https:\/\/www.lembach.fr\/ecole\/infos-pratiques\/les-classes\/","title":{"rendered":"Les classes"},"content":{"rendered":"<p>Voici la r\u00e9partition des classes pour l&rsquo;ann\u00e9e scolaire 2024\/2025 \u00e0 l&rsquo;\u00e9cole de Lembach :<\/p>\n<ul style=\"list-style-type: square;\">\n<li>Directrice et coordonnatrice de Territoire Educatif Rural sur le secteur de la ComCom de Sauer Pechelbronn<br \/>\nMme Kindelberger Anouk<\/li>\n<li>Petite, moyenne et grande section 1 :<br \/>\nMme Bischung Dominique &amp; ATSEM Mme Boulois Mich\u00e8le<\/li>\n<li>Petite, moyenne et grande section 2 :<br \/>\nMme Richert Estelle &amp; ATSEM Mme Angun Zehra<\/li>\n<\/ul>\n<ul style=\"list-style-type: square;\">\n<li>CP\/CE1 :<br \/>\nMme Kugler Annelise<\/li>\n<li>CE1\/CE2 :<br \/>\nMme Specht Dominique<\/li>\n<li>CE2\/CM1 :<br \/>\nMme Ferrandini Audrey<\/li>\n<li>CM1\/CM2 :<br \/>\nMme Mauler Armelle<\/li>\n<\/ul>\n<ul>\n<li>Titulaire mobile (ZIL) rattach\u00e9 \u00e0 l&rsquo;\u00e9cole : M. Stiefel Mathieu<\/li>\n<\/ul>\n<p><img loading=\"lazy\" decoding=\"async\" class=\"size-full wp-image-515 aligncenter\" src=\"http:\/\/www.lembach.fr\/ecole\/wp-content\/uploads\/2013\/02\/enfants.gif\" alt=\"enfants\" width=\"300\" height=\"178\" \/><\/p>\n","protected":false},"excerpt":{"rendered":"<p>Voici la r\u00e9partition des classes pour l&rsquo;ann\u00e9e scolaire 2024\/2025 \u00e0 l&rsquo;\u00e9cole de Lembach : Directrice et coordonnatrice de Territoire Educatif Rural sur le secteur de la ComCom de Sauer Pechelbronn Mme Kindelberger Anouk Petite, moyenne et grande section 1 : &hellip; <a href=\"https:\/\/www.lembach.fr\/ecole\/infos-pratiques\/les-classes\/\">Continuer la lecture <span class=\"meta-nav\">&rarr;<\/span><\/a><\/p>\n","protected":false},"author":1,"featured_media":0,"parent":198,"menu_order":5,"comment_status":"closed","ping_status":"closed","template":"","meta":{"footnotes":""},"class_list":["post-37","page","type-page","status-publish","hentry"],"_links":{"self":[{"href":"https:\/\/www.lembach.fr\/ecole\/wp-json\/wp\/v2\/pages\/37","targetHints":{"allow":["GET"]}}],"collection":[{"href":"https:\/\/www.lembach.fr\/ecole\/wp-json\/wp\/v2\/pages"}],"about":[{"href":"https:\/\/www.lembach.fr\/ecole\/wp-json\/wp\/v2\/types\/page"}],"author":[{"embeddable":true,"href":"https:\/\/www.lembach.fr\/ecole\/wp-json\/wp\/v2\/users\/1"}],"replies":[{"embeddable":true,"href":"https:\/\/www.lembach.fr\/ecole\/wp-json\/wp\/v2\/comments?post=37"}],"version-history":[{"count":8,"href":"https:\/\/www.lembach.fr\/ecole\/wp-json\/wp\/v2\/pages\/37\/revisions"}],"predecessor-version":[{"id":4965,"href":"https:\/\/www.lembach.fr\/ecole\/wp-json\/wp\/v2\/pages\/37\/revisions\/4965"}],"up":[{"embeddable":true,"href":"https:\/\/www.lembach.fr\/ecole\/wp-json\/wp\/v2\/pages\/198"}],"wp:attachment":[{"href":"https:\/\/www.lembach.fr\/ecole\/wp-json\/wp\/v2\/media?parent=37"}],"curies":[{"name":"wp","href":"https:\/\/api.w.org\/{rel}","templated":true}]}}