{"id":336,"date":"2020-06-23T16:27:11","date_gmt":"2020-06-23T14:27:11","guid":{"rendered":"http:\/\/www.lembach.fr\/ecole\/?page_id=336"},"modified":"2020-06-28T18:09:09","modified_gmt":"2020-06-28T16:09:09","slug":"livre-dor-2","status":"publish","type":"page","link":"https:\/\/www.lembach.fr\/ecole\/livre-dor-2\/","title":{"rendered":"Livre d&rsquo;or"},"content":{"rendered":"<p>Il y a fort longtemps, les visiteurs\u00a0 qui le d\u00e9siraient, pouvaient laisser un message sur le livre d&rsquo;or de l&rsquo;ancien site de l&rsquo;\u00e9cole.<\/p>\n<p><img loading=\"lazy\" decoding=\"async\" class=\"size-full wp-image-573 aligncenter\" src=\"http:\/\/www.lembach.fr\/ecole\/wp-content\/uploads\/2013\/02\/plume.jpg\" alt=\"plume\" width=\"300\" height=\"240\" \/><\/p>\n<div class=\"entry-content\">\n<p>Cet ancien livre d\u2019or a \u00e9t\u00e9 d\u00e9sactiv\u00e9 mais pour garder un souvenir, voici une<a href=\"https:\/\/www.lembach.fr\/ecole\/wp-content\/uploads\/2020\/06\/livredor.pdf\" target=\"_blank\" rel=\"noopener noreferrer\"> sauvegarde des messages laiss\u00e9s l\u00e0-bas<\/a> et coll\u00e9s ici sans modification orthographique ou autre, class\u00e9s par ordre chronologique inverse (le plus r\u00e9cent en haut).<\/p>\n<\/div>\n","protected":false},"excerpt":{"rendered":"<p>Il y a fort longtemps, les visiteurs\u00a0 qui le d\u00e9siraient, pouvaient laisser un message sur le livre d&rsquo;or de l&rsquo;ancien site de l&rsquo;\u00e9cole. Cet ancien livre d\u2019or a \u00e9t\u00e9 d\u00e9sactiv\u00e9 mais pour garder un souvenir, voici une sauvegarde des messages &hellip; <a href=\"https:\/\/www.lembach.fr\/ecole\/livre-dor-2\/\">Continuer la lecture <span class=\"meta-nav\">&rarr;<\/span><\/a><\/p>\n","protected":false},"author":1,"featured_media":0,"parent":0,"menu_order":9,"comment_status":"closed","ping_status":"closed","template":"","meta":{"footnotes":""},"class_list":["post-336","page","type-page","status-publish","hentry"],"_links":{"self":[{"href":"https:\/\/www.lembach.fr\/ecole\/wp-json\/wp\/v2\/pages\/336","targetHints":{"allow":["GET"]}}],"collection":[{"href":"https:\/\/www.lembach.fr\/ecole\/wp-json\/wp\/v2\/pages"}],"about":[{"href":"https:\/\/www.lembach.fr\/ecole\/wp-json\/wp\/v2\/types\/page"}],"author":[{"embeddable":true,"href":"https:\/\/www.lembach.fr\/ecole\/wp-json\/wp\/v2\/users\/1"}],"replies":[{"embeddable":true,"href":"https:\/\/www.lembach.fr\/ecole\/wp-json\/wp\/v2\/comments?post=336"}],"version-history":[{"count":0,"href":"https:\/\/www.lembach.fr\/ecole\/wp-json\/wp\/v2\/pages\/336\/revisions"}],"wp:attachment":[{"href":"https:\/\/www.lembach.fr\/ecole\/wp-json\/wp\/v2\/media?parent=336"}],"curies":[{"name":"wp","href":"https:\/\/api.w.org\/{rel}","templated":true}]}}