{"id":254,"date":"2024-07-01T11:55:41","date_gmt":"2024-07-01T09:55:41","guid":{"rendered":"http:\/\/www.lembach.fr\/ecole\/?page_id=254"},"modified":"2024-07-05T15:31:49","modified_gmt":"2024-07-05T13:31:49","slug":"listes-de-materiel","status":"publish","type":"page","link":"https:\/\/www.lembach.fr\/ecole\/infos-pratiques\/listes-de-materiel\/","title":{"rendered":"Listes de mat\u00e9riel"},"content":{"rendered":"<p style=\"text-align: center;\"><img loading=\"lazy\" decoding=\"async\" class=\"size-full wp-image-255 aligncenter\" src=\"http:\/\/www.lembach.fr\/ecole\/wp-content\/uploads\/2013\/02\/materiel1.gif\" alt=\"materiel1\" width=\"283\" height=\"165\" \/><\/p>\n<p>Voici ci-dessous les listes de mat\u00e9riel demand\u00e9 dans chaque classe<br \/>\n(* mise \u00e0 jour pour 2024\/2025)<\/p>\n<p>&#8211; Classes maternelles de Mmes BISCHUNG et RICHERT : <a href=\"https:\/\/www.lembach.fr\/ecole\/wp-content\/uploads\/2021\/07\/liste_fournitures_PS.pdf\" target=\"_blank\" rel=\"noopener\">liste mat\u00e9riel_PS<\/a>\u00a0 et <a href=\"https:\/\/www.lembach.fr\/ecole\/wp-content\/uploads\/2021\/07\/liste_fournitures_MS_GS.pdf\" target=\"_blank\" rel=\"noopener\">liste_materiel_MS-GS<\/a><\/p>\n<p>&#8211; * Classe de CP de Mme KUGLER\u00a0 : <a href=\"https:\/\/www.lembach.fr\/ecole\/wp-content\/uploads\/2024\/07\/liste_fournitures_CP_2024_2025.pdf\" target=\"_blank\" rel=\"noopener\">liste mat\u00e9riel CP<\/a> et <a href=\"https:\/\/www.lembach.fr\/ecole\/wp-content\/uploads\/2024\/07\/Prix_materiel_coop_et_consignes_2024_2025_CP.pdf\" target=\"_blank\" rel=\"noopener\">prix mat\u00e9riel et consignes de rentr\u00e9e<\/a><\/p>\n<p>&#8211; Classe de CE1\/CE2 de Mme SPECHT : <a href=\"https:\/\/www.lembach.fr\/ecole\/wp-content\/uploads\/2022\/08\/liste_fournitures_CE1_CE2.pdf\" target=\"_blank\" rel=\"noopener\">liste mat\u00e9riel CE1\/CE2<\/a><\/p>\n<p>&#8211; Classe de CE2\/CM1\u00a0 de Mme FERRANDINI : <a href=\"https:\/\/www.lembach.fr\/ecole\/wp-content\/uploads\/2023\/07\/liste_fournitures_ce2_cm1_2324.pdf\" target=\"_blank\" rel=\"noopener\">liste mat\u00e9riel CE2\/CM1<\/a><\/p>\n<p>&#8211; * Classe de CM1\/CM2 de Mme KINDELBERGER : <a href=\"https:\/\/www.lembach.fr\/ecole\/wp-content\/uploads\/2024\/07\/liste_fournitures_et_consignes_CM1-CM2_2024-2025.pdf\" target=\"_blank\" rel=\"noopener\">liste mat\u00e9riel et consignes CM1-CM2<\/a><\/p>\n<p><img loading=\"lazy\" decoding=\"async\" class=\"size-full wp-image-256 aligncenter\" src=\"http:\/\/www.lembach.fr\/ecole\/wp-content\/uploads\/2013\/02\/materiel2.gif\" alt=\"materiel2\" width=\"272\" height=\"216\" \/><\/p>\n<p>&nbsp;<\/p>\n","protected":false},"excerpt":{"rendered":"<p>Voici ci-dessous les listes de mat\u00e9riel demand\u00e9 dans chaque classe (* mise \u00e0 jour pour 2024\/2025) &#8211; Classes maternelles de Mmes BISCHUNG et RICHERT : liste mat\u00e9riel_PS\u00a0 et liste_materiel_MS-GS &#8211; * Classe de CP de Mme KUGLER\u00a0 : liste mat\u00e9riel &hellip; <a href=\"https:\/\/www.lembach.fr\/ecole\/infos-pratiques\/listes-de-materiel\/\">Continuer la lecture <span class=\"meta-nav\">&rarr;<\/span><\/a><\/p>\n","protected":false},"author":1,"featured_media":0,"parent":198,"menu_order":6,"comment_status":"closed","ping_status":"closed","template":"","meta":{"footnotes":""},"class_list":["post-254","page","type-page","status-publish","hentry"],"_links":{"self":[{"href":"https:\/\/www.lembach.fr\/ecole\/wp-json\/wp\/v2\/pages\/254","targetHints":{"allow":["GET"]}}],"collection":[{"href":"https:\/\/www.lembach.fr\/ecole\/wp-json\/wp\/v2\/pages"}],"about":[{"href":"https:\/\/www.lembach.fr\/ecole\/wp-json\/wp\/v2\/types\/page"}],"author":[{"embeddable":true,"href":"https:\/\/www.lembach.fr\/ecole\/wp-json\/wp\/v2\/users\/1"}],"replies":[{"embeddable":true,"href":"https:\/\/www.lembach.fr\/ecole\/wp-json\/wp\/v2\/comments?post=254"}],"version-history":[{"count":12,"href":"https:\/\/www.lembach.fr\/ecole\/wp-json\/wp\/v2\/pages\/254\/revisions"}],"predecessor-version":[{"id":4914,"href":"https:\/\/www.lembach.fr\/ecole\/wp-json\/wp\/v2\/pages\/254\/revisions\/4914"}],"up":[{"embeddable":true,"href":"https:\/\/www.lembach.fr\/ecole\/wp-json\/wp\/v2\/pages\/198"}],"wp:attachment":[{"href":"https:\/\/www.lembach.fr\/ecole\/wp-json\/wp\/v2\/media?parent=254"}],"curies":[{"name":"wp","href":"https:\/\/api.w.org\/{rel}","templated":true}]}}