{"id":25,"date":"2013-02-18T18:12:30","date_gmt":"2013-02-18T17:12:30","guid":{"rendered":"http:\/\/www.lembach.fr\/ecole\/?page_id=25"},"modified":"2013-02-24T09:31:41","modified_gmt":"2013-02-24T08:31:41","slug":"infos-administratives","status":"publish","type":"page","link":"https:\/\/www.lembach.fr\/ecole\/infos-administratives\/","title":{"rendered":"Administratif"},"content":{"rendered":"<p>Vous trouverez dans cette rubrique tous les consignes, documents et r\u00e8glements permettant une vie en collectivit\u00e9 harmonieuse et sereine au sein de l&rsquo;\u00e9cole.<\/p>\n<p>Il y a \u00e9galement la liste des repr\u00e9sentants de parents \u00e9lus ainsi que les comptes-rendus des conseils d&rsquo;\u00e9cole.<\/p>\n<p><img loading=\"lazy\" decoding=\"async\" class=\"size-full wp-image-210 aligncenter\" alt=\"chf-cartoon-kids\" src=\"http:\/\/www.lembach.fr\/ecole\/wp-content\/uploads\/2013\/02\/chf-cartoon-kids.gif\" width=\"640\" height=\"110\" \/><\/p>\n","protected":false},"excerpt":{"rendered":"<p>Vous trouverez dans cette rubrique tous les consignes, documents et r\u00e8glements permettant une vie en collectivit\u00e9 harmonieuse et sereine au sein de l&rsquo;\u00e9cole. Il y a \u00e9galement la liste des repr\u00e9sentants de parents \u00e9lus ainsi que les comptes-rendus des conseils &hellip; <a href=\"https:\/\/www.lembach.fr\/ecole\/infos-administratives\/\">Continuer la lecture <span class=\"meta-nav\">&rarr;<\/span><\/a><\/p>\n","protected":false},"author":1,"featured_media":0,"parent":0,"menu_order":3,"comment_status":"closed","ping_status":"closed","template":"","meta":{"footnotes":""},"class_list":["post-25","page","type-page","status-publish","hentry"],"_links":{"self":[{"href":"https:\/\/www.lembach.fr\/ecole\/wp-json\/wp\/v2\/pages\/25","targetHints":{"allow":["GET"]}}],"collection":[{"href":"https:\/\/www.lembach.fr\/ecole\/wp-json\/wp\/v2\/pages"}],"about":[{"href":"https:\/\/www.lembach.fr\/ecole\/wp-json\/wp\/v2\/types\/page"}],"author":[{"embeddable":true,"href":"https:\/\/www.lembach.fr\/ecole\/wp-json\/wp\/v2\/users\/1"}],"replies":[{"embeddable":true,"href":"https:\/\/www.lembach.fr\/ecole\/wp-json\/wp\/v2\/comments?post=25"}],"version-history":[{"count":0,"href":"https:\/\/www.lembach.fr\/ecole\/wp-json\/wp\/v2\/pages\/25\/revisions"}],"wp:attachment":[{"href":"https:\/\/www.lembach.fr\/ecole\/wp-json\/wp\/v2\/media?parent=25"}],"curies":[{"name":"wp","href":"https:\/\/api.w.org\/{rel}","templated":true}]}}