{"id":2334,"date":"2016-06-25T21:06:53","date_gmt":"2016-06-25T19:06:53","guid":{"rendered":"http:\/\/www.lembach.fr\/ecole\/?page_id=2334"},"modified":"2021-03-31T09:57:08","modified_gmt":"2021-03-31T07:57:08","slug":"sports","status":"publish","type":"page","link":"https:\/\/www.lembach.fr\/ecole\/sports\/","title":{"rendered":"Sports"},"content":{"rendered":"<p>Dans cette rubrique, vous trouverez toutes les informations utiles concernant les activit\u00e9s EPS auxquelles les classes de l&rsquo;\u00e9cole participent ou celles organis\u00e9es par l&rsquo;\u00e9cole elle-m\u00eame.<\/p>\n<p><img loading=\"lazy\" decoding=\"async\" class=\"size-full wp-image-2339 aligncenter\" src=\"http:\/\/www.lembach.fr\/ecole\/wp-content\/uploads\/2016\/06\/sport.jpg\" alt=\"sport\" width=\"500\" height=\"273\" srcset=\"https:\/\/www.lembach.fr\/ecole\/wp-content\/uploads\/2016\/06\/sport.jpg 500w, https:\/\/www.lembach.fr\/ecole\/wp-content\/uploads\/2016\/06\/sport-300x164.jpg 300w\" sizes=\"auto, (max-width: 500px) 100vw, 500px\" \/><\/p>\n","protected":false},"excerpt":{"rendered":"<p>Dans cette rubrique, vous trouverez toutes les informations utiles concernant les activit\u00e9s EPS auxquelles les classes de l&rsquo;\u00e9cole participent ou celles organis\u00e9es par l&rsquo;\u00e9cole elle-m\u00eame.<\/p>\n","protected":false},"author":1,"featured_media":0,"parent":0,"menu_order":7,"comment_status":"closed","ping_status":"closed","template":"","meta":{"footnotes":""},"class_list":["post-2334","page","type-page","status-publish","hentry"],"_links":{"self":[{"href":"https:\/\/www.lembach.fr\/ecole\/wp-json\/wp\/v2\/pages\/2334","targetHints":{"allow":["GET"]}}],"collection":[{"href":"https:\/\/www.lembach.fr\/ecole\/wp-json\/wp\/v2\/pages"}],"about":[{"href":"https:\/\/www.lembach.fr\/ecole\/wp-json\/wp\/v2\/types\/page"}],"author":[{"embeddable":true,"href":"https:\/\/www.lembach.fr\/ecole\/wp-json\/wp\/v2\/users\/1"}],"replies":[{"embeddable":true,"href":"https:\/\/www.lembach.fr\/ecole\/wp-json\/wp\/v2\/comments?post=2334"}],"version-history":[{"count":0,"href":"https:\/\/www.lembach.fr\/ecole\/wp-json\/wp\/v2\/pages\/2334\/revisions"}],"wp:attachment":[{"href":"https:\/\/www.lembach.fr\/ecole\/wp-json\/wp\/v2\/media?parent=2334"}],"curies":[{"name":"wp","href":"https:\/\/api.w.org\/{rel}","templated":true}]}}