{"id":230,"date":"2018-10-12T15:00:46","date_gmt":"2018-10-12T13:00:46","guid":{"rendered":"http:\/\/www.lembach.fr\/ecole\/?page_id=230"},"modified":"2023-07-08T13:55:32","modified_gmt":"2023-07-08T11:55:32","slug":"representants-des-parents","status":"publish","type":"page","link":"https:\/\/www.lembach.fr\/ecole\/infos-administratives\/representants-des-parents\/","title":{"rendered":"Repr\u00e9sentants des parents"},"content":{"rendered":"<p style=\"text-align: center;\"><span style=\"color: #ff0000;\"><strong>MISE \u00c0 JOUR N\u00c9CESSAIRE<\/strong><\/span><\/p>\n<p style=\"text-align: left;\"><del>Les \u00e9lections ont eu lieu le <strong>vendredi 11 octobre 2019<\/strong> ; ci-dessous les noms des repr\u00e9sentants des parents \u00e9lus pour l&rsquo;ann\u00e9e scolaire <strong>2019\/2020<\/strong>.<\/del><\/p>\n<p style=\"text-align: center;\"><del>Mme BOULOIS Barbara<\/del><br \/>\n<del>M. CHARBAU Thierry<\/del><br \/>\n<del>Mme SPILL \u2013 STRASSER Sophie<\/del><br \/>\n<del>M. HELBRINGER Rapha\u00ebl<\/del><br \/>\n<del>Mme AZEVEDO Sophie<\/del><br \/>\n<del>M. MARTIN J\u00e9r\u00f4me<\/del><br \/>\n<del>Mme AXTMANN Magali<\/del><br \/>\n<del>Mme ANGUN Zehra<\/del><br \/>\n<del>Mme OSOUF Valentine<\/del><br \/>\n<del>Mme GALLART Nathalie<\/del><br \/>\n<del>Mme DURAND Christine<\/del><br \/>\n<del>Mme LAEUFFER Fr\u00e9d\u00e9rique<\/del><\/p>\n<p><img loading=\"lazy\" decoding=\"async\" class=\"size-full wp-image-231 aligncenter\" src=\"http:\/\/www.lembach.fr\/ecole\/wp-content\/uploads\/2013\/02\/bonhommesVotent.jpg\" alt=\"bonhommesVotent\" width=\"300\" height=\"300\" srcset=\"https:\/\/www.lembach.fr\/ecole\/wp-content\/uploads\/2013\/02\/bonhommesVotent.jpg 300w, https:\/\/www.lembach.fr\/ecole\/wp-content\/uploads\/2013\/02\/bonhommesVotent-150x150.jpg 150w\" sizes=\"auto, (max-width: 300px) 100vw, 300px\" \/><\/p>\n","protected":false},"excerpt":{"rendered":"<p>MISE \u00c0 JOUR N\u00c9CESSAIRE Les \u00e9lections ont eu lieu le vendredi 11 octobre 2019 ; ci-dessous les noms des repr\u00e9sentants des parents \u00e9lus pour l&rsquo;ann\u00e9e scolaire 2019\/2020. Mme BOULOIS Barbara M. CHARBAU Thierry Mme SPILL \u2013 STRASSER Sophie M. HELBRINGER &hellip; <a href=\"https:\/\/www.lembach.fr\/ecole\/infos-administratives\/representants-des-parents\/\">Continuer la lecture <span class=\"meta-nav\">&rarr;<\/span><\/a><\/p>\n","protected":false},"author":1,"featured_media":0,"parent":25,"menu_order":7,"comment_status":"closed","ping_status":"closed","template":"","meta":{"footnotes":""},"class_list":["post-230","page","type-page","status-publish","hentry"],"_links":{"self":[{"href":"https:\/\/www.lembach.fr\/ecole\/wp-json\/wp\/v2\/pages\/230","targetHints":{"allow":["GET"]}}],"collection":[{"href":"https:\/\/www.lembach.fr\/ecole\/wp-json\/wp\/v2\/pages"}],"about":[{"href":"https:\/\/www.lembach.fr\/ecole\/wp-json\/wp\/v2\/types\/page"}],"author":[{"embeddable":true,"href":"https:\/\/www.lembach.fr\/ecole\/wp-json\/wp\/v2\/users\/1"}],"replies":[{"embeddable":true,"href":"https:\/\/www.lembach.fr\/ecole\/wp-json\/wp\/v2\/comments?post=230"}],"version-history":[{"count":2,"href":"https:\/\/www.lembach.fr\/ecole\/wp-json\/wp\/v2\/pages\/230\/revisions"}],"predecessor-version":[{"id":4800,"href":"https:\/\/www.lembach.fr\/ecole\/wp-json\/wp\/v2\/pages\/230\/revisions\/4800"}],"up":[{"embeddable":true,"href":"https:\/\/www.lembach.fr\/ecole\/wp-json\/wp\/v2\/pages\/25"}],"wp:attachment":[{"href":"https:\/\/www.lembach.fr\/ecole\/wp-json\/wp\/v2\/media?parent=230"}],"curies":[{"name":"wp","href":"https:\/\/api.w.org\/{rel}","templated":true}]}}