{"id":20,"date":"2013-02-18T18:11:43","date_gmt":"2013-02-18T17:11:43","guid":{"rendered":"http:\/\/www.lembach.fr\/ecole\/?page_id=20"},"modified":"2013-07-07T22:02:36","modified_gmt":"2013-07-07T20:02:36","slug":"notre-village","status":"publish","type":"page","link":"https:\/\/www.lembach.fr\/ecole\/notre-village\/","title":{"rendered":"Situation"},"content":{"rendered":"<p>Nous sommes en Alsace et plus pr\u00e9cis\u00e9ment dans le d\u00e9partement du Bas-Rhin (67).<br \/>\n<img loading=\"lazy\" decoding=\"async\" class=\"size-full wp-image-75 aligncenter\" alt=\"alsaceclignotant\" src=\"http:\/\/www.lembach.fr\/ecole\/wp-content\/uploads\/2013\/02\/alsaceclignotant.gif\" width=\"320\" height=\"320\" \/><br \/>\nLe village est situ\u00e9 \u00e0 une soixantaine de kilom\u00e8tres au Nord de STRASBOURG, le si\u00e8ge du Parlement Europ\u00e9en.<\/p>\n<p><img loading=\"lazy\" decoding=\"async\" class=\"size-full wp-image-512 aligncenter\" alt=\"cartesituation\" src=\"http:\/\/www.lembach.fr\/ecole\/wp-content\/uploads\/2013\/02\/cartesituation.gif\" width=\"320\" height=\"413\" \/><\/p>\n<p>La fronti\u00e8re allemande est seulement \u00e0 5 kilom\u00e8tres.<\/p>\n","protected":false},"excerpt":{"rendered":"<p>Nous sommes en Alsace et plus pr\u00e9cis\u00e9ment dans le d\u00e9partement du Bas-Rhin (67). Le village est situ\u00e9 \u00e0 une soixantaine de kilom\u00e8tres au Nord de STRASBOURG, le si\u00e8ge du Parlement Europ\u00e9en. La fronti\u00e8re allemande est seulement \u00e0 5 kilom\u00e8tres.<\/p>\n","protected":false},"author":1,"featured_media":0,"parent":0,"menu_order":1,"comment_status":"closed","ping_status":"closed","template":"","meta":{"footnotes":""},"class_list":["post-20","page","type-page","status-publish","hentry"],"_links":{"self":[{"href":"https:\/\/www.lembach.fr\/ecole\/wp-json\/wp\/v2\/pages\/20","targetHints":{"allow":["GET"]}}],"collection":[{"href":"https:\/\/www.lembach.fr\/ecole\/wp-json\/wp\/v2\/pages"}],"about":[{"href":"https:\/\/www.lembach.fr\/ecole\/wp-json\/wp\/v2\/types\/page"}],"author":[{"embeddable":true,"href":"https:\/\/www.lembach.fr\/ecole\/wp-json\/wp\/v2\/users\/1"}],"replies":[{"embeddable":true,"href":"https:\/\/www.lembach.fr\/ecole\/wp-json\/wp\/v2\/comments?post=20"}],"version-history":[{"count":0,"href":"https:\/\/www.lembach.fr\/ecole\/wp-json\/wp\/v2\/pages\/20\/revisions"}],"wp:attachment":[{"href":"https:\/\/www.lembach.fr\/ecole\/wp-json\/wp\/v2\/media?parent=20"}],"curies":[{"name":"wp","href":"https:\/\/api.w.org\/{rel}","templated":true}]}}