{"id":188,"date":"2013-02-19T10:41:36","date_gmt":"2013-02-19T09:41:36","guid":{"rendered":"http:\/\/www.lembach.fr\/ecole\/?page_id=188"},"modified":"2023-04-03T15:39:30","modified_gmt":"2023-04-03T13:39:30","slug":"charte-internet","status":"publish","type":"page","link":"https:\/\/www.lembach.fr\/ecole\/infos-administratives\/charte-internet\/","title":{"rendered":"Charte Internet"},"content":{"rendered":"<p><strong><span style=\"text-decoration: underline;\">AVANT-PROPOS<\/span><\/strong><\/p>\n<p align=\"LEFT\"><strong><span style=\"text-decoration: underline;\"><img loading=\"lazy\" decoding=\"async\" class=\"size-full wp-image-195 alignleft\" src=\"http:\/\/www.lembach.fr\/ecole\/wp-content\/uploads\/2013\/02\/folder-contract-icon.png\" alt=\"folder-contract-icon\" width=\"128\" height=\"128\" \/><\/span><\/strong>Ce document est une synth\u00e8se de la charte de l&rsquo;\u00e9tablissement. Il propose un cadre \u00e9ducatif et n\u2019a bien \u00e9videmment aucune valeur \u00ab juridique \u00bb. Les signatures de l\u2019\u00e9l\u00e8ve et de ses parents permettent seulement de mettre l\u2019accent sur des questions sensibles relatives \u00e0 des r\u00e8gles de droit dont internet et les services multim\u00e9dias peuvent faciliter la transgression.<\/p>\n<p align=\"LEFT\">Il est accompagn\u00e9 par un autre document d\u00e9nomm\u00e9 \u00ab\u00a0<a href=\"http:\/\/www.lembach.fr\/ecole\/wp-content\/uploads\/2013\/02\/La-charte-expliquee-aux-enfants.pdf\" target=\"_blank\" rel=\"noopener noreferrer\"><span style=\"text-decoration: underline;\"><em>La charte expliqu\u00e9e aux enfants<\/em><\/span><\/a>\u00a0\u00bb qui est l&rsquo;objet d&rsquo;une r\u00e9flexion et d&rsquo;un travail p\u00e9dagogique pr\u00e9alable en classe.<\/p>\n<p align=\"LEFT\">Le texte complet de la charte de l&rsquo;\u00e9tablissement, pr\u00e9sent\u00e9 en conseil d&rsquo;\u00e9cole, est \u00e0 disposition des parents \u00e0 l\u2019\u00e9cole.<\/p>\n<p align=\"LEFT\"><strong><span style=\"text-decoration: underline;\">PR\u00c9AMBULE<br \/>\n<\/span> <\/strong><\/p>\n<p align=\"JUSTIFY\"><strong><span style=\"text-decoration: underline;\"><img loading=\"lazy\" decoding=\"async\" class=\"size-full wp-image-196 alignright\" src=\"http:\/\/www.lembach.fr\/ecole\/wp-content\/uploads\/2013\/02\/network-ring-icon.png\" alt=\"network-ring-icon\" width=\"128\" height=\"128\" \/><\/span><\/strong>L&rsquo;\u00e9cole s&rsquo;efforce d&rsquo;offrir \u00e0 ses \u00e9l\u00e8ves les meilleures conditions de travail, notamment avec l&rsquo;outil informatique : mat\u00e9riel, logiciels, r\u00e9seau interne et Internet. Son usage participe \u00e0 la formation de l&rsquo;\u00e9l\u00e8ve ainsi qu&rsquo;\u00e0 l&rsquo;action p\u00e9dagogique des enseignants et permet de mettre en \u0153uvre les comp\u00e9tences du B2i (Brevet informatique et Internet).<\/p>\n<p align=\"JUSTIFY\">Chaque \u00e9l\u00e8ve dispose d&rsquo;un droit d&rsquo;utilisation de l&rsquo;outil informatique qui suppose de la part de chacun le respect du mat\u00e9riel et de certaines r\u00e8gles de fonctionnement. Pour le confort de tous, le respect de cette charte est une obligation qui s&rsquo;impose \u00e0 chaque utilisateur.<\/p>\n<p align=\"LEFT\"><strong><span style=\"text-decoration: underline;\">IL EST TOUT D&rsquo;ABORD RAPPEL\u00c9 LA N\u00c9CESSIT\u00c9 DE RESPECTER LA LOI <\/span><\/strong><\/p>\n<p align=\"JUSTIFY\"><span style=\"text-decoration: underline;\">Propri\u00e9t\u00e9 intellectuelle<\/span> : les droits des auteurs imposent qu&rsquo;il soit interdit de copier, d&rsquo;\u00e9changer et diffuser de la musique, des vid\u00e9os, des logiciels, des jeux vid\u00e9os ou toute autre \u0153uvre non libre de droit, depuis le r\u00e9seau de l&rsquo;\u00e9tablissement.<\/p>\n<p align=\"JUSTIFY\"><span style=\"text-decoration: underline;\">Droits de la personne<\/span> : il est interdit d&rsquo;utiliser le r\u00e9seau informatique pour v\u00e9hiculer des injures ou d&rsquo;une mani\u00e8re g\u00e9n\u00e9rale porter atteinte \u00e0 l&rsquo;honneur et \u00e0 la vie priv\u00e9e d&rsquo;autrui (interdiction de diffuser de fausses informations concernant autrui et de divulguer des renseignements d&rsquo;ordre personnel).<\/p>\n<p align=\"LEFT\"><strong><span style=\"text-decoration: underline;\"><a href=\"http:\/\/www.lembach.fr\/ecole\/wp-content\/uploads\/2013\/02\/computer-ok-icon.png\"><img loading=\"lazy\" decoding=\"async\" class=\"size-full wp-image-194 aligncenter\" src=\"http:\/\/www.lembach.fr\/ecole\/wp-content\/uploads\/2013\/02\/computer-ok-icon.png\" alt=\"computer-ok-icon\" width=\"128\" height=\"128\" \/><\/a><\/span><\/strong><\/p>\n<p align=\"LEFT\"><strong><span style=\"text-decoration: underline;\">Il EST ENSUITE CONVENU CE QUI SUIT<\/span><\/strong><\/p>\n<ol>\n<li><strong>Les \u00e9l\u00e8ves ont acc\u00e8s aux services informatiques suivants :<\/strong><\/li>\n<\/ol>\n<ul>\n<li><em>Services informatiques <\/em>\n<ul>\n<li>Obtention d&rsquo;un code d&rsquo;acc\u00e8s pour l&rsquo;utilisation du mat\u00e9riel mis \u00e0 disposition de l&rsquo;\u00e9cole.<\/li>\n<li>Utilisation de tous les logiciels mis \u00e0 disposition par l&rsquo;\u00e9cole sur les postes.<\/li>\n<li>Utilisation des imprimantes et\/ou du scanner (<em>soumise \u00e0 autorisation pr\u00e9alable de l&rsquo;adulte encadrant l&rsquo;activit\u00e9<\/em>).<\/li>\n<li>Utilisation de clefs USB personnelles pour la sauvegarde et le transfert de documents (<em>soumise \u00e0 autorisation pr\u00e9alable de l&rsquo;adulte encadrant l&rsquo;activit\u00e9<\/em>).<\/li>\n<\/ul>\n<\/li>\n<li><em>Services Internet <\/em>\n<ul>\n<li>Les \u00e9l\u00e8ves ont la possibilit\u00e9 d&rsquo;acc\u00e9der \u00e0 Internet \u00e0 des fins \u00e9ducatives mais uniquement en pr\u00e9sence d&rsquo;un adulte encadrant l&rsquo;activit\u00e9.<\/li>\n<li>l&rsquo;installation de nouveaux logiciels reste sous la seule responsabilit\u00e9 de l&rsquo;administrateur du r\u00e9seau de par la sp\u00e9cificit\u00e9 du syst\u00e8me d&rsquo;exploitation utilis\u00e9 sur les postes.<\/li>\n<\/ul>\n<\/li>\n<\/ul>\n<ol start=\"2\">\n<li><strong>Les engagements de l&rsquo;\u00e9tablissement <\/strong> :<\/li>\n<\/ol>\n<ul>\n<li>L&rsquo;\u00e9cole s&rsquo;engage \u00e0 fournir aux \u00e9l\u00e8ves tous les services propos\u00e9s au paragraphe 1. Toutefois, l&rsquo;acc\u00e8s \u00e0 l&rsquo;outil informatique peut \u00eatre momentan\u00e9ment interrompu, en particulier pour des raisons techniques ou de maintenance.<\/li>\n<li>Les \u00e9l\u00e8ves ne peuvent acc\u00e9der \u00e0 Internet, qu\u2019en pr\u00e9sence d&rsquo;un membre de l&rsquo;\u00e9quipe \u00e9ducative qui exerce une surveillance constante des activit\u00e9s des \u00e9l\u00e8ves, de mani\u00e8re \u00e0 pouvoir intervenir rapidement en cas de probl\u00e8me, \u00e0 rep\u00e9rer et faire cesser tout comportement pouvant devenir dangereux ou illicite.<\/li>\n<li>Aucune publication de photographie ou de vid\u00e9o individuelle ou collective ne sera enregistr\u00e9e sur les ressources du r\u00e9seau sans autorisation \u00e9crite pr\u00e9alable de l\u2019int\u00e9ress\u00e9 ou du repr\u00e9sentant l\u00e9gal.<\/li>\n<li>L&rsquo;\u00e9cole peut proc\u00e9der \u00e0 des contr\u00f4les r\u00e9guliers ou occasionnels, m\u00eame \u00e0 post\u00e9riori, pour v\u00e9rifier que le r\u00e9seau est utilis\u00e9 dans le respect des r\u00e8gles \u00e9tablies.<\/li>\n<\/ul>\n<ol start=\"3\">\n<li><strong>Les engagements des \u00e9l\u00e8ves <\/strong> :<\/li>\n<\/ol>\n<ul>\n<li>L\u2019\u00e9l\u00e8ve s&rsquo;engage \u00e0 utiliser l&rsquo;outil informatique en respectant la Loi et les r\u00e8gles \u00e9voqu\u00e9es ci-dessus.<\/li>\n<li>L\u2019\u00e9l\u00e8ve s&rsquo;engage par ailleurs \u00e0 n&rsquo;utiliser l&rsquo;outil informatique que pour acc\u00e9der aux services propos\u00e9s \u00e0 l&rsquo;article 1 et en respectant les conditions d&rsquo;utilisation de chacun d&rsquo;entre eux.<\/li>\n<li>L\u2019\u00e9l\u00e8ve s&rsquo;engage \u00e0 respecter le mat\u00e9riel mis \u00e0 sa disposition et \u00e0 n&rsquo;effectuer aucune manipulation ayant pour effet de porter atteinte au bon fonctionnement du service.<\/li>\n<\/ul>\n<ol start=\"4\">\n<li><strong>Les sanctions<\/strong> :<\/li>\n<\/ol>\n<p align=\"LEFT\">Le non-respect des principes \u00e9tablis par la Charte pourra donner lieu \u00e0 une limitation ou \u00e0 une suppression de l\u2019acc\u00e8s aux services ainsi qu&rsquo;\u00e0 des sanctions disciplinaires pr\u00e9vues dans le r\u00e8glement int\u00e9rieur de l\u2019\u00e9cole.<\/p>\n<ol start=\"5\">\n<li><strong>Dur\u00e9e d&rsquo;application<\/strong> :<\/li>\n<\/ol>\n<p align=\"LEFT\">Cette charte est valable \u00e0 compter de la date de la signature du responsable l\u00e9gal et pendant toute la dur\u00e9e de la scolarit\u00e9 de l&rsquo;\u00e9l\u00e8ve dans l&rsquo;\u00e9tablissement.<\/p>\n","protected":false},"excerpt":{"rendered":"<p>AVANT-PROPOS Ce document est une synth\u00e8se de la charte de l&rsquo;\u00e9tablissement. Il propose un cadre \u00e9ducatif et n\u2019a bien \u00e9videmment aucune valeur \u00ab juridique \u00bb. Les signatures de l\u2019\u00e9l\u00e8ve et de ses parents permettent seulement de mettre l\u2019accent sur des &hellip; <a href=\"https:\/\/www.lembach.fr\/ecole\/infos-administratives\/charte-internet\/\">Continuer la lecture <span class=\"meta-nav\">&rarr;<\/span><\/a><\/p>\n","protected":false},"author":1,"featured_media":0,"parent":25,"menu_order":4,"comment_status":"closed","ping_status":"closed","template":"","meta":{"footnotes":""},"class_list":["post-188","page","type-page","status-publish","hentry"],"_links":{"self":[{"href":"https:\/\/www.lembach.fr\/ecole\/wp-json\/wp\/v2\/pages\/188","targetHints":{"allow":["GET"]}}],"collection":[{"href":"https:\/\/www.lembach.fr\/ecole\/wp-json\/wp\/v2\/pages"}],"about":[{"href":"https:\/\/www.lembach.fr\/ecole\/wp-json\/wp\/v2\/types\/page"}],"author":[{"embeddable":true,"href":"https:\/\/www.lembach.fr\/ecole\/wp-json\/wp\/v2\/users\/1"}],"replies":[{"embeddable":true,"href":"https:\/\/www.lembach.fr\/ecole\/wp-json\/wp\/v2\/comments?post=188"}],"version-history":[{"count":1,"href":"https:\/\/www.lembach.fr\/ecole\/wp-json\/wp\/v2\/pages\/188\/revisions"}],"predecessor-version":[{"id":4753,"href":"https:\/\/www.lembach.fr\/ecole\/wp-json\/wp\/v2\/pages\/188\/revisions\/4753"}],"up":[{"embeddable":true,"href":"https:\/\/www.lembach.fr\/ecole\/wp-json\/wp\/v2\/pages\/25"}],"wp:attachment":[{"href":"https:\/\/www.lembach.fr\/ecole\/wp-json\/wp\/v2\/media?parent=188"}],"curies":[{"name":"wp","href":"https:\/\/api.w.org\/{rel}","templated":true}]}}