{"id":183,"date":"2013-02-19T10:32:58","date_gmt":"2013-02-19T09:32:58","guid":{"rendered":"http:\/\/www.lembach.fr\/ecole\/?page_id=183"},"modified":"2023-04-03T15:39:43","modified_gmt":"2023-04-03T13:39:43","slug":"devoirs-de-leleve","status":"publish","type":"page","link":"https:\/\/www.lembach.fr\/ecole\/infos-administratives\/devoirs-de-leleve\/","title":{"rendered":"Devoirs de l&rsquo;\u00e9l\u00e8ve"},"content":{"rendered":"<table style=\"width: 100%;\" border=\"1\" cellspacing=\"0\" cellpadding=\"0\">\n<tbody>\n<tr>\n<td colspan=\"2\" valign=\"top\">\n<p style=\"text-align: center;\"><span style=\"text-decoration: underline;\"><strong>Dans les salles de classes<\/strong><\/span><\/p>\n<\/td>\n<\/tr>\n<tr>\n<td style=\"text-align: center;\" valign=\"top\" width=\"50%\">Il faut\u00a0:<\/td>\n<td style=\"text-align: center;\" valign=\"top\" width=\"50%\">Il est interdit de\u00a0:<\/td>\n<\/tr>\n<tr>\n<td valign=\"top\"><span style=\"color: #008000;\">&#8211; respecter le mat\u00e9riel et le mobilier.<\/span><\/td>\n<td valign=\"top\"><span style=\"color: #ff0000;\">&#8211; d\u00e9ranger ses camarades qui travaillent.<\/span><\/td>\n<\/tr>\n<tr>\n<td valign=\"top\"><span style=\"color: #008000;\">&#8211; respecter les autres.<\/span><\/td>\n<td valign=\"top\"><span style=\"color: #ff0000;\">&#8211; se balancer sur sa chaise.<\/span><\/td>\n<\/tr>\n<tr>\n<td valign=\"top\"><span style=\"color: #008000;\">&#8211; ranger son casier r\u00e9guli\u00e8rement.<\/span><\/td>\n<td valign=\"top\"><span style=\"color: #ff0000;\">&#8211; d\u00e9grader les affaires des autres.<\/span><\/td>\n<\/tr>\n<tr>\n<td valign=\"top\"><span style=\"color: #008000;\">&#8211; ranger les feuilles du sous-main dans les classeurs r\u00e9guli\u00e8rement.<\/span><\/td>\n<td valign=\"top\"><span style=\"color: #ff0000;\">&#8211; m\u00e2cher du chewing-gum.<\/span><\/td>\n<\/tr>\n<tr>\n<td colspan=\"2\" valign=\"top\"><\/td>\n<\/tr>\n<tr>\n<td colspan=\"2\" valign=\"top\">\n<p style=\"text-align: center;\"><span style=\"text-decoration: underline;\"><strong>Dans les couloirs<\/strong><\/span><\/p>\n<\/td>\n<\/tr>\n<tr>\n<td style=\"text-align: center;\" valign=\"top\">Il faut\u00a0:<\/td>\n<td style=\"text-align: center;\" valign=\"top\">Il est interdit de\u00a0:<\/td>\n<\/tr>\n<tr>\n<td valign=\"top\"><span style=\"color: #008000;\">&#8211; rester en rang.<\/span><\/td>\n<td valign=\"top\"><span style=\"color: #ff0000;\">&#8211; pousser ses camarades.<\/span><\/td>\n<\/tr>\n<tr>\n<td valign=\"top\"><span style=\"color: #008000;\">&#8211; circuler sans courir et sans hurler.<\/span><\/td>\n<td valign=\"top\"><span style=\"color: #ff0000;\">&#8211; jeter des papiers.<\/span><\/td>\n<\/tr>\n<tr>\n<td valign=\"top\"><span style=\"color: #008000;\">&#8211; fermer les robinets des lavabos apr\u00e8s usage.<\/span><\/td>\n<td valign=\"top\"><span style=\"color: #ff0000;\">&#8211; glisser par terre.<\/span><\/td>\n<\/tr>\n<tr>\n<td valign=\"top\"><span style=\"color: #008000;\">&#8211; descendre les escaliers en marchant.<\/span><\/td>\n<td valign=\"top\"><span style=\"color: #ff0000;\">&#8211; jouer avec les balles.<\/span><\/td>\n<\/tr>\n<tr>\n<td valign=\"top\"><span style=\"color: #008000;\">&#8211; ramasser les vestes qui tra\u00eenent.<\/span><\/td>\n<td valign=\"top\"><span style=\"color: #ff0000;\">&#8211; glisser sur la rampe de l\u2019escalier.<\/span><\/td>\n<\/tr>\n<tr>\n<td valign=\"top\"><span style=\"color: #008000;\">&#8211; se laver les mains.<\/span><\/td>\n<td valign=\"top\"><\/td>\n<\/tr>\n<tr>\n<td colspan=\"2\" valign=\"top\"><\/td>\n<\/tr>\n<tr>\n<td colspan=\"2\" valign=\"top\">\n<p style=\"text-align: center;\"><span style=\"text-decoration: underline;\"><strong>Dans la cour de l\u2019\u00e9cole<\/strong><\/span><\/p>\n<\/td>\n<\/tr>\n<tr>\n<td style=\"text-align: center;\" valign=\"top\">Il faut\u00a0:<\/td>\n<td style=\"text-align: center;\" valign=\"top\">Il est interdit de\u00a0:<\/td>\n<\/tr>\n<tr>\n<td valign=\"top\"><span style=\"color: #008000;\">&#8211; respecter les autres.<\/span><\/td>\n<td valign=\"top\"><span style=\"color: #ff0000;\">&#8211; se battre, se pousser, se bousculer, cracher.<\/span><\/td>\n<\/tr>\n<tr>\n<td valign=\"top\"><span style=\"color: #008000;\">&#8211; courir sans renverser les petits.<\/span><\/td>\n<td valign=\"top\"><span style=\"color: #ff0000;\">&#8211; jeter des pierres ou du sable.<\/span><\/td>\n<\/tr>\n<tr>\n<td valign=\"top\"><span style=\"color: #008000;\">&#8211; jeter les d\u00e9chets et les papiers dans les poubelles.<\/span><\/td>\n<td valign=\"top\"><span style=\"color: #ff0000;\">&#8211; jouer sous le pr\u00e9au.<\/span><\/td>\n<\/tr>\n<tr>\n<td valign=\"top\"><span style=\"color: #008000;\">&#8211; avertir le ma\u00eetre ou la ma\u00eetresse de service en cas de malaise, d\u2019accident ou de bagarre.<\/span><\/td>\n<td valign=\"top\"><span style=\"color: #ff0000;\">&#8211; se suspendre aux buts ou aux filets.<\/span><\/td>\n<\/tr>\n<tr>\n<td valign=\"top\"><span style=\"color: #008000;\">&#8211; jouer dans la cour s\u2019il ne pleut pas, mais pas sous le pr\u00e9au.<\/span><\/td>\n<td valign=\"top\"><span style=\"color: #ff0000;\">&#8211; \u00e9crire sur les murs ou faire des graffiti.<\/span><\/td>\n<\/tr>\n<tr>\n<td valign=\"top\"><span style=\"color: #008000;\">&#8211; se ranger d\u00e8s la sonnerie et se taire sous le pr\u00e9au.<\/span><\/td>\n<td valign=\"top\"><span style=\"color: #ff0000;\">&#8211; jouer au bac \u00e0 sable, dans les flaques ou au football par temps de pluie.<\/span><\/td>\n<\/tr>\n<tr>\n<td valign=\"top\"><span style=\"color: #008000;\">&#8211; s\u2019essuyer les pieds avant d\u2019entrer dans le couloir.<\/span><\/td>\n<td valign=\"top\"><span style=\"color: #ff0000;\">&#8211; s\u2019amuser sur l\u2019aire de jeux des petits.<\/span><\/td>\n<\/tr>\n<tr>\n<td valign=\"top\"><\/td>\n<td valign=\"top\"><span style=\"color: #ff0000;\">&#8211; sortir de l\u2019enceinte de la cour.<\/span><\/td>\n<\/tr>\n<tr>\n<td colspan=\"2\" valign=\"top\"><\/td>\n<\/tr>\n<tr>\n<td colspan=\"2\" valign=\"top\">\n<p style=\"text-align: center;\"><span style=\"text-decoration: underline;\"><strong>Dans les WC<\/strong><\/span><\/p>\n<\/td>\n<\/tr>\n<tr>\n<td style=\"text-align: center;\" valign=\"top\">Il faut\u00a0:<\/td>\n<td style=\"text-align: center;\" valign=\"top\">Il est interdit de\u00a0:<\/td>\n<\/tr>\n<tr>\n<td valign=\"top\"><span style=\"color: #008000;\">&#8211; garder les WC propres.<\/span><\/td>\n<td valign=\"top\"><span style=\"color: #ff0000;\">&#8211; grimper sur les cuvettes.<\/span><\/td>\n<\/tr>\n<tr>\n<td valign=\"top\"><span style=\"color: #008000;\">&#8211; tirer la chasse d\u2019eau apr\u00e8s avoir fini.<\/span><\/td>\n<td valign=\"top\"><span style=\"color: #ff0000;\">&#8211; hurler et chahuter.<\/span><\/td>\n<\/tr>\n<tr>\n<td valign=\"top\"><span style=\"color: #008000;\">&#8211; faire pipi dans les cuvettes et les urinoirs et non \u00e0 c\u00f4t\u00e9.<\/span><\/td>\n<td valign=\"top\"><span style=\"color: #ff0000;\">&#8211; s\u2019y r\u00e9fugier lors des jeux.<\/span><\/td>\n<\/tr>\n<tr>\n<td valign=\"top\"><span style=\"color: #008000;\">\u00a0<\/span><\/td>\n<td valign=\"top\"><span style=\"color: #ff0000;\">&#8211; y aller pour s\u2019amuser.<\/span><\/td>\n<\/tr>\n<tr>\n<td colspan=\"2\" valign=\"top\"><\/td>\n<\/tr>\n<tr>\n<td colspan=\"2\" valign=\"top\">\n<p style=\"text-align: center;\"><strong><span style=\"text-decoration: underline;\">Objets interdits \u00e0 l\u2019\u00e9cole<\/span><\/strong><\/p>\n<\/td>\n<\/tr>\n<tr>\n<td colspan=\"2\" valign=\"top\"><span style=\"color: #ff0000;\"><strong>T\u00e9l\u00e9phones portables<\/strong>, balles en cuir, couteaux, canifs, cutters, pistolets, amorces et p\u00e9tards, lance-pierres, briquets, allumettes, stylos-lasers,\u2026<\/span><\/td>\n<\/tr>\n<\/tbody>\n<\/table>\n","protected":false},"excerpt":{"rendered":"<p>Dans les salles de classes Il faut\u00a0: Il est interdit de\u00a0: &#8211; respecter le mat\u00e9riel et le mobilier. &#8211; d\u00e9ranger ses camarades qui travaillent. &#8211; respecter les autres. &#8211; se balancer sur sa chaise. &#8211; ranger son casier r\u00e9guli\u00e8rement. &#8211; &hellip; <a href=\"https:\/\/www.lembach.fr\/ecole\/infos-administratives\/devoirs-de-leleve\/\">Continuer la lecture <span class=\"meta-nav\">&rarr;<\/span><\/a><\/p>\n","protected":false},"author":1,"featured_media":0,"parent":25,"menu_order":5,"comment_status":"closed","ping_status":"closed","template":"","meta":{"footnotes":""},"class_list":["post-183","page","type-page","status-publish","hentry"],"_links":{"self":[{"href":"https:\/\/www.lembach.fr\/ecole\/wp-json\/wp\/v2\/pages\/183","targetHints":{"allow":["GET"]}}],"collection":[{"href":"https:\/\/www.lembach.fr\/ecole\/wp-json\/wp\/v2\/pages"}],"about":[{"href":"https:\/\/www.lembach.fr\/ecole\/wp-json\/wp\/v2\/types\/page"}],"author":[{"embeddable":true,"href":"https:\/\/www.lembach.fr\/ecole\/wp-json\/wp\/v2\/users\/1"}],"replies":[{"embeddable":true,"href":"https:\/\/www.lembach.fr\/ecole\/wp-json\/wp\/v2\/comments?post=183"}],"version-history":[{"count":1,"href":"https:\/\/www.lembach.fr\/ecole\/wp-json\/wp\/v2\/pages\/183\/revisions"}],"predecessor-version":[{"id":4754,"href":"https:\/\/www.lembach.fr\/ecole\/wp-json\/wp\/v2\/pages\/183\/revisions\/4754"}],"up":[{"embeddable":true,"href":"https:\/\/www.lembach.fr\/ecole\/wp-json\/wp\/v2\/pages\/25"}],"wp:attachment":[{"href":"https:\/\/www.lembach.fr\/ecole\/wp-json\/wp\/v2\/media?parent=183"}],"curies":[{"name":"wp","href":"https:\/\/api.w.org\/{rel}","templated":true}]}}