{"id":129,"date":"2018-07-06T09:18:02","date_gmt":"2018-07-06T07:18:02","guid":{"rendered":"http:\/\/www.lembach.fr\/ecole\/?page_id=129"},"modified":"2020-06-24T08:13:09","modified_gmt":"2020-06-24T06:13:09","slug":"horaires","status":"publish","type":"page","link":"https:\/\/www.lembach.fr\/ecole\/infos-pratiques\/horaires\/","title":{"rendered":"Horaires"},"content":{"rendered":"<p>L&rsquo;\u00e9cole est ouverte 4 jours par semaine en dehors des vacances scolaires avec les horaires suivants :<\/p>\n<table style=\"border: 1px width:100%;\">\n<tbody>\n<tr>\n<td><\/td>\n<td style=\"text-align: center;\">lundi &#8211; mardi &#8211; jeudi &#8211; vendredi<\/td>\n<\/tr>\n<tr>\n<td style=\"text-align: center;\">matin<\/td>\n<td>\n<p style=\"text-align: center;\">8 h 00 &#8211; 11 h 30<\/p>\n<\/td>\n<\/tr>\n<tr>\n<td style=\"text-align: center;\">apr\u00e8s-midi<\/td>\n<td>\n<p style=\"text-align: center;\">13 h 30 &#8211; 16 h 00<\/p>\n<\/td>\n<\/tr>\n<\/tbody>\n<\/table>\n<p style=\"text-align: left;\">Horaires des activit\u00e9s p\u00e9dagogiques compl\u00e9mentaires :<\/p>\n<table>\n<tbody>\n<tr>\n<td style=\"text-align: center;\">lundi ou mardi<br \/>\nsuivant les plannings organis\u00e9s<br \/>\nen d\u00e9but d&rsquo;ann\u00e9e par l&rsquo;\u00e9quipe enseignante<\/td>\n<\/tr>\n<tr>\n<td style=\"text-align: center;\">16 h 10 &#8211; 17 h 00<\/td>\n<\/tr>\n<\/tbody>\n<\/table>\n","protected":false},"excerpt":{"rendered":"<p>L&rsquo;\u00e9cole est ouverte 4 jours par semaine en dehors des vacances scolaires avec les horaires suivants : lundi &#8211; mardi &#8211; jeudi &#8211; vendredi matin 8 h 00 &#8211; 11 h 30 apr\u00e8s-midi 13 h 30 &#8211; 16 h 00 &hellip; <a href=\"https:\/\/www.lembach.fr\/ecole\/infos-pratiques\/horaires\/\">Continuer la lecture <span class=\"meta-nav\">&rarr;<\/span><\/a><\/p>\n","protected":false},"author":1,"featured_media":0,"parent":198,"menu_order":0,"comment_status":"closed","ping_status":"closed","template":"","meta":{"footnotes":""},"class_list":["post-129","page","type-page","status-publish","hentry"],"_links":{"self":[{"href":"https:\/\/www.lembach.fr\/ecole\/wp-json\/wp\/v2\/pages\/129","targetHints":{"allow":["GET"]}}],"collection":[{"href":"https:\/\/www.lembach.fr\/ecole\/wp-json\/wp\/v2\/pages"}],"about":[{"href":"https:\/\/www.lembach.fr\/ecole\/wp-json\/wp\/v2\/types\/page"}],"author":[{"embeddable":true,"href":"https:\/\/www.lembach.fr\/ecole\/wp-json\/wp\/v2\/users\/1"}],"replies":[{"embeddable":true,"href":"https:\/\/www.lembach.fr\/ecole\/wp-json\/wp\/v2\/comments?post=129"}],"version-history":[{"count":0,"href":"https:\/\/www.lembach.fr\/ecole\/wp-json\/wp\/v2\/pages\/129\/revisions"}],"up":[{"embeddable":true,"href":"https:\/\/www.lembach.fr\/ecole\/wp-json\/wp\/v2\/pages\/198"}],"wp:attachment":[{"href":"https:\/\/www.lembach.fr\/ecole\/wp-json\/wp\/v2\/media?parent=129"}],"curies":[{"name":"wp","href":"https:\/\/api.w.org\/{rel}","templated":true}]}}