{"id":118,"date":"2013-02-18T21:57:46","date_gmt":"2013-02-18T20:57:46","guid":{"rendered":"http:\/\/www.lembach.fr\/ecole\/?page_id=118"},"modified":"2013-02-24T09:30:23","modified_gmt":"2013-02-24T08:30:23","slug":"histoire","status":"publish","type":"page","link":"https:\/\/www.lembach.fr\/ecole\/notre-village\/histoire\/","title":{"rendered":"Histoire du village"},"content":{"rendered":"<p style=\"text-align: justify;\">Au travers de ses \u00e9l\u00e9ments fondamentaux (pierre, eau, bois) la nature n&rsquo;a cess\u00e9 au fil des si\u00e8cles de marquer de son empreinte le village de Lembach.<\/p>\n<p style=\"text-align: justify;\">L&rsquo;occupation du site n&rsquo;est pas r\u00e9cente comme en t\u00e9moigne un certain nombre de vestiges trouv\u00e9s sur place. Cela va du m\u00e9solithique (vers 4000 avant J.C.) avec des outils et des armatures, au gallo-romain. La d\u00e9couverte de monnaies et de statues, les traces d&rsquo;un ancien temple, de tumuli, l&rsquo;oppidum pr\u00e8s du Schuhfels, de m\u00eame que le refugium du Riegelsberg sont autant de preuves d&rsquo;une implantation gallo-romaine au lieu-dit Griesberg, selon toute vraisemblance le premier site habit\u00e9 de Lembach. Dans le cartulaire (recueil de chartes) de l&rsquo;abbaye de Wissembourg (VIIIe si\u00e8cle) la localit\u00e9 de \u00ab\u00a0Lonenbach\u00a0\u00bb est cit\u00e9e pr\u00e8s d&rsquo;une trentaine de fois. Ces documents attestent l&rsquo;existence, d\u00e8s cette \u00e9poque, d&rsquo;un nombre important de propri\u00e9taires terriens libres \u00e0 et autour de Lembach.<\/p>\n<p style=\"text-align: justify;\">La position administrative de Lembach n&rsquo;est cependant pas tr\u00e8s simple car la r\u00e9gion se situe aux confins de deux duch\u00e9s, le Spirois et l&rsquo;Alsace. La plus ancienne charte concernant Lembach donne cette localit\u00e9 aux Spirois, les suivantes la situent en Alsace. Tout laisse \u00e0 penser que la fronti\u00e8re entre les deux territoires passait par Lembach et qu&rsquo;elle \u00e9tait tout simplement mat\u00e9rialis\u00e9e par la Sauer.<\/p>\n<p style=\"text-align: justify;\">D&rsquo;ailleurs cette hypoth\u00e8se se confirme \u00e0 la lecture d&rsquo;une autre s\u00e9rie de documents essentiels pour la compr\u00e9hension de l&rsquo;histoire locale ; \u00e0 savoir les lettres d&rsquo;inf\u00e9odation des XIVe et XVe si\u00e8cles : la Sauer constitue r\u00e9guli\u00e8rement la limite entre un fief (domaine conc\u00e9d\u00e9 par un Seigneur \u00e0 un vassal) et un alleu (terre ou propri\u00e9t\u00e9 libre de toute obligation). A travers les si\u00e8cles le fief est constitu\u00e9 par la rive droite de la Sauer (le Flecken) alors que l&rsquo;alleu est la rive gauche (le Dorf ou village).<\/p>\n<p style=\"text-align: justify;\">Vers le d\u00e9but du XIIIe si\u00e8cle c&rsquo;est la famille des Ettendorf qui \u00ab\u00a0g\u00e8re\u00a0\u00bb Lembach. Les Fleckenstein s&rsquo;int\u00e9ressent cependant de pr\u00e8s au site. En 1327 ils deviennent les vassaux des Ettendorf et sont donc investis de la rive droite de la Sauer, avec l&rsquo;\u00e9glise et le moulin. A l&rsquo;extinction des Ettendorf, le Flecken passe aux mains de l&rsquo;\u00e9v\u00eaque de Strasbourg, l&rsquo;alleu revenant aux Fleckenstein. Ceux-ci ont d\u00e9sormais la main-mise sur Lembach, une situation qui ne changera qu&rsquo;avec l&rsquo;av\u00e8nement de la R\u00e9volution. La vie \u00e9conomique et religieuse du village sera donc dict\u00e9e par cette grande seigneurie du Nord de l&rsquo;Alsace.<\/p>\n<p style=\"text-align: justify;\">Moulins \u00e0 farine, \u00e0 huile, \u00e0 papier, verreries, tr\u00e9filerie fonctionneront pour et gr\u00e2ce aux Seigneurs, lesquels ne manqueront pas de rappeler \u00e0 leurs administr\u00e9s qu&rsquo;ils sont redevables de certains droits. Lorsqu&rsquo;en 1543 Jakob von Fleckenstein embo\u00eete le pas de Luther, le village n&rsquo;a d&rsquo;autre solution que de suivre. Ce n&rsquo;est cependant qu&rsquo;en 1603 qu&rsquo;il est \u00e9lev\u00e9 au rang de paroisse. L&rsquo;\u00e9glise du Flecken n&rsquo;est \u00e0 ce moment-l\u00e0 qu&rsquo;une grande chapelle. L&rsquo;effroyable guerre de Trente Ans, puis la guerre de Hollande freineront consid\u00e9rablement l&rsquo;\u00e9lan du village. Vers 1675 le vieux quartier du Flecken est la proie des flammes. Sensiblement \u00e0 la m\u00eame \u00e9poque le Fleckenstein est d\u00e9truit. Moulin \u00e0 papier, verreries ferment leurs portes.<\/p>\n<p style=\"text-align: justify;\">Du sang neuf viendra cependant \u00e0 Lembach au d\u00e9but du si\u00e8cle suivant, avec l&rsquo;arriv\u00e9e de sept familles catholiques, condition sine qua non pour rouvrir l&rsquo;\u00e9glise du Flecken au culte catholique. 1716 : c&rsquo;est le d\u00e9but du simultaneum qui durera jusqu&rsquo;en 1907.<\/p>\n<p style=\"text-align: justify;\">Les temps se calment, Lembach panse ses plaies, se d\u00e9veloppe \u00e9conomiquement et humainement, s&rsquo;\u00e9tend, surtout du c\u00f4t\u00e9 du Heimbach. Il est vrai que les communications s&rsquo;intensifient essentiellement vers l&rsquo;axe Est &#8211; Ouest, Wissembourg-Bitche qui devient une voie royale. 1754 : l&rsquo;Auberge du Cheval Blanc devient un relais postal. 1755 : la nef de l&rsquo;\u00e9glise protestante est construite. De nombreuses maisons seront \u00e9difi\u00e9es entre 1710 et 1790.<\/p>\n<p style=\"text-align: justify;\">Conscients de cet essor les Vitztum, successeurs des Fleckenstein pour le village en profitent pour proc\u00e9der au renouvellement du ban, des taxes et imp\u00f4ts auxquels sont assujettis les habitants du \u00ab\u00a0Dorf\u00a0\u00bb. Mais les citoyens de Lembach contesteront \u00e0 l&rsquo;unanimit\u00e9 ces droits.<\/p>\n<p style=\"text-align: justify;\">Au lendemain et pendant la R\u00e9volution de grandes demeures sortiront de terre : la maison Dielmann, l&rsquo;Auberge de l&rsquo;Agneau, les nouveaux b\u00e2timents de l&rsquo;Auberge du Cheval Blanc. Une \u00e8re nouvelle s&rsquo;annonce.<\/p>\n<p style=\"text-align: justify;\">En 1836 la population atteint le chiffre record de 2125 habitants (hameaux et fermes isol\u00e9s, qui sont nombreux \u00e0 cette \u00e9poque, compris). Lembach a sa perception, son march\u00e9, ses commerces, ses artisans. Lembach construit une nouvelle \u00e9cole, puis une nouvelle mairie. L&rsquo;exploitation des mines dans les environs du village n&rsquo;est pas \u00e9trang\u00e8re \u00e0 cet essor (mines de fer, de plomb et d&rsquo;argent). Vers 1825 les seules mines de Fleckenstein, Thalenberg et Katzenthal employaient pr\u00e8s de 100 ouvriers. Ces mines fermeront leurs portes l&rsquo;une apr\u00e8s l&rsquo;autre, la derni\u00e8re en 1844.<\/p>\n<p style=\"text-align: justify;\">La deuxi\u00e8me moiti\u00e9 du si\u00e8cle sera marqu\u00e9e par la pauvret\u00e9. Dans l&rsquo;ensemble les terres ne sont en effet gu\u00e8re fertiles alors qu&rsquo;on compte quelques 1000 bovins. Les \u00e9changes avec l&rsquo;ext\u00e9rieur ne sont pas fr\u00e9quents malgr\u00e9 la construction de la route reliant Woerth \u00e0 Lembach en 1867. L&rsquo;\u00e9migration va alors battre son plein, de nombreux \u00ab\u00a0Lembacher\u00a0\u00bb quitteront le village pour la lointaine Am\u00e9rique, parmi eux les grands-parents du futur astronaute, Russel Schweickart.<\/p>\n<p style=\"text-align: justify;\">En 1899 est ouverte la ligne de chemin de fer reliant Lembach \u00e0 Walbourg et \u00e0 la ligne Wissembourg-Strasbourg. Ce petit train fut une v\u00e9ritable r\u00e9volution pour la population locale. Il ouvrait la vall\u00e9e, ses collines bois\u00e9es, ses ch\u00e2teaux \u00e0 un tourisme naissant.<\/p>\n<p style=\"text-align: justify;\">Les ann\u00e9es 30 engendreront une nouvelle prosp\u00e9rit\u00e9 avec la construction des ouvrages de la Ligne Maginot qui alt\u00e9rera sensiblement le paysage de Lembach (casemates, barri\u00e8re anti-char). Les marques de cette imposante fortification de la Ligne Maginot restent visibles sur tout le flanc sud-Est et sud-Ouest du village. Si l&rsquo;Arm\u00e9e continue \u00e0 occuper le site Est, les terrains du Petit Ouvrage sont aujourd&rsquo;hui propri\u00e9t\u00e9 priv\u00e9e alors que l&rsquo;ouvrage du Four \u00e0 Chaux a \u00e9t\u00e9 ouvert au tourisme il y a quelques ann\u00e9es.<\/p>\n<p style=\"text-align: justify;\">Mais bien plus que le b\u00e2ti c&rsquo;est la nature verdoyante, de pr\u00e9s, vergers et for\u00eats qui marque le paysage de la Cit\u00e9 des Barons de Fleckenstein.<\/p>\n<p style=\"text-align: justify;\"><em>(texte reproduit avec l&rsquo;aimable autorisation de l&rsquo;auteur, <strong>Charles Schlosser<\/strong>)<\/em><\/p>\n","protected":false},"excerpt":{"rendered":"<p>Au travers de ses \u00e9l\u00e9ments fondamentaux (pierre, eau, bois) la nature n&rsquo;a cess\u00e9 au fil des si\u00e8cles de marquer de son empreinte le village de Lembach. L&rsquo;occupation du site n&rsquo;est pas r\u00e9cente comme en t\u00e9moigne un certain nombre de vestiges &hellip; <a href=\"https:\/\/www.lembach.fr\/ecole\/notre-village\/histoire\/\">Continuer la lecture <span class=\"meta-nav\">&rarr;<\/span><\/a><\/p>\n","protected":false},"author":1,"featured_media":0,"parent":20,"menu_order":3,"comment_status":"closed","ping_status":"closed","template":"","meta":{"footnotes":""},"class_list":["post-118","page","type-page","status-publish","hentry"],"_links":{"self":[{"href":"https:\/\/www.lembach.fr\/ecole\/wp-json\/wp\/v2\/pages\/118","targetHints":{"allow":["GET"]}}],"collection":[{"href":"https:\/\/www.lembach.fr\/ecole\/wp-json\/wp\/v2\/pages"}],"about":[{"href":"https:\/\/www.lembach.fr\/ecole\/wp-json\/wp\/v2\/types\/page"}],"author":[{"embeddable":true,"href":"https:\/\/www.lembach.fr\/ecole\/wp-json\/wp\/v2\/users\/1"}],"replies":[{"embeddable":true,"href":"https:\/\/www.lembach.fr\/ecole\/wp-json\/wp\/v2\/comments?post=118"}],"version-history":[{"count":0,"href":"https:\/\/www.lembach.fr\/ecole\/wp-json\/wp\/v2\/pages\/118\/revisions"}],"up":[{"embeddable":true,"href":"https:\/\/www.lembach.fr\/ecole\/wp-json\/wp\/v2\/pages\/20"}],"wp:attachment":[{"href":"https:\/\/www.lembach.fr\/ecole\/wp-json\/wp\/v2\/media?parent=118"}],"curies":[{"name":"wp","href":"https:\/\/api.w.org\/{rel}","templated":true}]}}