{"id":11,"date":"2021-08-30T17:04:34","date_gmt":"2021-08-30T15:04:34","guid":{"rendered":"http:\/\/www.lembach.fr\/ecole\/?page_id=11"},"modified":"2023-10-04T09:20:39","modified_gmt":"2023-10-04T07:20:39","slug":"mentions-legales","status":"publish","type":"page","link":"https:\/\/www.lembach.fr\/ecole\/mentions-legales\/","title":{"rendered":"Mentions l\u00e9gales"},"content":{"rendered":"<p><strong><span style=\"text-decoration: underline;\">Directeur de publication <\/span><\/strong>:<\/p>\n<p style=\"text-align: center;\">Mme KINDELBERGER Anouck<br \/>\nDirectrice de l&rsquo;\u00e9cole Henri MERTZ<br \/>\n10, rue des \u00e9coles<br \/>\n67510 LEMBACH<br \/>\nT\u00e9l : +33 (0)3 88 94 21 57<\/p>\n<p style=\"text-align: center;\">0672028r@ac-strasbourg.fr<\/p>\n<p><strong><span style=\"text-decoration: underline;\">Raison sociale<\/span><\/strong> :<\/p>\n<p>Site de l&rsquo;\u00e9cole primaire de Lembach<br \/>\nVous y trouverez la pr\u00e9sentation du village, de l&rsquo;\u00e9cole ainsi que des informations relatives \u00e0 la vie de l&rsquo;\u00e9cole.<\/p>\n<p><strong><span style=\"text-decoration: underline;\">H\u00e9bergement<\/span><\/strong> :<\/p>\n<p style=\"text-align: center;\">OVH<br \/>\nSAS au capital de 10 000 000 \u20ac<br \/>\nRCS Roubaix \u2013 Tourcoing 424 761 419 00045<br \/>\nCode APE 6202A<br \/>\nN\u00b0 TVA : FR 22 424 761 419<br \/>\nSi\u00e8ge social : 2 rue Kellermann &#8211; 59100 Roubaix &#8211; France.<\/p>\n<p style=\"text-align: justify;\"><strong><span style=\"text-decoration: underline;\">Respect des lois en vigueur<\/span><\/strong> :<\/p>\n<p style=\"text-align: justify;\">Le site respecte la vie priv\u00e9e de l&rsquo;internaute et se conforme strictement aux lois en vigueur sur la protection de la vie priv\u00e9e et des libert\u00e9s individuelles. Aucune information personnelle n&rsquo;est collect\u00e9e \u00e0 votre insu. Aucune information personnelle n&rsquo;est c\u00e9d\u00e9e \u00e0 des tiers.<\/p>\n<p style=\"text-align: justify;\"><strong><span style=\"text-decoration: underline;\">Droit des internautes, droit d&rsquo;acc\u00e8s et de rectification<\/span><\/strong> :<\/p>\n<p style=\"text-align: justify;\">Conform\u00e9ment aux dispositions de la loi n\u00b078-17 du 6 janvier 1978 relative \u00e0 l&rsquo;informatique, aux fichiers et aux libert\u00e9s, les internautes disposent d&rsquo;un droit d&rsquo;acc\u00e8s, de modification, de rectification et de suppression des donn\u00e9es qui les concernent. Ce droit s&rsquo;exerce par voie postale, en justifiant de son identit\u00e9, \u00e0 l&rsquo;adresse de l&rsquo;\u00e9cole indiqu\u00e9e ci-dessus.<\/p>\n<p style=\"text-align: justify;\"><strong><span style=\"text-decoration: underline;\">Cr\u00e9ation de liens vers le site\u00a0<\/span><\/strong> :<\/p>\n<p style=\"text-align: justify;\">Le site autorise, sans autorisation pr\u00e9alable, la mise en place de liens hypertextes pointant vers ses pages, sous r\u00e9serve de :<br \/>\n&#8211; ne pas utiliser la technique du lien profond, c&rsquo;est-\u00e0-dire que les pages du site ne doivent pas \u00eatre imbriqu\u00e9es \u00e0 l&rsquo;int\u00e9rieur des pages d&rsquo;un autre site, mais visibles par l&rsquo;ouverture d&rsquo;une fen\u00eatre ind\u00e9pendante.<br \/>\n&#8211; mentionner la source qui pointera gr\u00e2ce \u00e0 un lien hypertexte directement sur le contenu vis\u00e9.<\/p>\n<p style=\"text-align: justify;\">Les sites qui font le choix de pointer vers ce site engagent leur responsabilit\u00e9 d\u00e8s lors qu&rsquo;ils porteraient atteinte \u00e0 l&rsquo;image du site public.<\/p>\n","protected":false},"excerpt":{"rendered":"<p>Directeur de publication : Mme KINDELBERGER Anouck Directrice de l&rsquo;\u00e9cole Henri MERTZ 10, rue des \u00e9coles 67510 LEMBACH T\u00e9l : +33 (0)3 88 94 21 57 0672028r@ac-strasbourg.fr Raison sociale : Site de l&rsquo;\u00e9cole primaire de Lembach Vous y trouverez la &hellip; <a href=\"https:\/\/www.lembach.fr\/ecole\/mentions-legales\/\">Continuer la lecture <span class=\"meta-nav\">&rarr;<\/span><\/a><\/p>\n","protected":false},"author":1,"featured_media":0,"parent":0,"menu_order":0,"comment_status":"closed","ping_status":"closed","template":"onecolumn-page.php","meta":{"footnotes":""},"class_list":["post-11","page","type-page","status-publish","hentry"],"_links":{"self":[{"href":"https:\/\/www.lembach.fr\/ecole\/wp-json\/wp\/v2\/pages\/11","targetHints":{"allow":["GET"]}}],"collection":[{"href":"https:\/\/www.lembach.fr\/ecole\/wp-json\/wp\/v2\/pages"}],"about":[{"href":"https:\/\/www.lembach.fr\/ecole\/wp-json\/wp\/v2\/types\/page"}],"author":[{"embeddable":true,"href":"https:\/\/www.lembach.fr\/ecole\/wp-json\/wp\/v2\/users\/1"}],"replies":[{"embeddable":true,"href":"https:\/\/www.lembach.fr\/ecole\/wp-json\/wp\/v2\/comments?post=11"}],"version-history":[{"count":3,"href":"https:\/\/www.lembach.fr\/ecole\/wp-json\/wp\/v2\/pages\/11\/revisions"}],"predecessor-version":[{"id":4856,"href":"https:\/\/www.lembach.fr\/ecole\/wp-json\/wp\/v2\/pages\/11\/revisions\/4856"}],"wp:attachment":[{"href":"https:\/\/www.lembach.fr\/ecole\/wp-json\/wp\/v2\/media?parent=11"}],"curies":[{"name":"wp","href":"https:\/\/api.w.org\/{rel}","templated":true}]}}