{"id":105,"date":"2013-02-18T21:53:35","date_gmt":"2013-02-18T20:53:35","guid":{"rendered":"http:\/\/www.lembach.fr\/ecole\/?page_id=105"},"modified":"2013-02-24T09:30:16","modified_gmt":"2013-02-24T08:30:16","slug":"petite-visite","status":"publish","type":"page","link":"https:\/\/www.lembach.fr\/ecole\/notre-village\/petite-visite\/","title":{"rendered":"Petite visite"},"content":{"rendered":"<p style=\"text-align: justify;\">La mairie, \u00e9rig\u00e9e en 1957 se dresse sur l&#8217;emplacement de l&rsquo;ancienne mairie construite en 1845 et d\u00e9truite en 1940 lorsque les autorit\u00e9s militaires fran\u00e7aises d\u00e9cid\u00e8rent de faire sauter la place du village.<\/p>\n<p style=\"text-align: justify;\"><img loading=\"lazy\" decoding=\"async\" class=\"size-full wp-image-112 aligncenter\" alt=\"mairie\" src=\"http:\/\/www.lembach.fr\/ecole\/wp-content\/uploads\/2013\/02\/mairie.jpg\" width=\"300\" height=\"214\" \/><br \/>\nLe b\u00e2timent est construit en partie avec du mat\u00e9riau traditionnel (gr\u00e8s des Vosges). Le bas-relief, c\u00f4t\u00e9 Est, est l\u2019\u0153uvre du sculpteur Hetzel. Il repr\u00e9sente un b\u00fbcheron symbolisant la vocation foresti\u00e8re de la commune. Le monument aux morts, plac\u00e9 devant le b\u00e2timent, est l\u2019\u0153uvre du m\u00eame sculpteur.<\/p>\n<p><img loading=\"lazy\" decoding=\"async\" class=\"size-full wp-image-554 aligncenter\" alt=\"bucheron\" src=\"http:\/\/www.lembach.fr\/ecole\/wp-content\/uploads\/2013\/02\/bucheron.jpg\" width=\"220\" height=\"288\" \/>Une rue m\u00e8ne au Flecken, le quartier le plus ancien de Lembach. Au fond \u00e0 droite, on acc\u00e8de \u00e0 la place de l&rsquo;ancienne \u00e9cole du Flecken et de l&rsquo;\u00e9glise protestante.<\/p>\n<p style=\"text-align: justify;\"><img loading=\"lazy\" decoding=\"async\" class=\"size-full wp-image-107 aligncenter\" alt=\"ruemattstall\" src=\"http:\/\/www.lembach.fr\/ecole\/wp-content\/uploads\/2013\/02\/ruemattstall.jpg\" width=\"300\" height=\"215\" \/><br \/>\nLe Flecken avec ses ruelles \u00e9troites constitue sans doute le quartier le plus ancien de Lembach. Les maisons y sont souvent petites mais avec beaucoup de charme. Elles sont accol\u00e9es les unes aux autres et on y entre soit de plain-pied (absence de cave) soit par un escalier qui m\u00e8ne directement au 1er \u00e9tage. Il faut souligner l&rsquo;absence de jardins pour les maisons du centre du Flecken. Ces demeures datent pour la plupart du 18\u00e8me si\u00e8cle.<\/p>\n<p style=\"text-align: justify;\"><img loading=\"lazy\" decoding=\"async\" class=\"size-full wp-image-106 aligncenter\" alt=\"rueflecken\" src=\"http:\/\/www.lembach.fr\/ecole\/wp-content\/uploads\/2013\/02\/rueflecken.jpg\" width=\"375\" height=\"237\" srcset=\"https:\/\/www.lembach.fr\/ecole\/wp-content\/uploads\/2013\/02\/rueflecken.jpg 375w, https:\/\/www.lembach.fr\/ecole\/wp-content\/uploads\/2013\/02\/rueflecken-300x189.jpg 300w\" sizes=\"auto, (max-width: 375px) 100vw, 375px\" \/>Ci-dessous une belle maison du 18\u00e8me si\u00e8cle. Elle poss\u00e8de notamment une porte vo\u00fbt\u00e9e menant \u00e0 la cave et un colombage au premier \u00e9tage. A droite, le b\u00e2timent de l&rsquo;ancienne \u00e9cole qui a \u00e9t\u00e9 ras\u00e9 depuis quelques ann\u00e9es.<\/p>\n<p style=\"text-align: justify;\"><img loading=\"lazy\" decoding=\"async\" class=\"size-full wp-image-113 aligncenter\" alt=\"poste\" src=\"http:\/\/www.lembach.fr\/ecole\/wp-content\/uploads\/2013\/02\/poste.jpg\" width=\"300\" height=\"214\" \/>Le b\u00e2timent du restaurant de \u00ab\u00a0L&rsquo;Arbre Vert\u00a0\u00bb comporte une partie ancienne datant de 1722. Des d\u00e9pendances furent ajout\u00e9es en 1783, puis en 1833.<\/p>\n<p style=\"text-align: justify;\"><img loading=\"lazy\" decoding=\"async\" class=\"size-full wp-image-109 aligncenter\" alt=\"arbrevert\" src=\"http:\/\/www.lembach.fr\/ecole\/wp-content\/uploads\/2013\/02\/arbrevert.jpg\" width=\"300\" height=\"208\" \/><br \/>\nDeux fontaines reli\u00e9es \u00e0 la source du Nagelsbrunnen (vers Wingen) donnent un charme certain \u00e0 l&rsquo;ensemble.<\/p>\n<p style=\"text-align: justify;\">Par sa taille et son architecture, l&rsquo;auberge du Cheval Blanc est un des b\u00e2timents remarquables du village. Il existait d\u00e9j\u00e0 au 18\u00e8me si\u00e8cle et fonctionnait comme relais postal sur la route royale reliant Bitche \u00e0 Wissembourg.<\/p>\n<p style=\"text-align: justify;\"><img loading=\"lazy\" decoding=\"async\" class=\"size-full wp-image-110 aligncenter\" alt=\"chevalblanc\" src=\"http:\/\/www.lembach.fr\/ecole\/wp-content\/uploads\/2013\/02\/chevalblanc.jpg\" width=\"320\" height=\"175\" srcset=\"https:\/\/www.lembach.fr\/ecole\/wp-content\/uploads\/2013\/02\/chevalblanc.jpg 320w, https:\/\/www.lembach.fr\/ecole\/wp-content\/uploads\/2013\/02\/chevalblanc-300x164.jpg 300w\" sizes=\"auto, (max-width: 320px) 100vw, 320px\" \/>Une des maisons du village, dat\u00e9e de 1722, \u00e9tait habit\u00e9e \u00e0 la fin du si\u00e8cle dernier par Jacques Schweickart n\u00e9 en 1875 qui \u00e9migra \u00e0 17 ans aux Etats-Unis. Son petit-fils, Russel Schweickart, fit\u00a0 partie de l&rsquo;\u00e9quipage d&rsquo;Apollo IX qui exp\u00e9rimenta le module lunaire.<\/p>\n<p style=\"text-align: center;\"><img loading=\"lazy\" decoding=\"async\" class=\"size-full wp-image-108 aligncenter\" alt=\"apollo9\" src=\"http:\/\/www.lembach.fr\/ecole\/wp-content\/uploads\/2013\/02\/apollo9.jpg\" width=\"200\" height=\"152\" \/><span style=\"font-size: x-small;\">J.McDivitt &#8211; D.Scott &#8211; R.Schweickart<\/span><\/p>\n<p style=\"text-align: justify;\">Russel Schweickart, citoyen d&rsquo;honneur, se rendit \u00e0 Lembach le 3 juin 1969 sur la trace de ses a\u00efeux.<\/p>\n","protected":false},"excerpt":{"rendered":"<p>La mairie, \u00e9rig\u00e9e en 1957 se dresse sur l&#8217;emplacement de l&rsquo;ancienne mairie construite en 1845 et d\u00e9truite en 1940 lorsque les autorit\u00e9s militaires fran\u00e7aises d\u00e9cid\u00e8rent de faire sauter la place du village. Le b\u00e2timent est construit en partie avec du &hellip; <a href=\"https:\/\/www.lembach.fr\/ecole\/notre-village\/petite-visite\/\">Continuer la lecture <span class=\"meta-nav\">&rarr;<\/span><\/a><\/p>\n","protected":false},"author":1,"featured_media":0,"parent":20,"menu_order":2,"comment_status":"closed","ping_status":"closed","template":"","meta":{"footnotes":""},"class_list":["post-105","page","type-page","status-publish","hentry"],"_links":{"self":[{"href":"https:\/\/www.lembach.fr\/ecole\/wp-json\/wp\/v2\/pages\/105","targetHints":{"allow":["GET"]}}],"collection":[{"href":"https:\/\/www.lembach.fr\/ecole\/wp-json\/wp\/v2\/pages"}],"about":[{"href":"https:\/\/www.lembach.fr\/ecole\/wp-json\/wp\/v2\/types\/page"}],"author":[{"embeddable":true,"href":"https:\/\/www.lembach.fr\/ecole\/wp-json\/wp\/v2\/users\/1"}],"replies":[{"embeddable":true,"href":"https:\/\/www.lembach.fr\/ecole\/wp-json\/wp\/v2\/comments?post=105"}],"version-history":[{"count":0,"href":"https:\/\/www.lembach.fr\/ecole\/wp-json\/wp\/v2\/pages\/105\/revisions"}],"up":[{"embeddable":true,"href":"https:\/\/www.lembach.fr\/ecole\/wp-json\/wp\/v2\/pages\/20"}],"wp:attachment":[{"href":"https:\/\/www.lembach.fr\/ecole\/wp-json\/wp\/v2\/media?parent=105"}],"curies":[{"name":"wp","href":"https:\/\/api.w.org\/{rel}","templated":true}]}}